{"id":3555,"date":"2025-04-24T09:06:06","date_gmt":"2025-04-24T09:06:06","guid":{"rendered":"https:\/\/hanheng.easiwin.com\/product\/plastic-vaginal-speculum-dilatation-of-the-vaginal-canal-and-the-exposition-of-the-uterine-neck-gynecological-examination-3\/"},"modified":"2025-04-24T09:06:06","modified_gmt":"2025-04-24T09:06:06","slug":"plastic-vaginal-speculum-dilatation-of-the-vaginal-canal-and-the-exposition-of-the-uterine-neck-gynecological-examination-3","status":"publish","type":"product","link":"https:\/\/hanheng-medical.com\/pt\/product\/plastic-vaginal-speculum-dilatation-of-the-vaginal-canal-and-the-exposition-of-the-uterine-neck-gynecological-examination-3\/","title":{"rendered":"Esp\u00e9culo vaginal de pl\u00e1stico\/Dilata\u00e7\u00e3o do canal vaginal e exposi\u00e7\u00e3o do colo uterino\/Exame ginecol\u00f3gico"},"content":{"rendered":"<h2>Principais caracter\u00edsticas<\/h2>\n<ol>\n<li>Material Pl\u00e1stico Descart\u00e1vel: Feito de pl\u00e1stico transparente de grau m\u00e9dico, tornando-o leve, econ\u00f4mico e descart\u00e1vel para reduzir o risco de contamina\u00e7\u00e3o cruzada.<\/li>\n<li>Transpar\u00eancia Clara: O material transparente permite melhor visibilidade das paredes vaginais e do colo do \u00fatero durante o exame ou procedimentos.<\/li>\n<li>Design de Duas L\u00e2minas: Possui duas l\u00e2minas articuladas que s\u00e3o inseridas fechadas e, em seguida, abertas suavemente para separar as paredes vaginais.<\/li>\n<li>Parafuso Ajust\u00e1vel ou Mecanismo de Travamento: A maioria dos modelos inclui uma catraca ou trava de parafuso para manter as l\u00e2minas abertas na largura desejada, liberando as m\u00e3os do m\u00e9dico.<\/li>\n<li>Varia\u00e7\u00f5es de Tamanho: Dispon\u00edvel em v\u00e1rios tamanhos para atender a diferentes necessidades anat\u00f4micas ou prop\u00f3sitos de exame.<\/li>\n<li>Bordas Lisas: Projetado para minimizar o desconforto do paciente durante a inser\u00e7\u00e3o e remo\u00e7\u00e3o.<\/li>\n<li>Esterilidade de Uso \u00danico: Cada um \u00e9 embalado individualmente e pr\u00e9-esterilizado para uso \u00fanico, eliminando a necessidade de esteriliza\u00e7\u00e3o entre os pacientes.<\/li>\n<\/ol>\n<table>\n<tbody>\n<tr>\n<td >\n<p>Nome do produto<\/p>\n<\/td>\n<td >\n<p>Esp\u00e9culo vaginal descart\u00e1vel<\/p>\n<p>(Tipo Espanhol)<\/p>\n<\/td>\n<\/tr>\n<tr>\n<td >\n<p>N\u00famero do item<\/p>\n<\/td>\n<td >\n<p>L\/M\/S<\/p>\n<\/td>\n<\/tr>\n<tr>\n<td >\n<p>A demanda por escovas de citologia precisas, seguras e est\u00e9reis continua a crescer com a expans\u00e3o dos testes de diagn\u00f3stico em ginecologia, oncologia e medicina respirat\u00f3ria. Para laborat\u00f3rios de patologia, selecionar o fornecedor ou fabricante certo \u00e9 um investimento estrat\u00e9gico nos resultados dos pacientes e na efici\u00eancia operacional.<\/p>\n<\/td>\n<td >\n<p>PS (Poliestireno)<\/p>\n<\/td>\n<\/tr>\n<tr>\n<td >\n<p>Certifica\u00e7\u00e3o<\/p>\n<\/td>\n<td >\n<p>CE, FDA, ISO13485<\/p>\n<\/td>\n<\/tr>\n<tr>\n<td >\n<p>Esteriliza\u00e7\u00e3o<\/p>\n<\/td>\n<td >\n<p>EOS<\/p>\n<\/td>\n<\/tr>\n<tr>\n<td >\n<p>Tempo de Vida \u00datil<\/p>\n<\/td>\n<td >\n<p>5 anos<\/p>\n<\/td>\n<\/tr>\n<tr>\n<td >\n<p>C\u00f3digo HS<\/p>\n<\/td>\n<td >\n<p>901890<\/p>\n<\/td>\n<\/tr>\n<\/tbody>\n<\/table>","protected":false},"featured_media":3539,"parent":0,"template":"","meta":{"_acf_changed":false,"_gspb_post_css":"","_kad_blocks_custom_css":"","_kad_blocks_head_custom_js":"","_kad_blocks_body_custom_js":"","_kad_blocks_footer_custom_js":"","_kad_post_transparent":"","_kad_post_title":"","_kad_post_layout":"","_kad_post_sidebar_id":"","_kad_post_content_style":"","_kad_post_vertical_padding":"","_kad_post_feature":"","_kad_post_feature_position":"","_kad_post_header":false,"_kad_post_footer":false,"_kad_post_classname":""},"product-category":[111],"product-tag":[112,113],"products-by-department":[33],"class_list":["post-3555","product","type-product","status-publish","has-post-thumbnail","hentry","product-category-disposable-vaginal-speculum","product-tag-disposable","product-tag-smooth-plastic-surface-for-patient-comfort","products-by-department-gynecology"],"acf":[],"taxonomy_info":{"product-category":[{"value":111,"label":"Disposable Vaginal Speculum"}],"product-tag":[{"value":112,"label":"Disposable"},{"value":113,"label":"Smooth Plastic Surface for Patient Comfort"}],"products-by-department":[{"value":33,"label":"Gynecology"}]},"featured_image_src_large":["https:\/\/hanheng-medical.com\/wp-content\/uploads\/2025\/04\/Plastic-Vaginal-SpeculumDilatation-of-the-vaginal-canal-and-the-exposition-of-the-uterine-neckGynecological-Examination-Spanish-Type-S-1.jpg",800,800,false],"author_info":[],"comment_info":"","_links":{"self":[{"href":"https:\/\/hanheng-medical.com\/pt\/wp-json\/wp\/v2\/product\/3555","targetHints":{"allow":["GET"]}}],"collection":[{"href":"https:\/\/hanheng-medical.com\/pt\/wp-json\/wp\/v2\/product"}],"about":[{"href":"https:\/\/hanheng-medical.com\/pt\/wp-json\/wp\/v2\/types\/product"}],"wp:featuredmedia":[{"embeddable":true,"href":"https:\/\/hanheng-medical.com\/pt\/wp-json\/wp\/v2\/media\/3539"}],"wp:attachment":[{"href":"https:\/\/hanheng-medical.com\/pt\/wp-json\/wp\/v2\/media?parent=3555"}],"wp:term":[{"taxonomy":"product-category","embeddable":true,"href":"https:\/\/hanheng-medical.com\/pt\/wp-json\/wp\/v2\/product-category?post=3555"},{"taxonomy":"product-tag","embeddable":true,"href":"https:\/\/hanheng-medical.com\/pt\/wp-json\/wp\/v2\/product-tag?post=3555"},{"taxonomy":"products-by-department","embeddable":true,"href":"https:\/\/hanheng-medical.com\/pt\/wp-json\/wp\/v2\/products-by-department?post=3555"}],"curies":[{"name":"wp","href":"https:\/\/api.w.org\/{rel}","templated":true}]}}