{"id":3482,"date":"2025-04-22T08:30:06","date_gmt":"2025-04-22T08:30:06","guid":{"rendered":"https:\/\/hanheng.easiwin.com\/product\/disposable-sampling-box-specimen-transport-medium-along-with-cytobrush-hpv-screening\/"},"modified":"2025-05-09T07:41:51","modified_gmt":"2025-05-09T07:41:51","slug":"disposable-sampling-box-specimen-transport-medium-along-with-cytobrush-hpv-screening","status":"publish","type":"product","link":"https:\/\/hanheng-medical.com\/pt\/product\/disposable-sampling-box-specimen-transport-medium-along-with-cytobrush-hpv-screening\/","title":{"rendered":"Caixa de Amostragem Descart\u00e1vel\/Meio de Transporte de Amostras junto com Citobrush\/Triagem de HPV"},"content":{"rendered":"<h2>Itens Inclu\u00eddos<\/h2>\n<ol>\n<li>Escova de Amostragem Descart\u00e1vel (Escova de Citologia) 8110B60<\/li>\n<li>Meio de Transporte de Amostra de HPV (HPV-2mL ou HPV-3mL)<\/li>\n<\/ol>\n<h2>Principais caracter\u00edsticas<\/h2>\n<p>Embalagem blister r\u00edgida individual e de uso \u00fanico para m\u00e1xima higiene e seguran\u00e7a do paciente.<\/p>\n<h2>Como Usar<\/h2>\n<ol>\n<li>A escova macia em espiral \u00e9 inserida suavemente no canal cervical.<\/li>\n<li>Girada (geralmente 360\u00b0) para coletar c\u00e9lulas esfoliadas do revestimento cervical. As cerdas s\u00e3o projetadas para coletar material celular adequado com o m\u00ednimo de desconforto e sem trauma.<\/li>\n<li>Ap\u00f3s a coleta da amostra com a citobroxa, a citobroxa ser\u00e1 quebrada no frasco no ponto de ruptura. O frasco cont\u00e9m meio de transporte de amostras para evitar a degrada\u00e7\u00e3o do DNA\/RNA viral durante o transporte e armazenamento.<\/li>\n<li>O frasco \u00e9 selado e rotulado, depois enviado ao laborat\u00f3rio para processamento.<\/li>\n<\/ol>","protected":false},"featured_media":3425,"parent":0,"template":"","meta":{"_acf_changed":true,"_gspb_post_css":"","_kad_blocks_custom_css":"","_kad_blocks_head_custom_js":"","_kad_blocks_body_custom_js":"","_kad_blocks_footer_custom_js":"","_kad_post_transparent":"","_kad_post_title":"","_kad_post_layout":"","_kad_post_sidebar_id":"","_kad_post_content_style":"","_kad_post_vertical_padding":"","_kad_post_feature":"","_kad_post_feature_position":"","_kad_post_header":false,"_kad_post_footer":false,"_kad_post_classname":""},"product-category":[108],"product-tag":[84,107],"products-by-department":[33],"class_list":["post-3482","product","type-product","status-publish","has-post-thumbnail","hentry","product-category-disposable-sampling-box","product-tag-hpv-sampling","product-tag-potentially-lead-to-cervical-intraepithelial-neoplasia-or-cervical-cancer","products-by-department-gynecology"],"acf":[],"taxonomy_info":{"product-category":[{"value":108,"label":"Disposable Sampling Box"}],"product-tag":[{"value":84,"label":"HPV sampling"},{"value":107,"label":"Potentially lead to cervical intraepithelial neoplasia or cervical cancer"}],"products-by-department":[{"value":33,"label":"Gynecology"}]},"featured_image_src_large":["https:\/\/hanheng-medical.com\/wp-content\/uploads\/2025\/04\/Disposable-Sampling-BoxSpecimen-Transport-Medium-along-with-Cytobrush-HPV-Screening-1.jpg",800,800,false],"author_info":[],"comment_info":"","_links":{"self":[{"href":"https:\/\/hanheng-medical.com\/pt\/wp-json\/wp\/v2\/product\/3482","targetHints":{"allow":["GET"]}}],"collection":[{"href":"https:\/\/hanheng-medical.com\/pt\/wp-json\/wp\/v2\/product"}],"about":[{"href":"https:\/\/hanheng-medical.com\/pt\/wp-json\/wp\/v2\/types\/product"}],"wp:featuredmedia":[{"embeddable":true,"href":"https:\/\/hanheng-medical.com\/pt\/wp-json\/wp\/v2\/media\/3425"}],"wp:attachment":[{"href":"https:\/\/hanheng-medical.com\/pt\/wp-json\/wp\/v2\/media?parent=3482"}],"wp:term":[{"taxonomy":"product-category","embeddable":true,"href":"https:\/\/hanheng-medical.com\/pt\/wp-json\/wp\/v2\/product-category?post=3482"},{"taxonomy":"product-tag","embeddable":true,"href":"https:\/\/hanheng-medical.com\/pt\/wp-json\/wp\/v2\/product-tag?post=3482"},{"taxonomy":"products-by-department","embeddable":true,"href":"https:\/\/hanheng-medical.com\/pt\/wp-json\/wp\/v2\/products-by-department?post=3482"}],"curies":[{"name":"wp","href":"https:\/\/api.w.org\/{rel}","templated":true}]}}