{"id":3481,"date":"2025-04-22T08:30:04","date_gmt":"2025-04-22T08:30:04","guid":{"rendered":"https:\/\/hanheng.easiwin.com\/product\/hpv-self-sampling-kit-hpv-self-collection-kit-various-materials-of-sampling-tip-pu-sponge-flocking-floss-nylon-floss\/"},"modified":"2025-04-22T08:30:04","modified_gmt":"2025-04-22T08:30:04","slug":"hpv-self-sampling-kit-hpv-self-collection-kit-various-materials-of-sampling-tip-pu-sponge-flocking-floss-nylon-floss","status":"publish","type":"product","link":"https:\/\/hanheng-medical.com\/pt\/product\/hpv-self-sampling-kit-hpv-self-collection-kit-various-materials-of-sampling-tip-pu-sponge-flocking-floss-nylon-floss\/","title":{"rendered":"Kit de autoamostragem de HPV\/Kit de recolha de HPV\/V\u00e1rios materiais da ponta de amostragem (esponja de PU\/fios flocados\/fios de nylon)"},"content":{"rendered":"<h2>Principais caracter\u00edsticas<\/h2>\n<ol>\n<li>Dispositivo de autoamostragem: Inclui um cotonete floculado macio, uma escova de nylon ou um dispositivo de amostragem com ponta de espuma concebido para ser inserido com seguran\u00e7a na vagina para recolher c\u00e9lulas do colo do \u00fatero ou das paredes vaginais.<\/li>\n<li>Design f\u00e1cil de usar: Ergonomicamente moldado e f\u00e1cil de usar com o m\u00ednimo de desconforto, mesmo para pessoas sem forma\u00e7\u00e3o m\u00e9dica.<\/li>\n<li>Instru\u00e7\u00f5es claras: Vem com guias passo a passo, muitas vezes com imagens ou c\u00f3digos QR que ligam a instru\u00e7\u00f5es em v\u00eddeo para garantir a recolha adequada da amostra.<\/li>\n<li>Tubo de transporte de amostras: Inclui um frasco ou tubo est\u00e9ril com meio de transporte de amostras para preservar a amostra.<\/li>\n<li>Embalagem segura: Embalagem selada e inviol\u00e1vel para higiene e para manter a esterilidade.<\/li>\n<li>Privacidade e conveni\u00eancia: Permite a recolha discreta de amostras em casa ou em ambientes privados, melhorando o acesso para aqueles que podem evitar testes em cl\u00ednicas.<\/li>\n<li>Compatibilidade laboratorial: Concebido para utiliza\u00e7\u00e3o com m\u00e9todos de teste de ADN de HPV validados, incluindo PCR e outros ensaios moleculares.<\/li>\n<li>Alta sensibilidade: Quando utilizado corretamente, oferece sensibilidade e precis\u00e3o compar\u00e1veis \u00e0s amostras recolhidas por cl\u00ednicos para tipos de HPV de alto risco.<\/li>\n<\/ol>","protected":false},"featured_media":3437,"parent":0,"template":"","meta":{"_acf_changed":false,"_gspb_post_css":"","_kad_blocks_custom_css":"","_kad_blocks_head_custom_js":"","_kad_blocks_body_custom_js":"","_kad_blocks_footer_custom_js":"","_kad_post_transparent":"","_kad_post_title":"","_kad_post_layout":"","_kad_post_sidebar_id":"","_kad_post_content_style":"","_kad_post_vertical_padding":"","_kad_post_feature":"","_kad_post_feature_position":"","_kad_post_header":false,"_kad_post_footer":false,"_kad_post_classname":""},"product-category":[105],"product-tag":[107,106],"products-by-department":[33],"class_list":["post-3481","product","type-product","status-publish","has-post-thumbnail","hentry","product-category-hpv-self-sampling-kit","product-tag-potentially-lead-to-cervical-intraepithelial-neoplasia-or-cervical-cancer","product-tag-sampling-at-the-comfort-of-your-home","products-by-department-gynecology"],"acf":[],"taxonomy_info":{"product-category":[{"value":105,"label":"HPV Self Sampling Kit"}],"product-tag":[{"value":107,"label":"Potentially lead to cervical intraepithelial neoplasia or cervical cancer"},{"value":106,"label":"Sampling at the comfort of your home"}],"products-by-department":[{"value":33,"label":"Gynecology"}]},"featured_image_src_large":["https:\/\/hanheng-medical.com\/wp-content\/uploads\/2025\/04\/HPV-Self-Sampling-KitHPV-Self-Collection-KitVarious-Materials-of-Sampling-Tip-PU-SpongeFlocking-FlossNylon-Floss-3.jpg",800,800,false],"author_info":[],"comment_info":"","_links":{"self":[{"href":"https:\/\/hanheng-medical.com\/pt\/wp-json\/wp\/v2\/product\/3481","targetHints":{"allow":["GET"]}}],"collection":[{"href":"https:\/\/hanheng-medical.com\/pt\/wp-json\/wp\/v2\/product"}],"about":[{"href":"https:\/\/hanheng-medical.com\/pt\/wp-json\/wp\/v2\/types\/product"}],"wp:featuredmedia":[{"embeddable":true,"href":"https:\/\/hanheng-medical.com\/pt\/wp-json\/wp\/v2\/media\/3437"}],"wp:attachment":[{"href":"https:\/\/hanheng-medical.com\/pt\/wp-json\/wp\/v2\/media?parent=3481"}],"wp:term":[{"taxonomy":"product-category","embeddable":true,"href":"https:\/\/hanheng-medical.com\/pt\/wp-json\/wp\/v2\/product-category?post=3481"},{"taxonomy":"product-tag","embeddable":true,"href":"https:\/\/hanheng-medical.com\/pt\/wp-json\/wp\/v2\/product-tag?post=3481"},{"taxonomy":"products-by-department","embeddable":true,"href":"https:\/\/hanheng-medical.com\/pt\/wp-json\/wp\/v2\/products-by-department?post=3481"}],"curies":[{"name":"wp","href":"https:\/\/api.w.org\/{rel}","templated":true}]}}