{"id":3480,"date":"2025-04-22T08:30:04","date_gmt":"2025-04-22T08:30:04","guid":{"rendered":"https:\/\/hanheng.easiwin.com\/product\/specimen-transport-medium-preserve-the-morphology-of-the-cells-or-prevent-the-degradation-of-viral-dna-rnaduring-transportation-lbc-hpv-screening-2\/"},"modified":"2025-05-09T07:50:30","modified_gmt":"2025-05-09T07:50:30","slug":"specimen-transport-medium-preserve-the-morphology-of-the-cells-or-prevent-the-degradation-of-viral-dna-rnaduring-transportation-lbc-hpv-screening-2","status":"publish","type":"product","link":"https:\/\/hanheng-medical.com\/pt\/product\/specimen-transport-medium-preserve-the-morphology-of-the-cells-or-prevent-the-degradation-of-viral-dna-rnaduring-transportation-lbc-hpv-screening-2\/","title":{"rendered":"Meio de transporte de amostras\/preservar a morfologia das c\u00e9lulas ou prevenir a degrada\u00e7\u00e3o do ADN\/ARN viral, durante o transporte\/LBC\/Rastreio de HPV"},"content":{"rendered":"<h2>Estrutura do produto<\/h2>\n<p>O Meio de Transporte de Amostras (STM) \u00e9 composto por solu\u00e7\u00e3o conservante e tubo de transporte. O STM \u00e9 dividido em tipo HPV e tipo TCT de acordo com diferentes m\u00e9todos de dete\u00e7\u00e3o de amostras, e dividido em especifica\u00e7\u00f5es de 2mL, 3mL, 5mL, 8mL, 10mL, 12mL, 15mL e 20mL de acordo com a quantidade da solu\u00e7\u00e3o conservante.<\/p>\n<h2>Principais caracter\u00edsticas<\/h2>\n<ul>\n<li>Preserva\u00e7\u00e3o da Viabilidade: Mant\u00e9m a viabilidade de microrganismos (bact\u00e9rias, v\u00edrus, fungos) ou componentes celulares durante o transporte e armazenamento.<\/li>\n<li>Sistema tamp\u00e3o: Muitas vezes cont\u00e9m uma solu\u00e7\u00e3o tamponada para manter um pH est\u00e1vel e evitar a degrada\u00e7\u00e3o da amostra.<\/li>\n<li>Meios n\u00e3o nutritivos: impedem o crescimento excessivo, preservando as part\u00edculas virais.<\/li>\n<li>Estabilidade da temperatura: Muitas vezes pode manter a estabilidade da amostra durante v\u00e1rias horas a dias \u00e0 temperatura ambiente, refrigerada ou congelada, dependendo do tipo.<\/li>\n<\/ul>","protected":false},"featured_media":3415,"parent":0,"template":"","meta":{"_acf_changed":true,"_gspb_post_css":"","_kad_blocks_custom_css":"","_kad_blocks_head_custom_js":"","_kad_blocks_body_custom_js":"","_kad_blocks_footer_custom_js":"","_kad_post_transparent":"","_kad_post_title":"","_kad_post_layout":"","_kad_post_sidebar_id":"","_kad_post_content_style":"","_kad_post_vertical_padding":"","_kad_post_feature":"","_kad_post_feature_position":"","_kad_post_header":false,"_kad_post_footer":false,"_kad_post_classname":""},"product-category":[101],"product-tag":[104,102,103],"products-by-department":[33],"class_list":["post-3480","product","type-product","status-publish","has-post-thumbnail","hentry","product-category-specimen-transport-medium","product-tag-efficient-cell-protection","product-tag-long-term-stability","product-tag-non-toxicity","products-by-department-gynecology"],"acf":[],"taxonomy_info":{"product-category":[{"value":101,"label":"Specimen Transport Medium"}],"product-tag":[{"value":104,"label":"Efficient cell protection"},{"value":102,"label":"Long-term Stability"},{"value":103,"label":"Non toxicity"}],"products-by-department":[{"value":33,"label":"Gynecology"}]},"featured_image_src_large":["https:\/\/hanheng-medical.com\/wp-content\/uploads\/2025\/04\/Specimen-Transport-Mediumpreserve-the-morphology-of-the-cells-or-prevent-the-degradation-of-viral-DNARNAduring-transportationLBCHPV-Screening-\u7ec6\u80de\u4fdd\u5b58\u6db2\u7ec4\u5408-1.jpg",800,800,false],"author_info":[],"comment_info":"","_links":{"self":[{"href":"https:\/\/hanheng-medical.com\/pt\/wp-json\/wp\/v2\/product\/3480","targetHints":{"allow":["GET"]}}],"collection":[{"href":"https:\/\/hanheng-medical.com\/pt\/wp-json\/wp\/v2\/product"}],"about":[{"href":"https:\/\/hanheng-medical.com\/pt\/wp-json\/wp\/v2\/types\/product"}],"wp:featuredmedia":[{"embeddable":true,"href":"https:\/\/hanheng-medical.com\/pt\/wp-json\/wp\/v2\/media\/3415"}],"wp:attachment":[{"href":"https:\/\/hanheng-medical.com\/pt\/wp-json\/wp\/v2\/media?parent=3480"}],"wp:term":[{"taxonomy":"product-category","embeddable":true,"href":"https:\/\/hanheng-medical.com\/pt\/wp-json\/wp\/v2\/product-category?post=3480"},{"taxonomy":"product-tag","embeddable":true,"href":"https:\/\/hanheng-medical.com\/pt\/wp-json\/wp\/v2\/product-tag?post=3480"},{"taxonomy":"products-by-department","embeddable":true,"href":"https:\/\/hanheng-medical.com\/pt\/wp-json\/wp\/v2\/products-by-department?post=3480"}],"curies":[{"name":"wp","href":"https:\/\/api.w.org\/{rel}","templated":true}]}}