{"id":3478,"date":"2025-04-22T08:30:04","date_gmt":"2025-04-22T08:30:04","guid":{"rendered":"https:\/\/hanheng.easiwin.com\/product\/plastic-proctoscope-anoscope-rectum-screening-with-led-lightblack-2\/"},"modified":"2025-04-22T08:30:04","modified_gmt":"2025-04-22T08:30:04","slug":"plastic-proctoscope-anoscope-rectum-screening-with-led-lightblack-2","status":"publish","type":"product","link":"https:\/\/hanheng-medical.com\/pt\/product\/plastic-proctoscope-anoscope-rectum-screening-with-led-lightblack-2\/","title":{"rendered":"Proctosc\u00f3pio de Pl\u00e1stico\/Anosc\u00f3pio\/Rastreamento Retal\/Com Luz LED (Preta)"},"content":{"rendered":"<h2>Principais caracter\u00edsticas<\/h2>\n<ul>\n<li>Tubo oco: O corpo principal \u00e9 um tubo curto, r\u00edgido e oco que permite o acesso visual \u00e0 cavidade retal.<\/li>\n<li>Fonte de luz: Normalmente possui uma fonte de luz embutida ou acopl\u00e1vel para iluminar o interior do reto para uma visibilidade clara.<\/li>\n<li>Obturador: Este \u00e9 um inserto liso e arredondado usado para facilitar a inser\u00e7\u00e3o do proctosc\u00f3pio. \u00c9 removido assim que o dispositivo est\u00e1 no lugar para permitir o exame ou procedimentos.<\/li>\n<li>Janela de visualiza\u00e7\u00e3o: Os proctosc\u00f3pios t\u00eam fibra \u00f3ptica para visualiza\u00e7\u00e3o aprimorada.<\/li>\n<li>Material: Geralmente feito de pl\u00e1stico (modelos descart\u00e1veis)<\/li>\n<li>Comprimento e tamanho: Eles v\u00eam em v\u00e1rios tamanhos (M\u00e9dio e Grande), mas geralmente s\u00e3o curtos (cerca de 7-15 cm de comprimento), pois s\u00e3o destinados a exames retais inferiores.<\/li>\n<li>Canais para instrumentos: Alguns tipos incluem canais que permitem a passagem de ferramentas cir\u00fargicas para bi\u00f3psia, remo\u00e7\u00e3o de p\u00f3lipos ou tratamento de hemorroidas.<\/li>\n<li>Uso Seguro e Conveniente: Embalado individualmente, de uso \u00fanico e sem l\u00e1tex para m\u00e1xima higiene e seguran\u00e7a do paciente.<\/li>\n<li>Esteriliza\u00e7\u00e3o ETO, Vida \u00datil de 5 Anos<\/li>\n<\/ul>\n<table>\n<tbody>\n<tr>\n<td >\n<p>Nome do produto<\/p>\n<\/td>\n<td >\n<p>Proctosc\u00f3pio descart\u00e1vel com luz LED<\/p>\n<p>(suporte preto)<\/p>\n<\/td>\n<\/tr>\n<tr>\n<td >\n<p>N\u00famero do item<\/p>\n<\/td>\n<td >\n<p>M\u00e9dio\/Grande<\/p>\n<\/td>\n<\/tr>\n<tr>\n<td >\n<p>A demanda por escovas de citologia precisas, seguras e est\u00e9reis continua a crescer com a expans\u00e3o dos testes de diagn\u00f3stico em ginecologia, oncologia e medicina respirat\u00f3ria. Para laborat\u00f3rios de patologia, selecionar o fornecedor ou fabricante certo \u00e9 um investimento estrat\u00e9gico nos resultados dos pacientes e na efici\u00eancia operacional.<\/p>\n<\/td>\n<td >\n<p>PS (Poliestireno) Transparente<\/p>\n<\/td>\n<\/tr>\n<tr>\n<td >\n<p>Certifica\u00e7\u00e3o<\/p>\n<\/td>\n<td >\n<p>CE, FDA, ISO13485<\/p>\n<\/td>\n<\/tr>\n<tr>\n<td >\n<p>Esteriliza\u00e7\u00e3o<\/p>\n<\/td>\n<td >\n<p>EOS<\/p>\n<\/td>\n<\/tr>\n<tr>\n<td >\n<p>Tempo de Vida \u00datil<\/p>\n<\/td>\n<td >\n<p>5 anos<\/p>\n<\/td>\n<\/tr>\n<tr>\n<td rowspan=\"3\" >\n<p>Medidas<\/p>\n<p>(M\u00e9dio)<\/p>\n<\/td>\n<td >\n<p>Comprimento do obturador: 140mm<\/p>\n<\/td>\n<\/tr>\n<tr>\n<td >\n<p>Esp\u00e9culo: Comprimento: 95 +\/- 1mm;<\/p>\n<\/td>\n<\/tr>\n<tr>\n<td >\n<p>Di\u00e2metro distal: 23,9+\/- 1 mm;<br \/>Di\u00e2metro proximal (parte de trabalho): 18,5+\/- 1mm;<\/p>\n<\/td>\n<\/tr>\n<tr>\n<td rowspan=\"3\" >\n<p>Medidas<\/p>\n<p>(Grande)<\/p>\n<\/td>\n<td >\n<p>Comprimento do obturador: 138,3mm<\/p>\n<\/td>\n<\/tr>\n<tr>\n<td >\n<p>Esp\u00e9culo: Comprimento: 95 +\/- 1mm;<\/p>\n<\/td>\n<\/tr>\n<tr>\n<td >\n<p>Di\u00e2metro distal: 28,4 +\/- 1 mm;<br \/>Di\u00e2metro proximal (parte de trabalho): 22,5+\/- 1mm;<\/p>\n<\/td>\n<\/tr>\n<tr>\n<td >\n<p>C\u00f3digo HS<\/p>\n<\/td>\n<td >\n<p>901890<\/p>\n<\/td>\n<\/tr>\n<\/tbody>\n<\/table>","protected":false},"featured_media":3461,"parent":0,"template":"","meta":{"_acf_changed":false,"_gspb_post_css":"","_kad_blocks_custom_css":"","_kad_blocks_head_custom_js":"","_kad_blocks_body_custom_js":"","_kad_blocks_footer_custom_js":"","_kad_post_transparent":"","_kad_post_title":"","_kad_post_layout":"","_kad_post_sidebar_id":"","_kad_post_content_style":"","_kad_post_vertical_padding":"","_kad_post_feature":"","_kad_post_feature_position":"","_kad_post_header":false,"_kad_post_footer":false,"_kad_post_classname":""},"product-category":[97],"product-tag":[100,98,99],"products-by-department":[60],"class_list":["post-3478","product","type-product","status-publish","has-post-thumbnail","hentry","product-category-disposable-anoscopy","product-tag-primay-button-cell-battery","product-tag-smooth-surface","product-tag-transparent","products-by-department-gastroenterology"],"acf":[],"taxonomy_info":{"product-category":[{"value":97,"label":"Disposable Anoscopy"}],"product-tag":[{"value":100,"label":"Primay button cell battery"},{"value":98,"label":"Smooth surface"},{"value":99,"label":"Transparent"}],"products-by-department":[{"value":60,"label":"Gastroenterology"}]},"featured_image_src_large":["https:\/\/hanheng-medical.com\/wp-content\/uploads\/2025\/04\/Plastic-ProctoscopeAnoscopeRectum-ScreeningWith-LED-LightBlack-Medium-01.jpg",800,800,false],"author_info":[],"comment_info":"","_links":{"self":[{"href":"https:\/\/hanheng-medical.com\/pt\/wp-json\/wp\/v2\/product\/3478","targetHints":{"allow":["GET"]}}],"collection":[{"href":"https:\/\/hanheng-medical.com\/pt\/wp-json\/wp\/v2\/product"}],"about":[{"href":"https:\/\/hanheng-medical.com\/pt\/wp-json\/wp\/v2\/types\/product"}],"wp:featuredmedia":[{"embeddable":true,"href":"https:\/\/hanheng-medical.com\/pt\/wp-json\/wp\/v2\/media\/3461"}],"wp:attachment":[{"href":"https:\/\/hanheng-medical.com\/pt\/wp-json\/wp\/v2\/media?parent=3478"}],"wp:term":[{"taxonomy":"product-category","embeddable":true,"href":"https:\/\/hanheng-medical.com\/pt\/wp-json\/wp\/v2\/product-category?post=3478"},{"taxonomy":"product-tag","embeddable":true,"href":"https:\/\/hanheng-medical.com\/pt\/wp-json\/wp\/v2\/product-tag?post=3478"},{"taxonomy":"products-by-department","embeddable":true,"href":"https:\/\/hanheng-medical.com\/pt\/wp-json\/wp\/v2\/products-by-department?post=3478"}],"curies":[{"name":"wp","href":"https:\/\/api.w.org\/{rel}","templated":true}]}}