{"id":3470,"date":"2025-04-22T08:30:04","date_gmt":"2025-04-22T08:30:04","guid":{"rendered":"https:\/\/hanheng.easiwin.com\/product\/plastic-umbilical-cord-clamp-clamp-and-secure-the-umbilical-cord-prior-to-cutting-double-locks\/"},"modified":"2025-04-22T08:30:04","modified_gmt":"2025-04-22T08:30:04","slug":"plastic-umbilical-cord-clamp-clamp-and-secure-the-umbilical-cord-prior-to-cutting-double-locks","status":"publish","type":"product","link":"https:\/\/hanheng-medical.com\/pt\/product\/plastic-umbilical-cord-clamp-clamp-and-secure-the-umbilical-cord-prior-to-cutting-double-locks\/","title":{"rendered":"Bra\u00e7adeira de pl\u00e1stico para cord\u00e3o umbilical\/Abra\u00e7adeira e fixa\u00e7\u00e3o do cord\u00e3o umbilical antes do corte\/Fechos duplos"},"content":{"rendered":"<h2>Principais caracter\u00edsticas<\/h2>\n<ul>\n<li>Travas duplas<\/li>\n<li>Est\u00e9ril de uso \u00fanico e embalada individualmente para garantir a limpeza<\/li>\n<li>Fixa\u00e7\u00e3o ranhurada para evitar o deslizamento do cord\u00e3o umbilical<\/li>\n<li>Trava para evitar a abertura acidental ap\u00f3s a fixa\u00e7\u00e3o. Seguro e conveniente para manuseio<\/li>\n<li>Esteriliza\u00e7\u00e3o ETO, Vida \u00datil de 5 Anos<\/li>\n<\/ul>\n<table>\n<tbody>\n<tr>\n<td >\n<p>Nome do produto<\/p>\n<\/td>\n<td >\n<p>Pin\u00e7a para cord\u00e3o umbilical<\/p>\n<\/td>\n<\/tr>\n<tr>\n<td >\n<p>N\u00famero do item<\/p>\n<\/td>\n<td >\n<p>HH841005<\/p>\n<\/td>\n<\/tr>\n<tr>\n<td >\n<p>A demanda por escovas de citologia precisas, seguras e est\u00e9reis continua a crescer com a expans\u00e3o dos testes de diagn\u00f3stico em ginecologia, oncologia e medicina respirat\u00f3ria. Para laborat\u00f3rios de patologia, selecionar o fornecedor ou fabricante certo \u00e9 um investimento estrat\u00e9gico nos resultados dos pacientes e na efici\u00eancia operacional.<\/p>\n<\/td>\n<td >\n<p>ABS (Acrilonitrila-Butadieno-Estireno)<\/p>\n<\/td>\n<\/tr>\n<tr>\n<td >\n<p>Certifica\u00e7\u00e3o<\/p>\n<\/td>\n<td >\n<p>CE0197, FDA, ISO13485<\/p>\n<\/td>\n<\/tr>\n<tr>\n<td >\n<p>Esteriliza\u00e7\u00e3o<\/p>\n<\/td>\n<td >\n<p>EOS<\/p>\n<\/td>\n<\/tr>\n<tr>\n<td >\n<p>Tempo de Vida \u00datil<\/p>\n<\/td>\n<td >\n<p>5 anos<\/p>\n<\/td>\n<\/tr>\n<tr>\n<td rowspan=\"2\" >\n<p>Medidas<\/p>\n<\/td>\n<td >\n<p>Comprimento total (L): 58+\/-2mm;<\/p>\n<\/td>\n<\/tr>\n<tr>\n<td >\n<p>Espessura (L1): 4,7+\/-0,5mm;<\/p>\n<\/td>\n<\/tr>\n<tr>\n<td >\n<p>C\u00f3digo HS<\/p>\n<\/td>\n<td >\n<p>901890<\/p>\n<\/td>\n<\/tr>\n<\/tbody>\n<\/table>","protected":false},"featured_media":3398,"parent":0,"template":"","meta":{"_acf_changed":false,"_gspb_post_css":"","_kad_blocks_custom_css":"","_kad_blocks_head_custom_js":"","_kad_blocks_body_custom_js":"","_kad_blocks_footer_custom_js":"","_kad_post_transparent":"","_kad_post_title":"","_kad_post_layout":"","_kad_post_sidebar_id":"","_kad_post_content_style":"","_kad_post_vertical_padding":"","_kad_post_feature":"","_kad_post_feature_position":"","_kad_post_header":false,"_kad_post_footer":false,"_kad_post_classname":""},"product-category":[93],"product-tag":[95,94],"products-by-department":[92],"class_list":["post-3470","product","type-product","status-publish","has-post-thumbnail","hentry","product-category-umbilical-cord-clamp","product-tag-double-locks","product-tag-grooved-clamping","products-by-department-obstetrics"],"acf":[],"taxonomy_info":{"product-category":[{"value":93,"label":"Umbilical Cord Clamp"}],"product-tag":[{"value":95,"label":"Double locks"},{"value":94,"label":"Grooved clamping"}],"products-by-department":[{"value":92,"label":"Obstetrics"}]},"featured_image_src_large":["https:\/\/hanheng-medical.com\/wp-content\/uploads\/2025\/04\/Plastic-Umbilical-Cord-ClampClamp-and-Secure-the-umbilical-cord-prior-to-cuttingDouble-locksHH841005-1.jpg",800,800,false],"author_info":[],"comment_info":"","_links":{"self":[{"href":"https:\/\/hanheng-medical.com\/pt\/wp-json\/wp\/v2\/product\/3470","targetHints":{"allow":["GET"]}}],"collection":[{"href":"https:\/\/hanheng-medical.com\/pt\/wp-json\/wp\/v2\/product"}],"about":[{"href":"https:\/\/hanheng-medical.com\/pt\/wp-json\/wp\/v2\/types\/product"}],"wp:featuredmedia":[{"embeddable":true,"href":"https:\/\/hanheng-medical.com\/pt\/wp-json\/wp\/v2\/media\/3398"}],"wp:attachment":[{"href":"https:\/\/hanheng-medical.com\/pt\/wp-json\/wp\/v2\/media?parent=3470"}],"wp:term":[{"taxonomy":"product-category","embeddable":true,"href":"https:\/\/hanheng-medical.com\/pt\/wp-json\/wp\/v2\/product-category?post=3470"},{"taxonomy":"product-tag","embeddable":true,"href":"https:\/\/hanheng-medical.com\/pt\/wp-json\/wp\/v2\/product-tag?post=3470"},{"taxonomy":"products-by-department","embeddable":true,"href":"https:\/\/hanheng-medical.com\/pt\/wp-json\/wp\/v2\/products-by-department?post=3470"}],"curies":[{"name":"wp","href":"https:\/\/api.w.org\/{rel}","templated":true}]}}