{"id":3466,"date":"2025-04-22T08:30:04","date_gmt":"2025-04-22T08:30:04","guid":{"rendered":"https:\/\/hanheng.easiwin.com\/product\/amnihook-amniotic-membrane-perforator-curved\/"},"modified":"2025-04-22T08:30:04","modified_gmt":"2025-04-22T08:30:04","slug":"amnihook-amniotic-membrane-perforator-curved","status":"publish","type":"product","link":"https:\/\/hanheng-medical.com\/pt\/product\/amnihook-amniotic-membrane-perforator-curved\/","title":{"rendered":"AmniHook\/Perfurador de Membrana Amni\u00f3tica\/Curvo"},"content":{"rendered":"<h2>Principais caracter\u00edsticas<\/h2>\n<ol>\n<li>Um m\u00e9todo seguro, eficaz e conveniente de romper a membrana amni\u00f3tica na primeira tentativa.<\/li>\n<li>Projetado anatomicamente com uma ponta arredondada e gancho protegido para romper a membrana amni\u00f3tica, protegendo o tecido materno e o beb\u00ea.<\/li>\n<li>Sem sali\u00eancias para ferir o canal de parto.<\/li>\n<li>Virtualmente inquebr\u00e1vel.<\/li>\n<li>Design ergon\u00f4mico, com uma al\u00e7a curva proporcionando excelente tra\u00e7\u00e3o e ader\u00eancia.<\/li>\n<li>25 cm de comprimento para f\u00e1cil acesso.<\/li>\n<li>Esteriliza\u00e7\u00e3o ETO, vida \u00fatil de 5 anos.<\/li>\n<li>Uso Seguro e Conveniente: Embalado individualmente, de uso \u00fanico e sem l\u00e1tex para m\u00e1xima higiene e seguran\u00e7a do paciente.<\/li>\n<\/ol>\n<table>\n<tbody>\n<tr>\n<td >\n<p>Nome do produto<\/p>\n<\/td>\n<td >\n<p>Perfurador de Membrana Amni\u00f3tica (Curvo)<\/p>\n<\/td>\n<\/tr>\n<tr>\n<td >\n<p>N\u00famero do item<\/p>\n<\/td>\n<td >\n<p>YSG-W-01<\/p>\n<\/td>\n<\/tr>\n<tr>\n<td >\n<p>A demanda por escovas de citologia precisas, seguras e est\u00e9reis continua a crescer com a expans\u00e3o dos testes de diagn\u00f3stico em ginecologia, oncologia e medicina respirat\u00f3ria. Para laborat\u00f3rios de patologia, selecionar o fornecedor ou fabricante certo \u00e9 um investimento estrat\u00e9gico nos resultados dos pacientes e na efici\u00eancia operacional.<\/p>\n<\/td>\n<td >\n<p>ABS (Acrilonitrila-Butadieno-Estireno)<\/p>\n<\/td>\n<\/tr>\n<tr>\n<td >\n<p>Certifica\u00e7\u00e3o<\/p>\n<\/td>\n<td >\n<p>CE0197, FDA, ISO13485<\/p>\n<\/td>\n<\/tr>\n<tr>\n<td >\n<p>Esteriliza\u00e7\u00e3o<\/p>\n<\/td>\n<td >\n<p>EOS<\/p>\n<\/td>\n<\/tr>\n<tr>\n<td >\n<p>Prazo de validade<\/p>\n<\/td>\n<td >\n<p>5 anos<\/p>\n<\/td>\n<\/tr>\n<tr>\n<td rowspan=\"3\" >\n<p>Medidas<\/p>\n<\/td>\n<td >\n<p>Comprimento total (L): 249+\/-5mm<\/p>\n<\/td>\n<\/tr>\n<tr>\n<td >\n<p>Di\u00e2metro da parte traseira da al\u00e7a (D): 13,4+\/-1mm<\/p>\n<\/td>\n<\/tr>\n<tr>\n<td >\n<p>Espessura da parte traseira da al\u00e7a (H): 3,3+\/-0,3mm<\/p>\n<\/td>\n<\/tr>\n<tr>\n<td >\n<p>C\u00f3digo HS<\/p>\n<\/td>\n<td >\n<p>901890<\/p>\n<\/td>\n<\/tr>\n<\/tbody>\n<\/table>","protected":false},"featured_media":3420,"parent":0,"template":"","meta":{"_acf_changed":false,"_gspb_post_css":"","_kad_blocks_custom_css":"","_kad_blocks_head_custom_js":"","_kad_blocks_body_custom_js":"","_kad_blocks_footer_custom_js":"","_kad_post_transparent":"","_kad_post_title":"","_kad_post_layout":"","_kad_post_sidebar_id":"","_kad_post_content_style":"","_kad_post_vertical_padding":"","_kad_post_feature":"","_kad_post_feature_position":"","_kad_post_header":false,"_kad_post_footer":false,"_kad_post_classname":""},"product-category":[90],"product-tag":[91],"products-by-department":[92],"class_list":["post-3466","product","type-product","status-publish","has-post-thumbnail","hentry","product-category-amnihook","product-tag-round-tip-with-a-protected-point-to-snag-the-membrane-as-the-perforator","products-by-department-obstetrics"],"acf":[],"taxonomy_info":{"product-category":[{"value":90,"label":"AmniHook"}],"product-tag":[{"value":91,"label":"Round tip with a protected point to snag the membrane as the perforator"}],"products-by-department":[{"value":92,"label":"Obstetrics"}]},"featured_image_src_large":["https:\/\/hanheng-medical.com\/wp-content\/uploads\/2025\/04\/AmniHookAmniotic-Membrane-PerforatorCurved-\u5f2f\u578b\u7f8a\u6c34\u94a9-2.jpg",800,800,false],"author_info":[],"comment_info":"","_links":{"self":[{"href":"https:\/\/hanheng-medical.com\/pt\/wp-json\/wp\/v2\/product\/3466","targetHints":{"allow":["GET"]}}],"collection":[{"href":"https:\/\/hanheng-medical.com\/pt\/wp-json\/wp\/v2\/product"}],"about":[{"href":"https:\/\/hanheng-medical.com\/pt\/wp-json\/wp\/v2\/types\/product"}],"wp:featuredmedia":[{"embeddable":true,"href":"https:\/\/hanheng-medical.com\/pt\/wp-json\/wp\/v2\/media\/3420"}],"wp:attachment":[{"href":"https:\/\/hanheng-medical.com\/pt\/wp-json\/wp\/v2\/media?parent=3466"}],"wp:term":[{"taxonomy":"product-category","embeddable":true,"href":"https:\/\/hanheng-medical.com\/pt\/wp-json\/wp\/v2\/product-category?post=3466"},{"taxonomy":"product-tag","embeddable":true,"href":"https:\/\/hanheng-medical.com\/pt\/wp-json\/wp\/v2\/product-tag?post=3466"},{"taxonomy":"products-by-department","embeddable":true,"href":"https:\/\/hanheng-medical.com\/pt\/wp-json\/wp\/v2\/products-by-department?post=3466"}],"curies":[{"name":"wp","href":"https:\/\/api.w.org\/{rel}","templated":true}]}}