{"id":3465,"date":"2025-04-22T08:30:04","date_gmt":"2025-04-22T08:30:04","guid":{"rendered":"https:\/\/hanheng.easiwin.com\/product\/dry-surgical-scrub-brush-hand-cleaning-and-disinfection-with-nail-cleaner\/"},"modified":"2025-04-22T08:30:04","modified_gmt":"2025-04-22T08:30:04","slug":"dry-surgical-scrub-brush-hand-cleaning-and-disinfection-with-nail-cleaner","status":"publish","type":"product","link":"https:\/\/hanheng-medical.com\/pt\/product\/dry-surgical-scrub-brush-hand-cleaning-and-disinfection-with-nail-cleaner\/","title":{"rendered":"Escova de esfrega\u00e7o cir\u00fargico seco\/Limpeza e desinfe\u00e7\u00e3o das m\u00e3os\/ Com limpador de unhas"},"content":{"rendered":"<table>\n<tbody>\n<tr>\n<td>Especifica\u00e7\u00f5es.<\/td>\n<td>80*50*37mm(&plusmn;10%)<\/td>\n<\/tr>\n<tr>\n<td colspan=\"1\" rowspan=\"3\">\n<div>A demanda por escovas de citologia precisas, seguras e est\u00e9reis continua a crescer com a expans\u00e3o dos testes de diagn\u00f3stico em ginecologia, oncologia e medicina respirat\u00f3ria. Para laborat\u00f3rios de patologia, selecionar o fornecedor ou fabricante certo \u00e9 um investimento estrat\u00e9gico nos resultados dos pacientes e na efici\u00eancia operacional.<\/div>\n<\/td>\n<td>Esponja de espuma com suporte de pl\u00e1stico<\/td>\n<\/tr>\n<tr>\n<td>Corpo da escova macia feito de LDPE<\/td>\n<\/tr>\n<tr>\n<td>Limpador de unhas feito de PP<\/td>\n<\/tr>\n<tr>\n<td>Conte\u00fado<\/td>\n<td>Espuma, limpador de unhas, escova cir\u00fargica<\/td>\n<\/tr>\n<tr>\n<td>Esteriliza\u00e7\u00e3o<\/td>\n<td>EO<\/td>\n<\/tr>\n<tr>\n<td>Embalagem<\/td>\n<td>\n<div>\n<div>Embalado individualmente e de uso \u00fanico para m\u00e1xima higiene e seguran\u00e7a do paciente.<\/div>\n<\/div>\n<\/td>\n<\/tr>\n<tr>\n<td colspan=\"1\" rowspan=\"3\">\n<div>Cuidado<\/div>\n<\/td>\n<td>N\u00e3o utilizado para desinfetar dispositivos m\u00e9dicos invasivos.<\/td>\n<\/tr>\n<tr>\n<td>\n<div>\n<div>N\u00e3o utilize quando a embalagem estiver aberta ou danificada.<\/div>\n<\/div>\n<\/td>\n<\/tr>\n<tr>\n<td>Em caso de irrita\u00e7\u00e3o ou erup\u00e7\u00e3o cut\u00e2nea, suspenda a utiliza\u00e7\u00e3o<\/td>\n<\/tr>\n<\/tbody>\n<\/table>","protected":false},"featured_media":3427,"parent":0,"template":"","meta":{"_acf_changed":false,"_gspb_post_css":"","_kad_blocks_custom_css":"","_kad_blocks_head_custom_js":"","_kad_blocks_body_custom_js":"","_kad_blocks_footer_custom_js":"","_kad_post_transparent":"","_kad_post_title":"","_kad_post_layout":"","_kad_post_sidebar_id":"","_kad_post_content_style":"","_kad_post_vertical_padding":"","_kad_post_feature":"","_kad_post_feature_position":"","_kad_post_header":false,"_kad_post_footer":false,"_kad_post_classname":""},"product-category":[85],"product-tag":[86,87,88],"products-by-department":[89],"class_list":["post-3465","product","type-product","status-publish","has-post-thumbnail","hentry","product-category-surgical-scrub-brush","product-tag-double-sided-cleaning-head","product-tag-maximum-cleaning","product-tag-minimizing-skin-irritation","products-by-department-hospital-and-clinic-nursing"],"acf":[],"taxonomy_info":{"product-category":[{"value":85,"label":"Surgical Scrub Brush"}],"product-tag":[{"value":86,"label":"Double sided cleaning head"},{"value":87,"label":"Maximum cleaning"},{"value":88,"label":"Minimizing skin irritation"}],"products-by-department":[{"value":89,"label":"Hospital and clinic nursing"}]},"featured_image_src_large":["https:\/\/hanheng-medical.com\/wp-content\/uploads\/2025\/04\/Dry-Surgical-Scrub-BrushHand-Cleaning-and-Disinfection\u6d17\u624b\u5237-1.jpg",800,800,false],"author_info":[],"comment_info":"","_links":{"self":[{"href":"https:\/\/hanheng-medical.com\/pt\/wp-json\/wp\/v2\/product\/3465","targetHints":{"allow":["GET"]}}],"collection":[{"href":"https:\/\/hanheng-medical.com\/pt\/wp-json\/wp\/v2\/product"}],"about":[{"href":"https:\/\/hanheng-medical.com\/pt\/wp-json\/wp\/v2\/types\/product"}],"wp:featuredmedia":[{"embeddable":true,"href":"https:\/\/hanheng-medical.com\/pt\/wp-json\/wp\/v2\/media\/3427"}],"wp:attachment":[{"href":"https:\/\/hanheng-medical.com\/pt\/wp-json\/wp\/v2\/media?parent=3465"}],"wp:term":[{"taxonomy":"product-category","embeddable":true,"href":"https:\/\/hanheng-medical.com\/pt\/wp-json\/wp\/v2\/product-category?post=3465"},{"taxonomy":"product-tag","embeddable":true,"href":"https:\/\/hanheng-medical.com\/pt\/wp-json\/wp\/v2\/product-tag?post=3465"},{"taxonomy":"products-by-department","embeddable":true,"href":"https:\/\/hanheng-medical.com\/pt\/wp-json\/wp\/v2\/products-by-department?post=3465"}],"curies":[{"name":"wp","href":"https:\/\/api.w.org\/{rel}","templated":true}]}}