{"id":3462,"date":"2025-04-22T08:30:04","date_gmt":"2025-04-22T08:30:04","guid":{"rendered":"https:\/\/hanheng.easiwin.com\/product\/6-plastic-or-wooden-tongue-depressor-throat-or-tonsils-medical-examination-wax-applicator-sticks\/"},"modified":"2025-04-22T08:30:04","modified_gmt":"2025-04-22T08:30:04","slug":"6-plastic-or-wooden-tongue-depressor-throat-or-tonsils-medical-examination-wax-applicator-sticks","status":"publish","type":"product","link":"https:\/\/hanheng-medical.com\/pt\/product\/6-plastic-or-wooden-tongue-depressor-throat-or-tonsils-medical-examination-wax-applicator-sticks\/","title":{"rendered":"Depressor de L\u00edngua de Pl\u00e1stico ou Madeira de 6&#8243;\/Exame M\u00e9dico da Garganta ou Am\u00edgdalas\/Palitos Aplicadores de Cera"},"content":{"rendered":"<h2>Principais caracter\u00edsticas<\/h2>\n<ol>\n<li>M\u00faltiplas Aplica\u00e7\u00f5es: Ambiente cl\u00ednico, aplica\u00e7\u00e3o de pomadas, agita\u00e7\u00e3o e mistura de medicamentos, procedimentos veterin\u00e1rios, projetos de artesanato e usos industriais.<\/li>\n<li>Perfeito para exame oral do paciente e cuidados ao paciente<\/li>\n<li>Produtos de alta qualidade que oferecem desempenho consistente<\/li>\n<li>Os produtos \u00e0 base de madeira s\u00e3o feitos de b\u00e9tula branca<\/li>\n<li>Embalados individualmente, est\u00e9reis ou n\u00e3o embalados, n\u00e3o est\u00e9reis<\/li>\n<\/ol>\n<table style=\"width: 609px;\">\n<tbody>\n<tr>\n<td style=\"width: 220px;\">\n<p>Nome do produto<\/p>\n<\/td>\n<td style=\"width: 373px;\">\n<p>Abaixador de l\u00edngua<\/p>\n<\/td>\n<\/tr>\n<tr>\n<td style=\"width: 220px;\">\n<p>N\u00famero do item<\/p>\n<\/td>\n<td style=\"width: 373px;\">\n<p>8405<\/p>\n<\/td>\n<\/tr>\n<tr>\n<td style=\"width: 220px;\">\n<p>Comumente usado para<\/p>\n<\/td>\n<td style=\"width: 373px;\">\n<p>Examinar a am\u00edgdala, o arco palatoglosso, o arco faringopalatino, a parede posterior e outras aplica\u00e7\u00f5es.<\/p>\n<\/td>\n<\/tr>\n<tr>\n<td style=\"width: 220px;\">\n<p>A demanda por escovas de citologia precisas, seguras e est\u00e9reis continua a crescer com a expans\u00e3o dos testes de diagn\u00f3stico em ginecologia, oncologia e medicina respirat\u00f3ria. Para laborat\u00f3rios de patologia, selecionar o fornecedor ou fabricante certo \u00e9 um investimento estrat\u00e9gico nos resultados dos pacientes e na efici\u00eancia operacional.<\/p>\n<\/td>\n<td style=\"width: 373px;\">\n<p>Polipropileno<\/p>\n<\/td>\n<\/tr>\n<tr>\n<td style=\"width: 220px;\">\n<p>Certifica\u00e7\u00e3o<\/p>\n<\/td>\n<td style=\"width: 373px;\">\n<p>CE0197, FDA, GOST-R, NMPA, ISO13485<\/p>\n<\/td>\n<\/tr>\n<tr>\n<td style=\"width: 220px;\">\n<p>Esteriliza\u00e7\u00e3o<\/p>\n<\/td>\n<td style=\"width: 373px;\">\n<p>EOS<\/p>\n<\/td>\n<\/tr>\n<tr>\n<td style=\"width: 220px;\">\n<p>Prazo de validade<\/p>\n<\/td>\n<td style=\"width: 373px;\">\n<p>5 anos<\/p>\n<\/td>\n<\/tr>\n<tr>\n<td style=\"width: 220px;\" rowspan=\"2\">\n<p>Medidas<\/p>\n<\/td>\n<td style=\"width: 373px;\">\n<p>Comprimento total (L): 150+\/-5mm<\/p>\n<\/td>\n<\/tr>\n<tr>\n<td style=\"width: 373px;\">\n<p>Di\u00e2metro da haste (D2): 18,5+\/-2mm<\/p>\n<\/td>\n<\/tr>\n<tr>\n<td style=\"width: 220px;\">\n<p>C\u00f3digo HS<\/p>\n<\/td>\n<td style=\"width: 373px;\">\n<p>901890<\/p>\n<\/td>\n<\/tr>\n<\/tbody>\n<\/table>","protected":false},"featured_media":3456,"parent":0,"template":"","meta":{"_acf_changed":false,"_gspb_post_css":"","_kad_blocks_custom_css":"","_kad_blocks_head_custom_js":"","_kad_blocks_body_custom_js":"","_kad_blocks_footer_custom_js":"","_kad_post_transparent":"","_kad_post_title":"","_kad_post_layout":"","_kad_post_sidebar_id":"","_kad_post_content_style":"","_kad_post_vertical_padding":"","_kad_post_feature":"","_kad_post_feature_position":"","_kad_post_header":false,"_kad_post_footer":false,"_kad_post_classname":""},"product-category":[79],"product-tag":[80],"products-by-department":[81],"class_list":["post-3462","product","type-product","status-publish","has-post-thumbnail","hentry","product-category-tongue-depressor","product-tag-oral-patient-examination","products-by-department-e-n-t-department"],"acf":[],"taxonomy_info":{"product-category":[{"value":79,"label":"Tongue Depressor"}],"product-tag":[{"value":80,"label":"oral patient examination"}],"products-by-department":[{"value":81,"label":"E.N.T. department"}]},"featured_image_src_large":["https:\/\/hanheng-medical.com\/wp-content\/uploads\/2025\/04\/Plastic-or-Wooden-Tongue-DepressorThroat-or-Tonsils-Medical-ExaminationWax-Applicator-Sticks84051-01.jpg",800,800,false],"author_info":[],"comment_info":"","_links":{"self":[{"href":"https:\/\/hanheng-medical.com\/pt\/wp-json\/wp\/v2\/product\/3462","targetHints":{"allow":["GET"]}}],"collection":[{"href":"https:\/\/hanheng-medical.com\/pt\/wp-json\/wp\/v2\/product"}],"about":[{"href":"https:\/\/hanheng-medical.com\/pt\/wp-json\/wp\/v2\/types\/product"}],"wp:featuredmedia":[{"embeddable":true,"href":"https:\/\/hanheng-medical.com\/pt\/wp-json\/wp\/v2\/media\/3456"}],"wp:attachment":[{"href":"https:\/\/hanheng-medical.com\/pt\/wp-json\/wp\/v2\/media?parent=3462"}],"wp:term":[{"taxonomy":"product-category","embeddable":true,"href":"https:\/\/hanheng-medical.com\/pt\/wp-json\/wp\/v2\/product-category?post=3462"},{"taxonomy":"product-tag","embeddable":true,"href":"https:\/\/hanheng-medical.com\/pt\/wp-json\/wp\/v2\/product-tag?post=3462"},{"taxonomy":"products-by-department","embeddable":true,"href":"https:\/\/hanheng-medical.com\/pt\/wp-json\/wp\/v2\/products-by-department?post=3462"}],"curies":[{"name":"wp","href":"https:\/\/api.w.org\/{rel}","templated":true}]}}