{"id":3337,"date":"2025-04-15T01:09:12","date_gmt":"2025-04-15T01:09:12","guid":{"rendered":"https:\/\/hanheng.easiwin.com\/product\/wooden-endocervical-spatulaarye-vaginal-spatula-specimen-collection-from-ectocervix-and-posterior-fornix-cells\/"},"modified":"2025-05-09T07:46:56","modified_gmt":"2025-05-09T07:46:56","slug":"wooden-endocervical-spatulaarye-vaginal-spatula-specimen-collection-from-ectocervix-and-posterior-fornix-cells","status":"publish","type":"product","link":"https:\/\/hanheng-medical.com\/pt\/product\/wooden-endocervical-spatulaarye-vaginal-spatula-specimen-collection-from-ectocervix-and-posterior-fornix-cells\/","title":{"rendered":"Esp\u00e1tula Endocervical de Madeira (Arye)\/Esp\u00e1tula Vaginal\/Recolha de Amostras de C\u00e9lulas da Ectoc\u00e9rvice e do F\u00f3rnice Posterior"},"content":{"rendered":"<h2>Principais caracter\u00edsticas<\/h2>\n<ol>\n<li>L\u00e2mina lisa e plana: Minimiza o desconforto durante a recolha de c\u00e9lulas.<\/li>\n<li>Ponta angulada ou contornada: Concebida para alcan\u00e7ar a ectoc\u00e9rvice e, por vezes, o canal endocervical.<\/li>\n<li>Uso \u00fanico (geralmente): Garante a higiene e reduz o risco de contamina\u00e7\u00e3o cruzada.<\/li>\n<li>Feito de pl\u00e1stico ou madeira: Leve e descart\u00e1vel.<\/li>\n<li>Esteriliza\u00e7\u00e3o e Prazo de Validade: Dispon\u00edvel como esterilizado por ETO com um prazo de validade de 5 anos ou numa op\u00e7\u00e3o n\u00e3o est\u00e9ril.<\/li>\n<li>Embalagem e Utiliza\u00e7\u00e3o Flex\u00edveis: Embalado individualmente ou dispon\u00edvel a granel, concebido para utiliza\u00e7\u00e3o \u00fanica.<\/li>\n<li>Seguro e hipoalerg\u00e9nico: Sem l\u00e1tex, minimizando o risco de rea\u00e7\u00f5es al\u00e9rgicas.<\/li>\n<\/ol>\n<table>\n<tbody>\n<tr>\n<td>Nome do produto<\/td>\n<td>Esp\u00e1tula Vaginal Descart\u00e1vel (Arye)<\/td>\n<\/tr>\n<tr>\n<td>N\u00famero do item<\/td>\n<td>8408<\/td>\n<\/tr>\n<tr>\n<td>A demanda por escovas de citologia precisas, seguras e est\u00e9reis continua a crescer com a expans\u00e3o dos testes de diagn\u00f3stico em ginecologia, oncologia e medicina respirat\u00f3ria. Para laborat\u00f3rios de patologia, selecionar o fornecedor ou fabricante certo \u00e9 um investimento estrat\u00e9gico nos resultados dos pacientes e na efici\u00eancia operacional.<\/td>\n<td>Madeira<\/td>\n<\/tr>\n<tr>\n<td>Certifica\u00e7\u00e3o<\/td>\n<td>CE0197, FDA, GOST-R, NMPA, ISO13485<\/td>\n<\/tr>\n<tr>\n<td>Esteriliza\u00e7\u00e3o<\/td>\n<td>EOS<\/td>\n<\/tr>\n<tr>\n<td>Prazo de validade<\/td>\n<td>5 anos<\/td>\n<\/tr>\n<tr>\n<td rowspan=\"4\">Medidas<\/td>\n<td>Comprimento total (L): 178+\/-5mm<\/td>\n<\/tr>\n<tr>\n<td>Di\u00e2metro da cabe\u00e7a (D1): 18+\/-2mm<\/td>\n<\/tr>\n<tr>\n<td>Di\u00e2metro da cabe\u00e7a (D2): 16,5+\/-2mm;<\/td>\n<\/tr>\n<tr>\n<td>Di\u00e2metro da pega (D3): 7,2+\/-1mm;<\/td>\n<\/tr>\n<tr>\n<td>C\u00f3digo HS<\/td>\n<td>901890<\/td>\n<\/tr>\n<\/tbody>\n<\/table>","protected":false},"featured_media":3365,"parent":0,"template":"","meta":{"_acf_changed":true,"_gspb_post_css":"","_kad_blocks_custom_css":"","_kad_blocks_head_custom_js":"","_kad_blocks_body_custom_js":"","_kad_blocks_footer_custom_js":"","_kad_post_transparent":"","_kad_post_title":"","_kad_post_layout":"","_kad_post_sidebar_id":"","_kad_post_content_style":"","_kad_post_vertical_padding":"","_kad_post_feature":"","_kad_post_feature_position":"","_kad_post_header":false,"_kad_post_footer":false,"_kad_post_classname":""},"product-category":[78],"product-tag":[29,34,30,35],"products-by-department":[33],"class_list":["post-3337","product","type-product","status-publish","has-post-thumbnail","hentry","product-category-disposable-cervical-spatula","product-tag-gynaecological-examinations","product-tag-hpv","product-tag-liquid-based-cytology","product-tag-pap","products-by-department-gynecology"],"acf":[],"taxonomy_info":{"product-category":[{"value":78,"label":"Disposable Cervical Spatula"}],"product-tag":[{"value":29,"label":"Gynaecological Examinations"},{"value":34,"label":"Hpv"},{"value":30,"label":"Liquid-Based Cytology"},{"value":35,"label":"Pap"}],"products-by-department":[{"value":33,"label":"Gynecology"}]},"featured_image_src_large":["https:\/\/hanheng-medical.com\/wp-content\/uploads\/2025\/04\/Wooden-Endocervical-SpatulaAryeVaginal-SpatulaSpecimen-Collection-from-Ectocervix-and-Posterior-fornix-cells8408-2.jpg",800,800,false],"author_info":[],"comment_info":"","_links":{"self":[{"href":"https:\/\/hanheng-medical.com\/pt\/wp-json\/wp\/v2\/product\/3337","targetHints":{"allow":["GET"]}}],"collection":[{"href":"https:\/\/hanheng-medical.com\/pt\/wp-json\/wp\/v2\/product"}],"about":[{"href":"https:\/\/hanheng-medical.com\/pt\/wp-json\/wp\/v2\/types\/product"}],"wp:featuredmedia":[{"embeddable":true,"href":"https:\/\/hanheng-medical.com\/pt\/wp-json\/wp\/v2\/media\/3365"}],"wp:attachment":[{"href":"https:\/\/hanheng-medical.com\/pt\/wp-json\/wp\/v2\/media?parent=3337"}],"wp:term":[{"taxonomy":"product-category","embeddable":true,"href":"https:\/\/hanheng-medical.com\/pt\/wp-json\/wp\/v2\/product-category?post=3337"},{"taxonomy":"product-tag","embeddable":true,"href":"https:\/\/hanheng-medical.com\/pt\/wp-json\/wp\/v2\/product-tag?post=3337"},{"taxonomy":"products-by-department","embeddable":true,"href":"https:\/\/hanheng-medical.com\/pt\/wp-json\/wp\/v2\/products-by-department?post=3337"}],"curies":[{"name":"wp","href":"https:\/\/api.w.org\/{rel}","templated":true}]}}