{"id":3334,"date":"2025-04-15T01:09:12","date_gmt":"2025-04-15T01:09:12","guid":{"rendered":"https:\/\/hanheng.easiwin.com\/product\/plastic-endocervical-spatulaspoon-vaginal-spatula-specimen-collection-for-pap-smear-kit-and-lbc\/"},"modified":"2025-05-09T07:46:51","modified_gmt":"2025-05-09T07:46:51","slug":"plastic-endocervical-spatulaspoon-vaginal-spatula-specimen-collection-for-pap-smear-kit-and-lbc","status":"publish","type":"product","link":"https:\/\/hanheng-medical.com\/pt\/product\/plastic-endocervical-spatulaspoon-vaginal-spatula-specimen-collection-for-pap-smear-kit-and-lbc\/","title":{"rendered":"Esp\u00e1tula Endocervical de Pl\u00e1stico (Colher)\/Esp\u00e1tula Vaginal\/Recolha de Amostras para Kit de Esfrega\u00e7o de Papanicolau e LBC."},"content":{"rendered":"<h2>Principais caracter\u00edsticas<\/h2>\n<ol>\n<li>L\u00e2mina lisa e plana: Minimiza o desconforto durante a recolha de c\u00e9lulas.<\/li>\n<li>Ponta angulada ou contornada: Concebida para alcan\u00e7ar a ectoc\u00e9rvice e, por vezes, o canal endocervical.<\/li>\n<li>Uso \u00fanico (geralmente): Garante a higiene e reduz o risco de contamina\u00e7\u00e3o cruzada.<\/li>\n<li>Feito de pl\u00e1stico ou madeira: Leve e descart\u00e1vel.<\/li>\n<li>Esteriliza\u00e7\u00e3o e Prazo de Validade: Dispon\u00edvel como esterilizado por ETO com um prazo de validade de 5 anos ou numa op\u00e7\u00e3o n\u00e3o est\u00e9ril.<\/li>\n<li>Embalagem e Utiliza\u00e7\u00e3o Flex\u00edveis: Embalado individualmente ou dispon\u00edvel a granel, concebido para utiliza\u00e7\u00e3o \u00fanica.<\/li>\n<li>Seguro e hipoalerg\u00e9nico: Sem l\u00e1tex, minimizando o risco de rea\u00e7\u00f5es al\u00e9rgicas.<\/li>\n<\/ol>\n<table>\n<tbody>\n<tr>\n<td>Nome do produto<\/td>\n<td>Esp\u00e1tula (Colher) Vaginal Descart\u00e1vel<\/td>\n<\/tr>\n<tr>\n<td>N\u00famero do item<\/td>\n<td>8401<\/td>\n<\/tr>\n<tr>\n<td>A demanda por escovas de citologia precisas, seguras e est\u00e9reis continua a crescer com a expans\u00e3o dos testes de diagn\u00f3stico em ginecologia, oncologia e medicina respirat\u00f3ria. Para laborat\u00f3rios de patologia, selecionar o fornecedor ou fabricante certo \u00e9 um investimento estrat\u00e9gico nos resultados dos pacientes e na efici\u00eancia operacional.<\/td>\n<td>Acrilonitrila Butadieno Estireno<\/td>\n<\/tr>\n<tr>\n<td>Certifica\u00e7\u00e3o<\/td>\n<td>CE0197, FDA, GOST-R, NMPA, ISO13485<\/td>\n<\/tr>\n<tr>\n<td>Esteriliza\u00e7\u00e3o<\/td>\n<td>EOS<\/td>\n<\/tr>\n<tr>\n<td>Prazo de validade<\/td>\n<td>5 anos<\/td>\n<\/tr>\n<tr>\n<td rowspan=\"4\">Medidas<\/td>\n<td>Comprimento total (C): 212+\/-5mm<\/td>\n<\/tr>\n<tr>\n<td>Di\u00e2metro da cabe\u00e7a (D1): 3,3+\/-0,3mm<\/td>\n<\/tr>\n<tr>\n<td>Di\u00e2metro da cabe\u00e7a (D2): 4,0+\/-0,3mm;<\/td>\n<\/tr>\n<tr>\n<td>Di\u00e2metro da haste (D3): 12+\/-0,3mm;<\/td>\n<\/tr>\n<tr>\n<td>C\u00f3digo HS<\/td>\n<td>901890<\/td>\n<\/tr>\n<\/tbody>\n<\/table>","protected":false},"featured_media":3360,"parent":0,"template":"","meta":{"_acf_changed":true,"_gspb_post_css":"","_kad_blocks_custom_css":"","_kad_blocks_head_custom_js":"","_kad_blocks_body_custom_js":"","_kad_blocks_footer_custom_js":"","_kad_post_transparent":"","_kad_post_title":"","_kad_post_layout":"","_kad_post_sidebar_id":"","_kad_post_content_style":"","_kad_post_vertical_padding":"","_kad_post_feature":"","_kad_post_feature_position":"","_kad_post_header":false,"_kad_post_footer":false,"_kad_post_classname":""},"product-category":[78],"product-tag":[29,34,30,35],"products-by-department":[33],"class_list":["post-3334","product","type-product","status-publish","has-post-thumbnail","hentry","product-category-disposable-cervical-spatula","product-tag-gynaecological-examinations","product-tag-hpv","product-tag-liquid-based-cytology","product-tag-pap","products-by-department-gynecology"],"acf":[],"taxonomy_info":{"product-category":[{"value":78,"label":"Disposable Cervical Spatula"}],"product-tag":[{"value":29,"label":"Gynaecological Examinations"},{"value":34,"label":"Hpv"},{"value":30,"label":"Liquid-Based Cytology"},{"value":35,"label":"Pap"}],"products-by-department":[{"value":33,"label":"Gynecology"}]},"featured_image_src_large":["https:\/\/hanheng-medical.com\/wp-content\/uploads\/2025\/04\/Plastic-Endocervical-SpatulaSpoonVaginal-SpatulaSpecimen-Collection-for-Pap-Smear-Kit-and-LBC-84013.jpg",800,800,false],"author_info":[],"comment_info":"","_links":{"self":[{"href":"https:\/\/hanheng-medical.com\/pt\/wp-json\/wp\/v2\/product\/3334","targetHints":{"allow":["GET"]}}],"collection":[{"href":"https:\/\/hanheng-medical.com\/pt\/wp-json\/wp\/v2\/product"}],"about":[{"href":"https:\/\/hanheng-medical.com\/pt\/wp-json\/wp\/v2\/types\/product"}],"wp:featuredmedia":[{"embeddable":true,"href":"https:\/\/hanheng-medical.com\/pt\/wp-json\/wp\/v2\/media\/3360"}],"wp:attachment":[{"href":"https:\/\/hanheng-medical.com\/pt\/wp-json\/wp\/v2\/media?parent=3334"}],"wp:term":[{"taxonomy":"product-category","embeddable":true,"href":"https:\/\/hanheng-medical.com\/pt\/wp-json\/wp\/v2\/product-category?post=3334"},{"taxonomy":"product-tag","embeddable":true,"href":"https:\/\/hanheng-medical.com\/pt\/wp-json\/wp\/v2\/product-tag?post=3334"},{"taxonomy":"products-by-department","embeddable":true,"href":"https:\/\/hanheng-medical.com\/pt\/wp-json\/wp\/v2\/products-by-department?post=3334"}],"curies":[{"name":"wp","href":"https:\/\/api.w.org\/{rel}","templated":true}]}}