{"id":3060,"date":"2025-04-07T06:19:56","date_gmt":"2025-04-07T06:19:56","guid":{"rendered":"https:\/\/hanheng.easiwin.com\/product\/dry-transport-swab-viscoserayon-tipped-swab-specimen-collection-self-sampling-and-transportation\/"},"modified":"2025-04-07T06:19:56","modified_gmt":"2025-04-07T06:19:56","slug":"dry-transport-swab-viscoserayon-tipped-swab-specimen-collection-self-sampling-and-transportation","status":"publish","type":"product","link":"https:\/\/hanheng-medical.com\/pt\/product\/dry-transport-swab-viscoserayon-tipped-swab-specimen-collection-self-sampling-and-transportation\/","title":{"rendered":"Swab de Transporte Seco\/ Swab com Ponta de Viscose (Rayon)\/ Coleta e Transporte de Amostras (Autocoleta)"},"content":{"rendered":"<h2>Principais caracter\u00edsticas<\/h2>\n<ol>\n<li>Embora produzido a partir de material natural, o processo de fabrica\u00e7\u00e3o elimina quaisquer componentes que possam danificar a amostra ou interferir no transporte e\/ou processamento da amostra.<\/li>\n<li>Aplicador de uso geral; Haste de coleta de amostras para teste e triagem; Coleta de c\u00e9lulas para teste de DNA;<\/li>\n<li>Etiqueta selada para evitar a reutiliza\u00e7\u00e3o.<\/li>\n<li>Esteriliza\u00e7\u00e3o e Prazo de Validade: Esterilizado por ETO com prazo de validade de 5 anos.<\/li>\n<\/ol>\n<table>\n<tbody>\n<tr>\n<td >\nNome do produto\n<\/td>\n<td >\nZaragatoa de amostragem descart\u00e1vel\n<\/td>\n<\/tr>\n<tr>\n<td >\nN\u00famero do item\n<\/td>\n<td >\nC-04\n<\/td>\n<\/tr>\n<tr>\n<td >\nComumente usado para\n<\/td>\n<td >\nDiagn\u00f3stico\/Coleta de Amostras;<br \/>\nForense\/Gen\u00e9tica;<br \/>\nM\u00e9dico;\n<\/td>\n<\/tr>\n<tr>\n<td rowspan=\"2\" >\nA demanda por escovas de citologia precisas, seguras e est\u00e9reis continua a crescer com a expans\u00e3o dos testes de diagn\u00f3stico em ginecologia, oncologia e medicina respirat\u00f3ria. Para laborat\u00f3rios de patologia, selecionar o fornecedor ou fabricante certo \u00e9 um investimento estrat\u00e9gico nos resultados dos pacientes e na efici\u00eancia operacional.\n<\/td>\n<td >\nPonta: Rayon (Viscose)\n<\/td>\n<\/tr>\n<tr>\n<td >\nHaste:<br \/>\nMadeira;<br \/>\nou Acrilonitrila Butadieno Estireno (ABS);<br \/>\nou Poliestireno (PS) ou Polipropileno (PP);\n<\/td>\n<\/tr>\n<tr>\n<td >\nBreakPoint\n<\/td>\n<td >\nDispon\u00edvel\n<\/td>\n<\/tr>\n<tr>\n<td >\nCertifica\u00e7\u00e3o\n<\/td>\n<td >\nCE0197, FDA, GOST-R, NMPA, ISO13485\n<\/td>\n<\/tr>\n<tr>\n<td >\nEsteriliza\u00e7\u00e3o\n<\/td>\n<td >\nEOS\n<\/td>\n<\/tr>\n<tr>\n<td >\nPrazo de validade\n<\/td>\n<td >\n5 anos\n<\/td>\n<\/tr>\n<tr>\n<td rowspan=\"4\" >\nMedidas\n<\/td>\n<td >\nComprimento total (L): 133+\/-10mm\n<\/td>\n<\/tr>\n<tr>\n<td >\nComprimento da ponta (L1): 13+\/-5mm<br \/>\nDi\u00e2metro da ponta (D1): 4,5+\/-2mm\n<\/td>\n<\/tr>\n<tr>\n<td >\nDi\u00e2metro da haste (D2): 2,5+\/-1mm\n<\/td>\n<\/tr>\n<tr>\n<td >\nDi\u00e2metro da haste (D3): 2,5+\/-1mm\n<\/td>\n<\/tr>\n<tr>\n<td >\nC\u00f3digo HS\n<\/td>\n<td >\n300590\n<\/td>\n<\/tr>\n<\/tbody>\n<\/table>","protected":false},"featured_media":2961,"parent":0,"template":"","meta":{"_acf_changed":false,"_gspb_post_css":"","_kad_blocks_custom_css":"","_kad_blocks_head_custom_js":"","_kad_blocks_body_custom_js":"","_kad_blocks_footer_custom_js":"","_kad_post_transparent":"","_kad_post_title":"","_kad_post_layout":"","_kad_post_sidebar_id":"","_kad_post_content_style":"","_kad_post_vertical_padding":"","_kad_post_feature":"","_kad_post_feature_position":"","_kad_post_header":false,"_kad_post_footer":false,"_kad_post_classname":""},"product-category":[50],"product-tag":[75,76,77],"products-by-department":[63],"class_list":["post-3060","product","type-product","status-publish","has-post-thumbnail","hentry","product-category-disposable-sampling-swab","product-tag-protective-sheath","product-tag-specimen-collection","product-tag-viscose-tip","products-by-department-multiple-application"],"acf":[],"taxonomy_info":{"product-category":[{"value":50,"label":"Disposable Sampling Swab"}],"product-tag":[{"value":75,"label":"Protective Sheath"},{"value":76,"label":"Specimen Collection"},{"value":77,"label":"Viscose Tip"}],"products-by-department":[{"value":63,"label":"Multiple Application"}]},"featured_image_src_large":["https:\/\/hanheng-medical.com\/wp-content\/uploads\/2025\/04\/Dry-Transport-Swab-ViscoseRayon-Tipped-Swab-Specimen-Collection-Self-Sampling-and-Transportation-C-04-3.jpg",800,800,false],"author_info":[],"comment_info":"","_links":{"self":[{"href":"https:\/\/hanheng-medical.com\/pt\/wp-json\/wp\/v2\/product\/3060","targetHints":{"allow":["GET"]}}],"collection":[{"href":"https:\/\/hanheng-medical.com\/pt\/wp-json\/wp\/v2\/product"}],"about":[{"href":"https:\/\/hanheng-medical.com\/pt\/wp-json\/wp\/v2\/types\/product"}],"wp:featuredmedia":[{"embeddable":true,"href":"https:\/\/hanheng-medical.com\/pt\/wp-json\/wp\/v2\/media\/2961"}],"wp:attachment":[{"href":"https:\/\/hanheng-medical.com\/pt\/wp-json\/wp\/v2\/media?parent=3060"}],"wp:term":[{"taxonomy":"product-category","embeddable":true,"href":"https:\/\/hanheng-medical.com\/pt\/wp-json\/wp\/v2\/product-category?post=3060"},{"taxonomy":"product-tag","embeddable":true,"href":"https:\/\/hanheng-medical.com\/pt\/wp-json\/wp\/v2\/product-tag?post=3060"},{"taxonomy":"products-by-department","embeddable":true,"href":"https:\/\/hanheng-medical.com\/pt\/wp-json\/wp\/v2\/products-by-department?post=3060"}],"curies":[{"name":"wp","href":"https:\/\/api.w.org\/{rel}","templated":true}]}}