{"id":3054,"date":"2025-04-07T06:19:56","date_gmt":"2025-04-07T06:19:56","guid":{"rendered":"https:\/\/hanheng.easiwin.com\/product\/polyurethane-foam-swab-equipement-and-electronic-devices-maintenance-cleaning-longer-and-thicker-plastic-shaft-g-070\/"},"modified":"2025-04-07T06:19:56","modified_gmt":"2025-04-07T06:19:56","slug":"polyurethane-foam-swab-equipement-and-electronic-devices-maintenance-cleaning-longer-and-thicker-plastic-shaft-g-070","status":"publish","type":"product","link":"https:\/\/hanheng-medical.com\/pt\/product\/polyurethane-foam-swab-equipement-and-electronic-devices-maintenance-cleaning-longer-and-thicker-plastic-shaft-g-070\/","title":{"rendered":"Swab de Espuma de Poliuretano\/Manuten\u00e7\u00e3o de Equipamentos e Dispositivos Eletr\u00f4nicos Limpeza \/ Haste de Pl\u00e1stico Mais Longa e Espessa G-070"},"content":{"rendered":"<h2>Principais caracter\u00edsticas<\/h2>\n<ol>\n<li>A espuma de poliuretano \u00e9 resistente a rasgos e produtos qu\u00edmicos.<\/li>\n<li>Excelente absor\u00e7\u00e3o<\/li>\n<li>Sem fiapos e sem arranh\u00f5es<\/li>\n<li>Pode ser usado com \u00e1lcool, acetona, \u00f3leos, graxas e solventes<\/li>\n<\/ol>\n<table>\n<tbody>\n<tr>\n<td >\nNome do produto\n<\/td>\n<td >\nZaragatoa de amostragem descart\u00e1vel\n<\/td>\n<\/tr>\n<tr>\n<td >\nN\u00famero do item\n<\/td>\n<td >\nG-070\n<\/td>\n<\/tr>\n<tr>\n<td >\nComumente usado para\n<\/td>\n<td >\nM\u00faltiplas aplica\u00e7\u00f5es\n<\/td>\n<\/tr>\n<tr>\n<td rowspan=\"2\" >\nA demanda por escovas de citologia precisas, seguras e est\u00e9reis continua a crescer com a expans\u00e3o dos testes de diagn\u00f3stico em ginecologia, oncologia e medicina respirat\u00f3ria. Para laborat\u00f3rios de patologia, selecionar o fornecedor ou fabricante certo \u00e9 um investimento estrat\u00e9gico nos resultados dos pacientes e na efici\u00eancia operacional.\n<\/td>\n<td >\nPonta: Espuma de poliuretano\n<\/td>\n<\/tr>\n<tr>\n<td >\nHaste: Polipropileno (PP)\n<\/td>\n<\/tr>\n<tr>\n<td >\nBreakPoint\n<\/td>\n<td >\n50mm da ponta\n<\/td>\n<\/tr>\n<tr>\n<td >\nCertifica\u00e7\u00e3o\n<\/td>\n<td >\nCE0197, FDA, GOST-R, NMPA, ISO13485\n<\/td>\n<\/tr>\n<tr>\n<td >\nEsteriliza\u00e7\u00e3o\n<\/td>\n<td >\nEOS\n<\/td>\n<\/tr>\n<tr>\n<td >\nPrazo de validade\n<\/td>\n<td >\n5 anos\n<\/td>\n<\/tr>\n<tr>\n<td rowspan=\"3\" >\nMedidas\n<\/td>\n<td >\nComprimento Total (L): 230+\/-10mm\n<\/td>\n<\/tr>\n<tr>\n<td >\nComprimento da Ponta (L1): 28+\/-5mm<br \/>\nDi\u00e2metro da Ponta (D1): 12+\/-3mm\n<\/td>\n<\/tr>\n<tr>\n<td >\nDi\u00e2metro do Haste (D3): 4,3+\/-1mm\n<\/td>\n<\/tr>\n<tr>\n<td >\nC\u00f3digo HS\n<\/td>\n<td >\n300590\n<\/td>\n<\/tr>\n<\/tbody>\n<\/table>","protected":false},"featured_media":2927,"parent":0,"template":"","meta":{"_acf_changed":false,"_gspb_post_css":"","_kad_blocks_custom_css":"","_kad_blocks_head_custom_js":"","_kad_blocks_body_custom_js":"","_kad_blocks_footer_custom_js":"","_kad_post_transparent":"","_kad_post_title":"","_kad_post_layout":"","_kad_post_sidebar_id":"","_kad_post_content_style":"","_kad_post_vertical_padding":"","_kad_post_feature":"","_kad_post_feature_position":"","_kad_post_header":false,"_kad_post_footer":false,"_kad_post_classname":""},"product-category":[50],"product-tag":[73,72,69],"products-by-department":[63],"class_list":["post-3054","product","type-product","status-publish","has-post-thumbnail","hentry","product-category-disposable-sampling-swab","product-tag-exceptional-particle-entrapment","product-tag-free-of-adhesives-and-binders","product-tag-polyurethane-foam-tip","products-by-department-multiple-application"],"acf":[],"taxonomy_info":{"product-category":[{"value":50,"label":"Disposable Sampling Swab"}],"product-tag":[{"value":73,"label":"Exceptional particle entrapment"},{"value":72,"label":"Free of Adhesives and Binders"},{"value":69,"label":"Polyurethane Foam Tip"}],"products-by-department":[{"value":63,"label":"Multiple Application"}]},"featured_image_src_large":["https:\/\/hanheng-medical.com\/wp-content\/uploads\/2025\/04\/Polyurethane-Foam-SwabEquipement-and-Electronic-Devices-Maintenance-Cleaning-Longer-and-Thicker-Plastic-Shaft-G-070-2.jpg",800,800,false],"author_info":[],"comment_info":"","_links":{"self":[{"href":"https:\/\/hanheng-medical.com\/pt\/wp-json\/wp\/v2\/product\/3054","targetHints":{"allow":["GET"]}}],"collection":[{"href":"https:\/\/hanheng-medical.com\/pt\/wp-json\/wp\/v2\/product"}],"about":[{"href":"https:\/\/hanheng-medical.com\/pt\/wp-json\/wp\/v2\/types\/product"}],"wp:featuredmedia":[{"embeddable":true,"href":"https:\/\/hanheng-medical.com\/pt\/wp-json\/wp\/v2\/media\/2927"}],"wp:attachment":[{"href":"https:\/\/hanheng-medical.com\/pt\/wp-json\/wp\/v2\/media?parent=3054"}],"wp:term":[{"taxonomy":"product-category","embeddable":true,"href":"https:\/\/hanheng-medical.com\/pt\/wp-json\/wp\/v2\/product-category?post=3054"},{"taxonomy":"product-tag","embeddable":true,"href":"https:\/\/hanheng-medical.com\/pt\/wp-json\/wp\/v2\/product-tag?post=3054"},{"taxonomy":"products-by-department","embeddable":true,"href":"https:\/\/hanheng-medical.com\/pt\/wp-json\/wp\/v2\/products-by-department?post=3054"}],"curies":[{"name":"wp","href":"https:\/\/api.w.org\/{rel}","templated":true}]}}