{"id":3049,"date":"2025-04-07T06:19:56","date_gmt":"2025-04-07T06:19:56","guid":{"rendered":"https:\/\/hanheng.easiwin.com\/product\/polyurethane-foam-swab-nasal-specimen-collection-equipement-and-electronic-devices-cleaning-g-015\/"},"modified":"2025-05-19T09:32:21","modified_gmt":"2025-05-19T09:32:21","slug":"polyurethane-foam-swab-nasal-specimen-collection-equipement-and-electronic-devices-cleaning-g-015","status":"publish","type":"product","link":"https:\/\/hanheng-medical.com\/pt\/product\/polyurethane-foam-swab-nasal-specimen-collection-equipement-and-electronic-devices-cleaning-g-015\/","title":{"rendered":"Swab de espuma de poliuretano\/coleta de amostras nasais\/equipamentos e limpeza de dispositivos eletr\u00f4nicos G-015"},"content":{"rendered":"<h2>Principais caracter\u00edsticas<\/h2>\n<ol>\n<li>A espuma de poliuretano \u00e9 resistente a rasgos e produtos qu\u00edmicos.<\/li>\n<li>Excelente absor\u00e7\u00e3o<\/li>\n<li>Sem fiapos<\/li>\n<li>Esteriliza\u00e7\u00e3o e Prazo de Validade: Esterilizado por ETO com prazo de validade de 5 anos.<\/li>\n<li>Uso Seguro e Conveniente: Embalado individualmente, de uso \u00fanico e sem l\u00e1tex para m\u00e1xima higiene e seguran\u00e7a do paciente.<\/li>\n<\/ol>\n<table>\n<tbody>\n<tr>\n<td>Nome do produto<\/td>\n<td>Zaragatoa de amostragem descart\u00e1vel<\/td>\n<\/tr>\n<tr>\n<td>N\u00famero do item<\/td>\n<td>G-015<\/td>\n<\/tr>\n<tr>\n<td>Comumente usado para<\/td>\n<td>Diagn\u00f3sticos\/Coleta de Amostras (Nasal) Forense\/Gen\u00e9tica<br \/>\nM\u00e9dico<\/td>\n<\/tr>\n<tr>\n<td rowspan=\"2\">A demanda por escovas de citologia precisas, seguras e est\u00e9reis continua a crescer com a expans\u00e3o dos testes de diagn\u00f3stico em ginecologia, oncologia e medicina respirat\u00f3ria. Para laborat\u00f3rios de patologia, selecionar o fornecedor ou fabricante certo \u00e9 um investimento estrat\u00e9gico nos resultados dos pacientes e na efici\u00eancia operacional.<\/td>\n<td>Ponta: Espuma de Poliuretano<\/td>\n<\/tr>\n<tr>\n<td>Haste: Polipropileno (PP)<\/td>\n<\/tr>\n<tr>\n<td>BreakPoint<\/td>\n<td>NA<\/td>\n<\/tr>\n<tr>\n<td>Certifica\u00e7\u00e3o<\/td>\n<td>CE0197, FDA, GOST-R, NMPA, ISO13485<\/td>\n<\/tr>\n<tr>\n<td>Esteriliza\u00e7\u00e3o<\/td>\n<td>EOS<\/td>\n<\/tr>\n<tr>\n<td>Prazo de validade<\/td>\n<td>5 anos<\/td>\n<\/tr>\n<tr>\n<td rowspan=\"3\">Medidas<\/td>\n<td>Comprimento total (L): 80+\/-10mm<\/td>\n<\/tr>\n<tr>\n<td>Comprimento da ponta (L1): 15+\/-3mm<br \/>\nDi\u00e2metro da ponta (D1): 4+\/-1mm<\/td>\n<\/tr>\n<tr>\n<td>Di\u00e2metro da haste (D3): 2,5+\/-0,25mm<\/td>\n<\/tr>\n<tr>\n<td>C\u00f3digo HS<\/td>\n<td>300590<\/td>\n<\/tr>\n<\/tbody>\n<\/table>","protected":false},"featured_media":2936,"parent":0,"template":"","meta":{"_acf_changed":false,"_gspb_post_css":"","_kad_blocks_custom_css":"","_kad_blocks_head_custom_js":"","_kad_blocks_body_custom_js":"","_kad_blocks_footer_custom_js":"","_kad_post_transparent":"","_kad_post_title":"","_kad_post_layout":"","_kad_post_sidebar_id":"","_kad_post_content_style":"","_kad_post_vertical_padding":"","_kad_post_feature":"","_kad_post_feature_position":"","_kad_post_header":false,"_kad_post_footer":false,"_kad_post_classname":""},"product-category":[50],"product-tag":[71,73,72,69,70],"products-by-department":[63],"class_list":["post-3049","product","type-product","status-publish","has-post-thumbnail","hentry","product-category-disposable-sampling-swab","product-tag-cleaning","product-tag-exceptional-particle-entrapment","product-tag-free-of-adhesives-and-binders","product-tag-polyurethane-foam-tip","product-tag-sample-collection-and-diagnostics","products-by-department-multiple-application"],"acf":[],"taxonomy_info":{"product-category":[{"value":50,"label":"Disposable Sampling Swab"}],"product-tag":[{"value":71,"label":"Cleaning"},{"value":73,"label":"Exceptional particle entrapment"},{"value":72,"label":"Free of Adhesives and Binders"},{"value":69,"label":"Polyurethane Foam Tip"},{"value":70,"label":"Sample Collection and Diagnostics"}],"products-by-department":[{"value":63,"label":"Multiple Application"}]},"featured_image_src_large":["https:\/\/hanheng-medical.com\/wp-content\/uploads\/2025\/04\/Polyurethane-Foam-SwabNasal-Specimen-CollectionEquipement-and-Electronic-Devices-Cleaning-G-015-2.jpg",800,800,false],"author_info":[],"comment_info":"","_links":{"self":[{"href":"https:\/\/hanheng-medical.com\/pt\/wp-json\/wp\/v2\/product\/3049","targetHints":{"allow":["GET"]}}],"collection":[{"href":"https:\/\/hanheng-medical.com\/pt\/wp-json\/wp\/v2\/product"}],"about":[{"href":"https:\/\/hanheng-medical.com\/pt\/wp-json\/wp\/v2\/types\/product"}],"wp:featuredmedia":[{"embeddable":true,"href":"https:\/\/hanheng-medical.com\/pt\/wp-json\/wp\/v2\/media\/2936"}],"wp:attachment":[{"href":"https:\/\/hanheng-medical.com\/pt\/wp-json\/wp\/v2\/media?parent=3049"}],"wp:term":[{"taxonomy":"product-category","embeddable":true,"href":"https:\/\/hanheng-medical.com\/pt\/wp-json\/wp\/v2\/product-category?post=3049"},{"taxonomy":"product-tag","embeddable":true,"href":"https:\/\/hanheng-medical.com\/pt\/wp-json\/wp\/v2\/product-tag?post=3049"},{"taxonomy":"products-by-department","embeddable":true,"href":"https:\/\/hanheng-medical.com\/pt\/wp-json\/wp\/v2\/products-by-department?post=3049"}],"curies":[{"name":"wp","href":"https:\/\/api.w.org\/{rel}","templated":true}]}}