{"id":3030,"date":"2025-04-07T06:19:54","date_gmt":"2025-04-07T06:19:54","guid":{"rendered":"https:\/\/hanheng.easiwin.com\/product\/nylon-flocked-swab-ultra-thin-minitip-urethal-specimen-collection-a-05\/"},"modified":"2025-04-07T06:19:54","modified_gmt":"2025-04-07T06:19:54","slug":"nylon-flocked-swab-ultra-thin-minitip-urethal-specimen-collection-a-05","status":"publish","type":"product","link":"https:\/\/hanheng-medical.com\/pt\/product\/nylon-flocked-swab-ultra-thin-minitip-urethal-specimen-collection-a-05\/","title":{"rendered":"Cotonete floculado de nylon \/ MiniPonta Ultra-Fina \/ Coleta de amostras uretral A-05"},"content":{"rendered":"<h2>Principais caracter\u00edsticas<\/h2>\n<ol>\n<li>Recolha de amostras superior: O cotonete floculado n\u00e3o tem n\u00facleo interno para reter a amostra, permitindo uma absor\u00e7\u00e3o r\u00e1pida e garantindo uma elui\u00e7\u00e3o r\u00e1pida e completa da amostra.<\/li>\n<li>Concebido para m\u00faltiplos locais de recolha: V\u00e1rias dimens\u00f5es de haste e ponta tornam o cotonete floculado uma alternativa melhorada ao procedimento de recolha invasivo e dispendioso.<\/li>\n<li>O parceiro perfeito: O cotonete floculado pode ser combinado com diferentes meios de transporte de bacteriologia e virologia, expandindo a compatibilidade com in\u00fameros ensaios a jusante.<\/li>\n<li>Esteriliza\u00e7\u00e3o e Prazo de Validade: Esterilizado por ETO com prazo de validade de 5 anos.<\/li>\n<li>Uso Seguro e Conveniente: Embalado individualmente, de uso \u00fanico e sem l\u00e1tex para m\u00e1xima higiene e seguran\u00e7a do paciente.<\/li>\n<\/ol>\n<table>\n<tbody>\n<tr>\n<td >\nNome do produto\n<\/td>\n<td >\nZaragatoa de amostragem descart\u00e1vel\n<\/td>\n<\/tr>\n<tr>\n<td >\nN\u00famero do item\n<\/td>\n<td >\nA-05\n<\/td>\n<\/tr>\n<tr>\n<td >\nComumente usado para\n<\/td>\n<td >\nColeta de amostras uretral, Infec\u00e7\u00f5es Sexualmente Transmiss\u00edveis (ISTs)\n<\/td>\n<\/tr>\n<tr>\n<td rowspan=\"2\" >\nA demanda por escovas de citologia precisas, seguras e est\u00e9reis continua a crescer com a expans\u00e3o dos testes de diagn\u00f3stico em ginecologia, oncologia e medicina respirat\u00f3ria. Para laborat\u00f3rios de patologia, selecionar o fornecedor ou fabricante certo \u00e9 um investimento estrat\u00e9gico nos resultados dos pacientes e na efici\u00eancia operacional.\n<\/td>\n<td >\nPonta: Fios flocados de nylon\n<\/td>\n<\/tr>\n<tr>\n<td >\nHaste: Polipropileno (PP)\n<\/td>\n<\/tr>\n<tr>\n<td >\nBreakPoint\n<\/td>\n<td >\n65mm e 90mm da ponta\n<\/td>\n<\/tr>\n<tr>\n<td >\nCertifica\u00e7\u00e3o\n<\/td>\n<td >\nCE0197, FDA, GOST-R, NMPA, ISO13485\n<\/td>\n<\/tr>\n<tr>\n<td >\nEsteriliza\u00e7\u00e3o\n<\/td>\n<td >\nEOS\n<\/td>\n<\/tr>\n<tr>\n<td >\nPrazo de validade\n<\/td>\n<td >\n5 anos\n<\/td>\n<\/tr>\n<tr>\n<td rowspan=\"6\" >\nMedidas\n<\/td>\n<td >\nComprimento total (L): 176+\/-10mm\n<\/td>\n<\/tr>\n<tr>\n<td >\nComprimento da ponta (L1): 24+\/-3mm<br \/>\nDi\u00e2metro da ponta (D1): 2,5+\/-1mm\n<\/td>\n<\/tr>\n<tr>\n<td >\nDi\u00e2metro da haste (D2): 1,8+\/-0,5mm\n<\/td>\n<\/tr>\n<tr>\n<td >\nDi\u00e2metro da haste (D3): 6+\/-0,5mm\n<\/td>\n<\/tr>\n<tr>\n<td >\nPonto de ruptura (L2): 65+\/-5mm\n<\/td>\n<\/tr>\n<tr>\n<td >\nPonto de ruptura (L3): 90+\/-5mm\n<\/td>\n<\/tr>\n<tr>\n<td >\nC\u00f3digo HS\n<\/td>\n<td >\n300590\n<\/td>\n<\/tr>\n<\/tbody>\n<\/table>","protected":false},"featured_media":2919,"parent":0,"template":"","meta":{"_acf_changed":false,"_gspb_post_css":"","_kad_blocks_custom_css":"","_kad_blocks_head_custom_js":"","_kad_blocks_body_custom_js":"","_kad_blocks_footer_custom_js":"","_kad_post_transparent":"","_kad_post_title":"","_kad_post_layout":"","_kad_post_sidebar_id":"","_kad_post_content_style":"","_kad_post_vertical_padding":"","_kad_post_feature":"","_kad_post_feature_position":"","_kad_post_header":false,"_kad_post_footer":false,"_kad_post_classname":""},"product-category":[50],"product-tag":[51,45,57],"products-by-department":[58],"class_list":["post-3030","product","type-product","status-publish","has-post-thumbnail","hentry","product-category-disposable-sampling-swab","product-tag-flocked-tip","product-tag-molded-breakpoint","product-tag-specimen-collection-for-stis","products-by-department-urology"],"acf":[],"taxonomy_info":{"product-category":[{"value":50,"label":"Disposable Sampling Swab"}],"product-tag":[{"value":51,"label":"Flocked tip"},{"value":45,"label":"Molded Breakpoint"},{"value":57,"label":"Specimen Collection for STIs"}],"products-by-department":[{"value":58,"label":"Urology"}]},"featured_image_src_large":["https:\/\/hanheng-medical.com\/wp-content\/uploads\/2025\/04\/Nylon-Flocked-SwabUltra-Thin-MiniTipUrethal-Specimen-Collection-A-05\uff082\uff09.jpg",800,800,false],"author_info":[],"comment_info":"","_links":{"self":[{"href":"https:\/\/hanheng-medical.com\/pt\/wp-json\/wp\/v2\/product\/3030","targetHints":{"allow":["GET"]}}],"collection":[{"href":"https:\/\/hanheng-medical.com\/pt\/wp-json\/wp\/v2\/product"}],"about":[{"href":"https:\/\/hanheng-medical.com\/pt\/wp-json\/wp\/v2\/types\/product"}],"wp:featuredmedia":[{"embeddable":true,"href":"https:\/\/hanheng-medical.com\/pt\/wp-json\/wp\/v2\/media\/2919"}],"wp:attachment":[{"href":"https:\/\/hanheng-medical.com\/pt\/wp-json\/wp\/v2\/media?parent=3030"}],"wp:term":[{"taxonomy":"product-category","embeddable":true,"href":"https:\/\/hanheng-medical.com\/pt\/wp-json\/wp\/v2\/product-category?post=3030"},{"taxonomy":"product-tag","embeddable":true,"href":"https:\/\/hanheng-medical.com\/pt\/wp-json\/wp\/v2\/product-tag?post=3030"},{"taxonomy":"products-by-department","embeddable":true,"href":"https:\/\/hanheng-medical.com\/pt\/wp-json\/wp\/v2\/products-by-department?post=3030"}],"curies":[{"name":"wp","href":"https:\/\/api.w.org\/{rel}","templated":true}]}}