{"id":3026,"date":"2025-04-07T06:19:54","date_gmt":"2025-04-07T06:19:54","guid":{"rendered":"https:\/\/hanheng.easiwin.com\/product\/nylon-flocked-swab-oropharyngeal-op-throat-specimen-collection-various-sampling-site-a-01\/"},"modified":"2025-04-07T06:19:54","modified_gmt":"2025-04-07T06:19:54","slug":"nylon-flocked-swab-oropharyngeal-op-throat-specimen-collection-various-sampling-site-a-01","status":"publish","type":"product","link":"https:\/\/hanheng-medical.com\/pt\/product\/nylon-flocked-swab-oropharyngeal-op-throat-specimen-collection-various-sampling-site-a-01\/","title":{"rendered":"Swab Flocado de Nylon\/Coleta de Amostras Orofaringeais (OP) (garganta)\/V\u00e1rios Locais de Amostragem A-01"},"content":{"rendered":"<h2>Principais caracter\u00edsticas<\/h2>\n<ol>\n<li>Recolha de amostras superior: O cotonete floculado n\u00e3o tem n\u00facleo interno para reter a amostra, permitindo uma absor\u00e7\u00e3o r\u00e1pida e garantindo uma elui\u00e7\u00e3o r\u00e1pida e completa da amostra.<\/li>\n<li>Concebido para m\u00faltiplos locais de recolha: V\u00e1rias dimens\u00f5es de haste e ponta tornam o cotonete floculado uma alternativa melhorada ao procedimento de recolha invasivo e dispendioso.<\/li>\n<li>O parceiro perfeito: O cotonete floculado pode ser combinado com diferentes meios de transporte de bacteriologia e virologia, expandindo a compatibilidade com in\u00fameros ensaios a jusante.<\/li>\n<li>Esteriliza\u00e7\u00e3o e Prazo de Validade: Esterilizado por ETO com prazo de validade de 5 anos.<\/li>\n<li>Uso Seguro e Conveniente: Embalado individualmente, de uso \u00fanico e sem l\u00e1tex para m\u00e1xima higiene e seguran\u00e7a do paciente.<\/li>\n<\/ol>\n<table >\n<tbody>\n<tr>\n<td >Nome do produto<\/td>\n<td >Zaragatoa de amostragem descart\u00e1vel<\/td>\n<\/tr>\n<tr>\n<td >N\u00famero do item<\/td>\n<td >A-01<\/td>\n<\/tr>\n<tr>\n<td rowspan=\"3\" >Comumente usado para<\/td>\n<td >Local de Coleta:<\/td>\n<\/tr>\n<tr>\n<td >Orofaringe (Garganta), vaginal, virilha, axila, retal, ferida, bucal, fezes;<\/td>\n<\/tr>\n<tr>\n<td >Covid 19\/Gripe A&amp;B\/PCR<\/td>\n<\/tr>\n<tr>\n<td rowspan=\"2\" >A demanda por escovas de citologia precisas, seguras e est\u00e9reis continua a crescer com a expans\u00e3o dos testes de diagn\u00f3stico em ginecologia, oncologia e medicina respirat\u00f3ria. Para laborat\u00f3rios de patologia, selecionar o fornecedor ou fabricante certo \u00e9 um investimento estrat\u00e9gico nos resultados dos pacientes e na efici\u00eancia operacional.<\/td>\n<td >Ponta: Fios flocados de nylon<\/td>\n<\/tr>\n<tr>\n<td >Haste: Acrilonitrila Butadieno Estireno (ABS)<\/td>\n<\/tr>\n<tr>\n<td >BreakPoint<\/td>\n<td >30mm ou 75mm da ponta<\/td>\n<\/tr>\n<tr>\n<td >Certifica\u00e7\u00e3o<\/td>\n<td >CE0197, FDA, GOST-R, NMPA, ISO13485<\/td>\n<\/tr>\n<tr>\n<td >Esteriliza\u00e7\u00e3o<\/td>\n<td >EOS<\/td>\n<\/tr>\n<tr>\n<td >Prazo de validade<\/td>\n<td >5 anos<\/td>\n<\/tr>\n<tr>\n<td rowspan=\"7\" >Medidas<\/td>\n<td >Comprimento Total (L): 152+\/-10mm<\/td>\n<\/tr>\n<tr>\n<td >Comprimento da Ponta (L1): 23+\/-3mm<\/td>\n<\/tr>\n<tr>\n<td >Di\u00e2metro da ponta (D1): 6+\/-1,5mm<\/td>\n<\/tr>\n<tr>\n<td >Di\u00e2metro da Haste (D2): 2+\/-0,5mm<\/td>\n<\/tr>\n<tr>\n<td >Di\u00e2metro da haste (D3): 2,5+\/-0,25mm<\/td>\n<\/tr>\n<tr>\n<td >Ponto de Ruptura (L2): 30+\/-5mm<\/td>\n<\/tr>\n<tr>\n<td >Ponto de Ruptura (L3): 75+\/-5mm<\/td>\n<\/tr>\n<tr>\n<td >C\u00f3digo HS<\/td>\n<td >300590<\/td>\n<\/tr>\n<\/tbody>\n<\/table>","protected":false},"featured_media":2914,"parent":0,"template":"","meta":{"_acf_changed":false,"_gspb_post_css":"","_kad_blocks_custom_css":"","_kad_blocks_head_custom_js":"","_kad_blocks_body_custom_js":"","_kad_blocks_footer_custom_js":"","_kad_post_transparent":"","_kad_post_title":"","_kad_post_layout":"","_kad_post_sidebar_id":"","_kad_post_content_style":"","_kad_post_vertical_padding":"","_kad_post_feature":"","_kad_post_feature_position":"","_kad_post_header":false,"_kad_post_footer":false,"_kad_post_classname":""},"product-category":[50],"product-tag":[51,45,52],"products-by-department":[53],"class_list":["post-3026","product","type-product","status-publish","has-post-thumbnail","hentry","product-category-disposable-sampling-swab","product-tag-flocked-tip","product-tag-molded-breakpoint","product-tag-respiratory-specimen-collection","products-by-department-respiratory"],"acf":[],"taxonomy_info":{"product-category":[{"value":50,"label":"Disposable Sampling Swab"}],"product-tag":[{"value":51,"label":"Flocked tip"},{"value":45,"label":"Molded Breakpoint"},{"value":52,"label":"Respiratory Specimen Collection"}],"products-by-department":[{"value":53,"label":"Respiratory"}]},"featured_image_src_large":["https:\/\/hanheng-medical.com\/wp-content\/uploads\/2025\/04\/Nylon-Flocked-SwabOropharyngeal-OP-throat-Specimen-CollectionVarious-Sampling-Site-A-01-02.jpg",800,800,false],"author_info":[],"comment_info":"","_links":{"self":[{"href":"https:\/\/hanheng-medical.com\/pt\/wp-json\/wp\/v2\/product\/3026","targetHints":{"allow":["GET"]}}],"collection":[{"href":"https:\/\/hanheng-medical.com\/pt\/wp-json\/wp\/v2\/product"}],"about":[{"href":"https:\/\/hanheng-medical.com\/pt\/wp-json\/wp\/v2\/types\/product"}],"wp:featuredmedia":[{"embeddable":true,"href":"https:\/\/hanheng-medical.com\/pt\/wp-json\/wp\/v2\/media\/2914"}],"wp:attachment":[{"href":"https:\/\/hanheng-medical.com\/pt\/wp-json\/wp\/v2\/media?parent=3026"}],"wp:term":[{"taxonomy":"product-category","embeddable":true,"href":"https:\/\/hanheng-medical.com\/pt\/wp-json\/wp\/v2\/product-category?post=3026"},{"taxonomy":"product-tag","embeddable":true,"href":"https:\/\/hanheng-medical.com\/pt\/wp-json\/wp\/v2\/product-tag?post=3026"},{"taxonomy":"products-by-department","embeddable":true,"href":"https:\/\/hanheng-medical.com\/pt\/wp-json\/wp\/v2\/products-by-department?post=3026"}],"curies":[{"name":"wp","href":"https:\/\/api.w.org\/{rel}","templated":true}]}}