{"id":2490,"date":"2025-03-21T01:36:09","date_gmt":"2025-03-21T01:36:09","guid":{"rendered":"https:\/\/hanheng.easiwin.com\/product\/cytological-brush-pap-smear-chlamydia-hpv-screening-8102a01\/"},"modified":"2025-05-09T07:44:03","modified_gmt":"2025-05-09T07:44:03","slug":"cytological-brush-pap-smear-chlamydia-hpv-screening-8102a01","status":"publish","type":"product","link":"https:\/\/hanheng-medical.com\/pt\/product\/cytological-brush-pap-smear-chlamydia-hpv-screening-8102a01\/","title":{"rendered":"Escova citol\u00f3gica\/Papanicolau\/clam\u00eddia\/rastreamento de HPV 8102A01"},"content":{"rendered":"<h2>Principais caracter\u00edsticas<\/h2>\n<ol>\n<li>Coleta de amostras confi\u00e1vel: Garante a coleta de material citol\u00f3gico suficiente da \u00e1rea endocervical para diagn\u00f3sticos precisos.<\/li>\n<li>Inser\u00e7\u00e3o f\u00e1cil: O formato c\u00f4nico permite uma inser\u00e7\u00e3o suave e sem esfor\u00e7o, mesmo em casos de colo do \u00fatero esten\u00f3tico.<\/li>\n<li>Indolor e confort\u00e1vel: Cerdas de nylon macias proporcionam uma experi\u00eancia suave e sem dor para as pacientes.<\/li>\n<li>Esteriliza\u00e7\u00e3o e Prazo de Validade: Dispon\u00edvel como esterilizado por ETO com um prazo de validade de 5 anos ou numa op\u00e7\u00e3o n\u00e3o est\u00e9ril.<\/li>\n<li>Embalagem e Utiliza\u00e7\u00e3o Flex\u00edveis: Embalado individualmente ou dispon\u00edvel a granel, concebido para utiliza\u00e7\u00e3o \u00fanica.<\/li>\n<li>Seguro e hipoalerg\u00e9nico: Sem l\u00e1tex, minimizando o risco de rea\u00e7\u00f5es al\u00e9rgicas.<\/li>\n<\/ol>\n<table>\n<tbody>\n<tr>\n<td>Nome do produto<\/td>\n<td>Escova de amostragem descart\u00e1vel<\/td>\n<\/tr>\n<tr>\n<td>N\u00famero do item<\/td>\n<td>8102A01<\/td>\n<\/tr>\n<tr>\n<td rowspan=\"3\">A demanda por escovas de citologia precisas, seguras e est\u00e9reis continua a crescer com a expans\u00e3o dos testes de diagn\u00f3stico em ginecologia, oncologia e medicina respirat\u00f3ria. Para laborat\u00f3rios de patologia, selecionar o fornecedor ou fabricante certo \u00e9 um investimento estrat\u00e9gico nos resultados dos pacientes e na efici\u00eancia operacional.<\/td>\n<td>Cabe\u00e7a de amostragem: Fio de nylon, SUS 304<\/td>\n<\/tr>\n<tr>\n<td>Haste de amostragem: Polipropileno<\/td>\n<\/tr>\n<tr>\n<td>Ponta de Bulbo Protetora: NA<\/td>\n<\/tr>\n<tr>\n<td>Certifica\u00e7\u00e3o<\/td>\n<td>CE0197, FDA, GOST-R, NMPA, ISO13485<\/td>\n<\/tr>\n<tr>\n<td>Esteriliza\u00e7\u00e3o<\/td>\n<td>EOS<\/td>\n<\/tr>\n<tr>\n<td>Prazo de validade<\/td>\n<td>5 anos<\/td>\n<\/tr>\n<tr>\n<td rowspan=\"4\">Medidas<\/td>\n<td>Comprimento total (L): 195+\/-10mm<\/td>\n<\/tr>\n<tr>\n<td>Comprimento da cabe\u00e7a (C1): 22+\/-5mm<\/td>\n<\/tr>\n<tr>\n<td>Di\u00e2metro da cabe\u00e7a (D1): 5+\/-2mm;<\/td>\n<\/tr>\n<tr>\n<td>Di\u00e2metro da haste (D2): 3+\/-1mm;<\/td>\n<\/tr>\n<tr>\n<td>C\u00f3digo HS<\/td>\n<td>901890<\/td>\n<\/tr>\n<\/tbody>\n<\/table>","protected":false},"featured_media":2433,"parent":0,"template":"","meta":{"_acf_changed":false,"_gspb_post_css":"","_kad_blocks_custom_css":"","_kad_blocks_head_custom_js":"","_kad_blocks_body_custom_js":"","_kad_blocks_footer_custom_js":"","_kad_post_transparent":"","_kad_post_title":"","_kad_post_layout":"","_kad_post_sidebar_id":"","_kad_post_content_style":"","_kad_post_vertical_padding":"","_kad_post_feature":"","_kad_post_feature_position":"","_kad_post_header":false,"_kad_post_footer":false,"_kad_post_classname":""},"product-category":[39],"product-tag":[40,41],"products-by-department":[33],"class_list":["post-2490","product","type-product","status-publish","has-post-thumbnail","hentry","product-category-disposable-sampling-brush","product-tag-cytology","product-tag-pap-smear","products-by-department-gynecology"],"acf":[],"taxonomy_info":{"product-category":[{"value":39,"label":"Disposable Sampling Brush"}],"product-tag":[{"value":40,"label":"Cytology"},{"value":41,"label":"Pap Smear"}],"products-by-department":[{"value":33,"label":"Gynecology"}]},"featured_image_src_large":["https:\/\/hanheng-medical.com\/wp-content\/uploads\/2025\/03\/Cytological-brushPap-SmearchlamydiaHPV-Screening-8102A01-2.jpg",800,800,false],"author_info":[],"comment_info":"","_links":{"self":[{"href":"https:\/\/hanheng-medical.com\/pt\/wp-json\/wp\/v2\/product\/2490","targetHints":{"allow":["GET"]}}],"collection":[{"href":"https:\/\/hanheng-medical.com\/pt\/wp-json\/wp\/v2\/product"}],"about":[{"href":"https:\/\/hanheng-medical.com\/pt\/wp-json\/wp\/v2\/types\/product"}],"wp:featuredmedia":[{"embeddable":true,"href":"https:\/\/hanheng-medical.com\/pt\/wp-json\/wp\/v2\/media\/2433"}],"wp:attachment":[{"href":"https:\/\/hanheng-medical.com\/pt\/wp-json\/wp\/v2\/media?parent=2490"}],"wp:term":[{"taxonomy":"product-category","embeddable":true,"href":"https:\/\/hanheng-medical.com\/pt\/wp-json\/wp\/v2\/product-category?post=2490"},{"taxonomy":"product-tag","embeddable":true,"href":"https:\/\/hanheng-medical.com\/pt\/wp-json\/wp\/v2\/product-tag?post=2490"},{"taxonomy":"products-by-department","embeddable":true,"href":"https:\/\/hanheng-medical.com\/pt\/wp-json\/wp\/v2\/products-by-department?post=2490"}],"curies":[{"name":"wp","href":"https:\/\/api.w.org\/{rel}","templated":true}]}}