{"id":2279,"date":"2025-03-19T06:18:01","date_gmt":"2025-03-19T06:18:01","guid":{"rendered":"https:\/\/hanheng.easiwin.com\/product\/cervical-scancer-screening-hpv-screening-double-tips-broom-tip-and-nylon-conical-cytobrush-tip-8316\/"},"modified":"2025-05-13T01:02:09","modified_gmt":"2025-05-13T01:02:09","slug":"cervical-scancer-screening-hpv-screening-double-tips-broom-tip-and-nylon-conical-cytobrush-tip-8316","status":"publish","type":"product","link":"https:\/\/hanheng-medical.com\/pt\/product\/cervical-scancer-screening-hpv-screening-double-tips-broom-tip-and-nylon-conical-cytobrush-tip-8316\/","title":{"rendered":"Rastreamento de c\u00e2ncer de colo de \u00fatero e rastreamento de HPV\/pontas duplas Ponta de escova e ponta de citobrocha c\u00f4nica de nylon  8316"},"content":{"rendered":"<h2>Principais caracter\u00edsticas<\/h2>\n<ol>\n<li>Ponta semelhante a uma flor: Feita de pelos macios e flex\u00edveis, semicirculares e bem definidos para coleta ideal de amostras.<\/li>\n<li>Ponta de escova c\u00f4nica de nylon: O formato c\u00f4nico permite f\u00e1cil inser\u00e7\u00e3o, mesmo em casos de colo do \u00fatero esten\u00f3tico, enquanto as cerdas de nylon macias garantem um procedimento totalmente indolor.<\/li>\n<li>Esteriliza\u00e7\u00e3o e Prazo de Validade: Esterilizado por ETO com prazo de validade de 5 anos.<\/li>\n<li>Embalagem e Uso: Embalado individualmente e projetado para uso \u00fanico.<\/li>\n<\/ol>\n<table>\n<tbody>\n<tr>\n<td>\n<p>Nome do produto<\/p>\n<\/td>\n<td>\n<p>Amostrador cervical descart\u00e1vel<\/p>\n<\/td>\n<\/tr>\n<tr>\n<td>\n<p>N\u00famero do item<\/p>\n<\/td>\n<td>\n<p>831601<\/p>\n<\/td>\n<\/tr>\n<tr>\n<td rowspan=\"3\">\n<p>A demanda por escovas de citologia precisas, seguras e est\u00e9reis continua a crescer com a expans\u00e3o dos testes de diagn\u00f3stico em ginecologia, oncologia e medicina respirat\u00f3ria. Para laborat\u00f3rios de patologia, selecionar o fornecedor ou fabricante certo \u00e9 um investimento estrat\u00e9gico nos resultados dos pacientes e na efici\u00eancia operacional.<\/p>\n<\/td>\n<td>\n<p>Ponta: Cerdas de Polietileno, Fio de Nylon, SUS 304<\/p>\n<\/td>\n<\/tr>\n<tr>\n<td>\n<p>Haste: Polipropileno<\/p>\n<\/td>\n<\/tr>\n<tr>\n<td>\n<p>Tubo de press\u00e3o: NA<\/p>\n<\/td>\n<\/tr>\n<tr>\n<td>\n<p>Certifica\u00e7\u00e3o<\/p>\n<\/td>\n<td>\n<p>CE0197, FDA, GOST-R, NMPA, ISO13485<\/p>\n<\/td>\n<\/tr>\n<tr>\n<td>\n<p>Esteriliza\u00e7\u00e3o<\/p>\n<\/td>\n<td>\n<p>EOS<\/p>\n<\/td>\n<\/tr>\n<tr>\n<td>\n<p>Prazo de validade<\/p>\n<\/td>\n<td>\n<p>5 anos<\/p>\n<\/td>\n<\/tr>\n<tr>\n<td rowspan=\"3\">\n<p>Medidas<\/p>\n<\/td>\n<td>\n<p>Comprimento total (L): 195+\/-10mm<\/p>\n<\/td>\n<\/tr>\n<tr>\n<td>\n<p>Di\u00e2metro da ponta (D1): 18,5+\/-2mm<\/p>\n<\/td>\n<\/tr>\n<tr>\n<td>\n<p>Di\u00e2metro da haste (D2): 3+\/-1mm;<\/p>\n<\/td>\n<\/tr>\n<tr>\n<td>\n<p>C\u00f3digo HS<\/p>\n<\/td>\n<td>\n<p>901890<\/p>\n<\/td>\n<\/tr>\n<\/tbody>\n<\/table>\n\n\n<figure class=\"wp-block-image size-full\"><img loading=\"lazy\" decoding=\"async\" width=\"988\" height=\"175\" src=\"https:\/\/hanheng-medical.com\/wp-content\/uploads\/2025\/03\/8316.jpg\" alt=\"\" class=\"wp-image-2309\" title=\"\" srcset=\"https:\/\/hanheng-medical.com\/wp-content\/uploads\/2025\/03\/8316.jpg 988w, https:\/\/hanheng-medical.com\/wp-content\/uploads\/2025\/03\/8316-300x53.jpg 300w, https:\/\/hanheng-medical.com\/wp-content\/uploads\/2025\/03\/8316-768x136.jpg 768w\" sizes=\"auto, (max-width: 988px) 100vw, 988px\" \/><\/figure>","protected":false},"featured_media":2258,"parent":0,"template":"","meta":{"_acf_changed":true,"_gspb_post_css":"","_kad_blocks_custom_css":"","_kad_blocks_head_custom_js":"","_kad_blocks_body_custom_js":"","_kad_blocks_footer_custom_js":"","_kad_post_transparent":"","_kad_post_title":"","_kad_post_layout":"","_kad_post_sidebar_id":"","_kad_post_content_style":"","_kad_post_vertical_padding":"","_kad_post_feature":"","_kad_post_feature_position":"","_kad_post_header":false,"_kad_post_footer":false,"_kad_post_classname":""},"product-category":[28],"product-tag":[29,34,30,35],"products-by-department":[33],"class_list":["post-2279","product","type-product","status-publish","has-post-thumbnail","hentry","product-category-disposable-cervical-sampler","product-tag-gynaecological-examinations","product-tag-hpv","product-tag-liquid-based-cytology","product-tag-pap","products-by-department-gynecology"],"acf":[],"taxonomy_info":{"product-category":[{"value":28,"label":"Disposable Cervical Sampler"}],"product-tag":[{"value":29,"label":"Gynaecological Examinations"},{"value":34,"label":"Hpv"},{"value":30,"label":"Liquid-Based Cytology"},{"value":35,"label":"Pap"}],"products-by-department":[{"value":33,"label":"Gynecology"}]},"featured_image_src_large":["https:\/\/hanheng-medical.com\/wp-content\/uploads\/2025\/03\/Cervical-Scancer-Screening-HPV-ScreeningDouble-tips-Broom-tip-and-Nylon-Conical-cytobrush-tip-831601-3.jpg",800,800,false],"author_info":[],"comment_info":"","_links":{"self":[{"href":"https:\/\/hanheng-medical.com\/pt\/wp-json\/wp\/v2\/product\/2279","targetHints":{"allow":["GET"]}}],"collection":[{"href":"https:\/\/hanheng-medical.com\/pt\/wp-json\/wp\/v2\/product"}],"about":[{"href":"https:\/\/hanheng-medical.com\/pt\/wp-json\/wp\/v2\/types\/product"}],"wp:featuredmedia":[{"embeddable":true,"href":"https:\/\/hanheng-medical.com\/pt\/wp-json\/wp\/v2\/media\/2258"}],"wp:attachment":[{"href":"https:\/\/hanheng-medical.com\/pt\/wp-json\/wp\/v2\/media?parent=2279"}],"wp:term":[{"taxonomy":"product-category","embeddable":true,"href":"https:\/\/hanheng-medical.com\/pt\/wp-json\/wp\/v2\/product-category?post=2279"},{"taxonomy":"product-tag","embeddable":true,"href":"https:\/\/hanheng-medical.com\/pt\/wp-json\/wp\/v2\/product-tag?post=2279"},{"taxonomy":"products-by-department","embeddable":true,"href":"https:\/\/hanheng-medical.com\/pt\/wp-json\/wp\/v2\/products-by-department?post=2279"}],"curies":[{"name":"wp","href":"https:\/\/api.w.org\/{rel}","templated":true}]}}