{"id":2278,"date":"2025-03-19T06:18:01","date_gmt":"2025-03-19T06:18:01","guid":{"rendered":"https:\/\/hanheng.easiwin.com\/product\/vagianl-swab-bacterial-vaginosis-yeast-infections-sexually-transmitted-infections-8321\/"},"modified":"2025-05-13T01:03:28","modified_gmt":"2025-05-13T01:03:28","slug":"vagianl-swab-bacterial-vaginosis-yeast-infections-sexually-transmitted-infections-8321","status":"publish","type":"product","link":"https:\/\/hanheng-medical.com\/pt\/product\/vagianl-swab-bacterial-vaginosis-yeast-infections-sexually-transmitted-infections-8321\/","title":{"rendered":"Cotonete vaginal \/ Vaginose bacteriana \/ infec\u00e7\u00f5es por fungos \/ Infec\u00e7\u00f5es sexualmente transmiss\u00edveis 8321"},"content":{"rendered":"<h2>Principais caracter\u00edsticas<\/h2>\n<ul>\n<li>Alta Coleta de C\u00e9lulas e Elui\u00e7\u00e3o R\u00e1pida: A ponta do swab flocada foi projetada para coleta eficiente de c\u00e9lulas e garante a libera\u00e7\u00e3o imediata de esp\u00e9cimes no meio de transporte.<\/li>\n<li>Sem N\u00facleo Interno de Colch\u00e3o: Evita a dispers\u00e3o e aprisionamento da amostra, preservando a integridade m\u00e1xima do esp\u00e9cime.<\/li>\n<li>Esteriliza\u00e7\u00e3o e Prazo de Validade: Esterilizado por ETO com prazo de validade de 5 anos.<\/li>\n<li>Embalagem e Uso: Embalado individualmente e de uso \u00fanico para higiene e seguran\u00e7a ideais.<\/li>\n<\/ul>\n<table>\n<tbody>\n<tr>\n<td>\n<p>Nome do produto<\/p>\n<\/td>\n<td>\n<p>Amostrador cervical descart\u00e1vel<\/p>\n<\/td>\n<\/tr>\n<tr>\n<td>\n<p>N\u00famero do item<\/p>\n<\/td>\n<td>\n<p>8321<\/p>\n<\/td>\n<\/tr>\n<tr>\n<td rowspan=\"2\">\n<p>A demanda por escovas de citologia precisas, seguras e est\u00e9reis continua a crescer com a expans\u00e3o dos testes de diagn\u00f3stico em ginecologia, oncologia e medicina respirat\u00f3ria. Para laborat\u00f3rios de patologia, selecionar o fornecedor ou fabricante certo \u00e9 um investimento estrat\u00e9gico nos resultados dos pacientes e na efici\u00eancia operacional.<\/p>\n<\/td>\n<td>\n<p>Ponta: Nylon<\/p>\n<\/td>\n<\/tr>\n<tr>\n<td>\n<p>Haste: Polipropileno<\/p>\n<\/td>\n<\/tr>\n<tr>\n<td>\n<p>Certifica\u00e7\u00e3o<\/p>\n<\/td>\n<td>\n<p>CE0197, FDA, GOST-R, NMPA, ISO13485<\/p>\n<\/td>\n<\/tr>\n<tr>\n<td>\n<p>Esteriliza\u00e7\u00e3o<\/p>\n<\/td>\n<td>\n<p>EOS<\/p>\n<\/td>\n<\/tr>\n<tr>\n<td>\n<p>Prazo de validade<\/p>\n<\/td>\n<td>\n<p>5 anos<\/p>\n<\/td>\n<\/tr>\n<tr>\n<td rowspan=\"3\">\n<p>Medidas<\/p>\n<\/td>\n<td>\n<p>Comprimento total (L): 202+\/-10mm<\/p>\n<\/td>\n<\/tr>\n<tr>\n<td>\n<p>Di\u00e2metro da ponta (D1): 9,5+\/-2mm<\/p>\n<\/td>\n<\/tr>\n<tr>\n<td>\n<p>Di\u00e2metro da haste (D2): 5+\/-1mm;<\/p>\n<\/td>\n<\/tr>\n<tr>\n<td>\n<p>C\u00f3digo HS<\/p>\n<\/td>\n<td>\n<p>901890<\/p>\n<\/td>\n<\/tr>\n<\/tbody>\n<\/table>\n\n\n<figure class=\"wp-block-image size-large\"><img loading=\"lazy\" decoding=\"async\" width=\"1024\" height=\"111\" src=\"https:\/\/hanheng-medical.com\/wp-content\/uploads\/2025\/03\/8321-1024x111.jpg\" alt=\"\" class=\"wp-image-2327\" title=\"\" srcset=\"https:\/\/hanheng-medical.com\/wp-content\/uploads\/2025\/03\/8321-1024x111.jpg 1024w, https:\/\/hanheng-medical.com\/wp-content\/uploads\/2025\/03\/8321-300x33.jpg 300w, https:\/\/hanheng-medical.com\/wp-content\/uploads\/2025\/03\/8321-768x83.jpg 768w, https:\/\/hanheng-medical.com\/wp-content\/uploads\/2025\/03\/8321.jpg 1052w\" sizes=\"auto, (max-width: 1024px) 100vw, 1024px\" \/><\/figure>","protected":false},"featured_media":2235,"parent":0,"template":"","meta":{"_acf_changed":true,"_gspb_post_css":"","_kad_blocks_custom_css":"","_kad_blocks_head_custom_js":"","_kad_blocks_body_custom_js":"","_kad_blocks_footer_custom_js":"","_kad_post_transparent":"","_kad_post_title":"","_kad_post_layout":"","_kad_post_sidebar_id":"","_kad_post_content_style":"","_kad_post_vertical_padding":"","_kad_post_feature":"","_kad_post_feature_position":"","_kad_post_header":false,"_kad_post_footer":false,"_kad_post_classname":""},"product-category":[28],"product-tag":[29,38,36,37],"products-by-department":[33],"class_list":["post-2278","product","type-product","status-publish","has-post-thumbnail","hentry","product-category-disposable-cervical-sampler","product-tag-gynaecological-examinations","product-tag-nylon-flocking-tip","product-tag-reproductive-health","product-tag-sti-test","products-by-department-gynecology"],"acf":[],"taxonomy_info":{"product-category":[{"value":28,"label":"Disposable Cervical Sampler"}],"product-tag":[{"value":29,"label":"Gynaecological Examinations"},{"value":38,"label":"Nylon Flocking Tip"},{"value":36,"label":"Reproductive Health"},{"value":37,"label":"Sti Test"}],"products-by-department":[{"value":33,"label":"Gynecology"}]},"featured_image_src_large":["https:\/\/hanheng-medical.com\/wp-content\/uploads\/2025\/03\/Vagianl-Swab-Bacterial-vaginosisyeast-infectionsSexually-transmitted-infections-8321\uff082\uff09.jpg",800,800,false],"author_info":[],"comment_info":"","_links":{"self":[{"href":"https:\/\/hanheng-medical.com\/pt\/wp-json\/wp\/v2\/product\/2278","targetHints":{"allow":["GET"]}}],"collection":[{"href":"https:\/\/hanheng-medical.com\/pt\/wp-json\/wp\/v2\/product"}],"about":[{"href":"https:\/\/hanheng-medical.com\/pt\/wp-json\/wp\/v2\/types\/product"}],"wp:featuredmedia":[{"embeddable":true,"href":"https:\/\/hanheng-medical.com\/pt\/wp-json\/wp\/v2\/media\/2235"}],"wp:attachment":[{"href":"https:\/\/hanheng-medical.com\/pt\/wp-json\/wp\/v2\/media?parent=2278"}],"wp:term":[{"taxonomy":"product-category","embeddable":true,"href":"https:\/\/hanheng-medical.com\/pt\/wp-json\/wp\/v2\/product-category?post=2278"},{"taxonomy":"product-tag","embeddable":true,"href":"https:\/\/hanheng-medical.com\/pt\/wp-json\/wp\/v2\/product-tag?post=2278"},{"taxonomy":"products-by-department","embeddable":true,"href":"https:\/\/hanheng-medical.com\/pt\/wp-json\/wp\/v2\/products-by-department?post=2278"}],"curies":[{"name":"wp","href":"https:\/\/api.w.org\/{rel}","templated":true}]}}