{"id":2263,"date":"2025-03-19T06:18:01","date_gmt":"2025-03-19T06:18:01","guid":{"rendered":"https:\/\/hanheng.easiwin.com\/product\/cervical-scancer-screening-cervix-cervical-brushboom-like-device-8303\/"},"modified":"2025-05-13T01:02:32","modified_gmt":"2025-05-13T01:02:32","slug":"cervical-scancer-screening-cervix-cervical-brushboom-like-device-8303","status":"publish","type":"product","link":"https:\/\/hanheng-medical.com\/pt\/product\/cervical-scancer-screening-cervix-cervical-brushboom-like-device-8303\/","title":{"rendered":"Rastreio de Cancro do Colo do \u00datero\/Escova Cervical (dispositivo semelhante a uma haste) 8303"},"content":{"rendered":"<h2>Principais caracter\u00edsticas<\/h2>\n<ol>\n<li>Coleta ideal de amostras: Feito de pelos macios e flex\u00edveis, semicirculares e bem definidos para efici\u00eancia superior de coleta de c\u00e9lulas.<\/li>\n<li>A cabe\u00e7a da escova destac\u00e1vel opcional pode ser fornecida dependendo do m\u00e9todo LBC utilizado.<\/li>\n<li>3. Esteriliza\u00e7\u00e3o e Prazo de Validade: Esterilizado por ETO com um prazo de validade de 5 anos.<\/li>\n<li>4. Utiliza\u00e7\u00e3o Segura e Conveniente: Embalado individualmente, de uso \u00fanico e sem l\u00e1tex para m\u00e1xima higiene e seguran\u00e7a do paciente.<\/li>\n<\/ol>\n<table>\n<tbody>\n<tr>\n<td>\n<p>Nome do produto<\/p>\n<\/td>\n<td>\n<p>Amostrador cervical descart\u00e1vel<\/p>\n<\/td>\n<\/tr>\n<tr>\n<td>\n<p>N\u00famero do item<\/p>\n<\/td>\n<td>\n<p>8303<\/p>\n<\/td>\n<\/tr>\n<tr>\n<td rowspan=\"3\">\n<p>A demanda por escovas de citologia precisas, seguras e est\u00e9reis continua a crescer com a expans\u00e3o dos testes de diagn\u00f3stico em ginecologia, oncologia e medicina respirat\u00f3ria. Para laborat\u00f3rios de patologia, selecionar o fornecedor ou fabricante certo \u00e9 um investimento estrat\u00e9gico nos resultados dos pacientes e na efici\u00eancia operacional.<\/p>\n<\/td>\n<td>\n<p>Ponta: Cerdas de polietileno<\/p>\n<\/td>\n<\/tr>\n<tr>\n<td>\n<p>Haste: Polipropileno (Azul ou Rosa)<\/p>\n<\/td>\n<\/tr>\n<tr>\n<td>\n<p>Tubo de Empuxo: Polipropileno<\/p>\n<\/td>\n<\/tr>\n<tr>\n<td>\n<p>Certifica\u00e7\u00e3o<\/p>\n<\/td>\n<td>\n<p>CE0197, FDA, GOST-R, NMPA, ISO13485<\/p>\n<\/td>\n<\/tr>\n<tr>\n<td>\n<p>Esteriliza\u00e7\u00e3o<\/p>\n<\/td>\n<td>\n<p>EOS<\/p>\n<\/td>\n<\/tr>\n<tr>\n<td>\n<p>Prazo de validade<\/p>\n<\/td>\n<td>\n<p>5 anos<\/p>\n<\/td>\n<\/tr>\n<tr>\n<td rowspan=\"3\">\n<p>Medidas<\/p>\n<\/td>\n<td>\n<p>Comprimento total (L): 202+\/-10mm<\/p>\n<\/td>\n<\/tr>\n<tr>\n<td>\n<p>Di\u00e2metro da ponta (D1): 19,5+\/-2mm<\/p>\n<\/td>\n<\/tr>\n<tr>\n<td>\n<p>Di\u00e2metro da haste (D2): 5+\/-1mm;<\/p>\n<\/td>\n<\/tr>\n<tr>\n<td>\n<p>C\u00f3digo HS<\/p>\n<\/td>\n<td>\n<p>901890<\/p>\n<\/td>\n<\/tr>\n<\/tbody>\n<\/table>\n\n\n<figure class=\"wp-block-image size-full\"><img loading=\"lazy\" decoding=\"async\" width=\"1025\" height=\"168\" src=\"https:\/\/hanheng-medical.com\/wp-content\/uploads\/2025\/03\/8303.jpg\" alt=\"\" class=\"wp-image-2313\" title=\"\" srcset=\"https:\/\/hanheng-medical.com\/wp-content\/uploads\/2025\/03\/8303.jpg 1025w, https:\/\/hanheng-medical.com\/wp-content\/uploads\/2025\/03\/8303-300x49.jpg 300w, https:\/\/hanheng-medical.com\/wp-content\/uploads\/2025\/03\/8303-768x126.jpg 768w\" sizes=\"auto, (max-width: 1025px) 100vw, 1025px\" \/><\/figure>","protected":false},"featured_media":2212,"parent":0,"template":"","meta":{"_acf_changed":true,"_gspb_post_css":"","_kad_blocks_custom_css":"","_kad_blocks_head_custom_js":"","_kad_blocks_body_custom_js":"","_kad_blocks_footer_custom_js":"","_kad_post_transparent":"","_kad_post_title":"","_kad_post_layout":"","_kad_post_sidebar_id":"","_kad_post_content_style":"","_kad_post_vertical_padding":"","_kad_post_feature":"","_kad_post_feature_position":"","_kad_post_header":false,"_kad_post_footer":false,"_kad_post_classname":""},"product-category":[28],"product-tag":[31,29,30,32],"products-by-department":[33],"class_list":["post-2263","product","type-product","status-publish","has-post-thumbnail","hentry","product-category-disposable-cervical-sampler","product-tag-efficient-release-capacity","product-tag-gynaecological-examinations","product-tag-liquid-based-cytology","product-tag-push-tube","products-by-department-gynecology"],"acf":[],"taxonomy_info":{"product-category":[{"value":28,"label":"Disposable Cervical Sampler"}],"product-tag":[{"value":31,"label":"Efficient Release Capacity"},{"value":29,"label":"Gynaecological Examinations"},{"value":30,"label":"Liquid-Based Cytology"},{"value":32,"label":"Push Tube"}],"products-by-department":[{"value":33,"label":"Gynecology"}]},"featured_image_src_large":["https:\/\/hanheng-medical.com\/wp-content\/uploads\/2025\/03\/Cervical-Scancer-Screening-CervixCervical-Brushboom-like-device-8303-02.jpg",800,800,false],"author_info":[],"comment_info":"","_links":{"self":[{"href":"https:\/\/hanheng-medical.com\/pt\/wp-json\/wp\/v2\/product\/2263","targetHints":{"allow":["GET"]}}],"collection":[{"href":"https:\/\/hanheng-medical.com\/pt\/wp-json\/wp\/v2\/product"}],"about":[{"href":"https:\/\/hanheng-medical.com\/pt\/wp-json\/wp\/v2\/types\/product"}],"wp:featuredmedia":[{"embeddable":true,"href":"https:\/\/hanheng-medical.com\/pt\/wp-json\/wp\/v2\/media\/2212"}],"wp:attachment":[{"href":"https:\/\/hanheng-medical.com\/pt\/wp-json\/wp\/v2\/media?parent=2263"}],"wp:term":[{"taxonomy":"product-category","embeddable":true,"href":"https:\/\/hanheng-medical.com\/pt\/wp-json\/wp\/v2\/product-category?post=2263"},{"taxonomy":"product-tag","embeddable":true,"href":"https:\/\/hanheng-medical.com\/pt\/wp-json\/wp\/v2\/product-tag?post=2263"},{"taxonomy":"products-by-department","embeddable":true,"href":"https:\/\/hanheng-medical.com\/pt\/wp-json\/wp\/v2\/products-by-department?post=2263"}],"curies":[{"name":"wp","href":"https:\/\/api.w.org\/{rel}","templated":true}]}}