{"id":3483,"date":"2025-04-22T08:30:06","date_gmt":"2025-04-22T08:30:06","guid":{"rendered":"https:\/\/hanheng.easiwin.com\/product\/gynecological-kit-cervical-cancer-screening-hpv-screening-sexually-transmitted-infections-stis-detection\/"},"modified":"2025-04-22T08:30:06","modified_gmt":"2025-04-22T08:30:06","slug":"gynecological-kit-cervical-cancer-screening-hpv-screening-sexually-transmitted-infections-stis-detection","status":"publish","type":"product","link":"https:\/\/hanheng-medical.com\/fr\/product\/gynecological-kit-cervical-cancer-screening-hpv-screening-sexually-transmitted-infections-stis-detection\/","title":{"rendered":"Kit gyn\u00e9cologique\/D\u00e9pistage du cancer du col de l'ut\u00e9rus\/D\u00e9pistage du VPH\/D\u00e9tection des infections sexuellement transmissibles (IST)"},"content":{"rendered":"<h2>Articles inclus (facultatif)<\/h2>\n<ul>\n<li>Sp\u00e9culum vaginal<\/li>\n<li>Brosse endocervicale<\/li>\n<li>Une brosse cervicale<\/li>\n<li>Gants d'examen<\/li>\n<li>Champ st\u00e9rile jetable<\/li>\n<li>Spatule<\/li>\n<\/ul>\n<p>Le sp\u00e9culum vaginal, disponible en diff\u00e9rentes tailles pour s'adapter aux diverses variations anatomiques, est soigneusement ins\u00e9r\u00e9 dans le vagin pour permettre la visualisation du col de l'ut\u00e9rus et des parois vaginales. Cela simplifie l'inspection de la sant\u00e9 du col de l'ut\u00e9rus, la d\u00e9tection des anomalies et le pr\u00e9l\u00e8vement d'\u00e9chantillons cervicaux pour une analyse plus approfondie, comme les frottis de Papanicolaou.<\/p>\n<p>Simultan\u00e9ment, le professionnel de la sant\u00e9 enfile les gants d'examen en latex pour maintenir un environnement st\u00e9rile et pr\u00e9venir la contamination crois\u00e9e pendant la proc\u00e9dure.<\/p>\n<p>La brosse cervicale et le cytobrosse jetables sont ensuite utilis\u00e9s pour obtenir des sp\u00e9cimens du col de l'ut\u00e9rus, ce qui est fondamental pour identifier les changements cellulaires anormaux indiquant un cancer du col de l'ut\u00e9rus ou d'autres affections pathologiques.<\/p>\n<p>Le champ st\u00e9rile jetable sert de barri\u00e8re protectrice, assurant le confort du patient et le maintien de la st\u00e9rilit\u00e9 tout au long du processus d'examen.<\/p>\n<h2>Emballage<\/h2>\n<p>Emball\u00e9 individuellement et \u00e0 usage unique pour une hygi\u00e8ne et une s\u00e9curit\u00e9 maximales du patient.<\/p>","protected":false},"featured_media":3434,"parent":0,"template":"","meta":{"_acf_changed":false,"_gspb_post_css":"","_kad_blocks_custom_css":"","_kad_blocks_head_custom_js":"","_kad_blocks_body_custom_js":"","_kad_blocks_footer_custom_js":"","_kad_post_transparent":"","_kad_post_title":"","_kad_post_layout":"","_kad_post_sidebar_id":"","_kad_post_content_style":"","_kad_post_vertical_padding":"","_kad_post_feature":"","_kad_post_feature_position":"","_kad_post_header":false,"_kad_post_footer":false,"_kad_post_classname":""},"product-category":[109],"product-tag":[110],"products-by-department":[33],"class_list":["post-3483","product","type-product","status-publish","has-post-thumbnail","hentry","product-category-gynecological-kit","product-tag-focused-on-womens-reproductive-well-being","products-by-department-gynecology"],"acf":[],"taxonomy_info":{"product-category":[{"value":109,"label":"Gynecological Kit"}],"product-tag":[{"value":110,"label":"focused on women's reproductive well-being"}],"products-by-department":[{"value":33,"label":"Gynecology"}]},"featured_image_src_large":["https:\/\/hanheng-medical.com\/wp-content\/uploads\/2025\/04\/Gynecological-KitCervical-Cancer-ScreeningHPV-Screening-sexually-transmitted-infections-STIs-detection\u91cd\u62cd.jpg",800,800,false],"author_info":[],"comment_info":"","_links":{"self":[{"href":"https:\/\/hanheng-medical.com\/fr\/wp-json\/wp\/v2\/product\/3483","targetHints":{"allow":["GET"]}}],"collection":[{"href":"https:\/\/hanheng-medical.com\/fr\/wp-json\/wp\/v2\/product"}],"about":[{"href":"https:\/\/hanheng-medical.com\/fr\/wp-json\/wp\/v2\/types\/product"}],"wp:featuredmedia":[{"embeddable":true,"href":"https:\/\/hanheng-medical.com\/fr\/wp-json\/wp\/v2\/media\/3434"}],"wp:attachment":[{"href":"https:\/\/hanheng-medical.com\/fr\/wp-json\/wp\/v2\/media?parent=3483"}],"wp:term":[{"taxonomy":"product-category","embeddable":true,"href":"https:\/\/hanheng-medical.com\/fr\/wp-json\/wp\/v2\/product-category?post=3483"},{"taxonomy":"product-tag","embeddable":true,"href":"https:\/\/hanheng-medical.com\/fr\/wp-json\/wp\/v2\/product-tag?post=3483"},{"taxonomy":"products-by-department","embeddable":true,"href":"https:\/\/hanheng-medical.com\/fr\/wp-json\/wp\/v2\/products-by-department?post=3483"}],"curies":[{"name":"wp","href":"https:\/\/api.w.org\/{rel}","templated":true}]}}