{"id":3481,"date":"2025-04-22T08:30:04","date_gmt":"2025-04-22T08:30:04","guid":{"rendered":"https:\/\/hanheng.easiwin.com\/product\/hpv-self-sampling-kit-hpv-self-collection-kit-various-materials-of-sampling-tip-pu-sponge-flocking-floss-nylon-floss\/"},"modified":"2025-04-22T08:30:04","modified_gmt":"2025-04-22T08:30:04","slug":"hpv-self-sampling-kit-hpv-self-collection-kit-various-materials-of-sampling-tip-pu-sponge-flocking-floss-nylon-floss","status":"publish","type":"product","link":"https:\/\/hanheng-medical.com\/fr\/product\/hpv-self-sampling-kit-hpv-self-collection-kit-various-materials-of-sampling-tip-pu-sponge-flocking-floss-nylon-floss\/","title":{"rendered":"Kit d'auto-\u00e9chantillonnage HPV\/Kit d'auto-pr\u00e9l\u00e8vement HPV\/Diff\u00e9rents mat\u00e9riaux d'embout d'\u00e9chantillonnage (\u00e9ponge PU\/fil de flocage\/fil de nylon)"},"content":{"rendered":"<h2>Caract\u00e9ristiques principales<\/h2>\n<ol>\n<li>Dispositif d'auto-\u00e9chantillonnage\u00a0: comprend un \u00e9couvillon floqu\u00e9 souple, une brosse en nylon ou un dispositif d'\u00e9chantillonnage \u00e0 bout en mousse con\u00e7u pour \u00eatre ins\u00e9r\u00e9 en toute s\u00e9curit\u00e9 dans le vagin afin de pr\u00e9lever des cellules du col de l'ut\u00e9rus ou des parois vaginales.<\/li>\n<li>Conception conviviale\u00a0: de forme ergonomique et facile \u00e0 utiliser avec un minimum d'inconfort, m\u00eame pour les personnes sans formation m\u00e9dicale.<\/li>\n<li>Instructions claires\u00a0: est livr\u00e9 avec des guides \u00e9tape par \u00e9tape, souvent avec des visuels ou des codes QR menant \u00e0 des instructions vid\u00e9o pour garantir une collecte d'\u00e9chantillons appropri\u00e9e.<\/li>\n<li>Tube de transport d'\u00e9chantillon\u00a0: comprend un flacon ou un tube st\u00e9rile avec un milieu de transport de sp\u00e9cimen pour conserver l'\u00e9chantillon.<\/li>\n<li>Emballage s\u00e9curis\u00e9\u00a0: emballage scell\u00e9 et inviolable pour l'hygi\u00e8ne et pour maintenir la st\u00e9rilit\u00e9.<\/li>\n<li>Confidentialit\u00e9 et commodit\u00e9\u00a0: permet une collecte discr\u00e8te d'\u00e9chantillons \u00e0 domicile ou dans des environnements priv\u00e9s, am\u00e9liorant l'acc\u00e8s pour ceux qui peuvent \u00e9viter les tests en clinique.<\/li>\n<li>Compatibilit\u00e9 avec le laboratoire\u00a0: con\u00e7u pour \u00eatre utilis\u00e9 avec des m\u00e9thodes de test ADN HPV valid\u00e9es, y compris la PCR et d'autres tests mol\u00e9culaires.<\/li>\n<li>Haute sensibilit\u00e9\u00a0: lorsqu'il est utilis\u00e9 correctement, offre une sensibilit\u00e9 et une pr\u00e9cision comparables \u00e0 celles des \u00e9chantillons pr\u00e9lev\u00e9s par un clinicien pour les types de HPV \u00e0 haut risque.<\/li>\n<\/ol>","protected":false},"featured_media":3437,"parent":0,"template":"","meta":{"_acf_changed":false,"_gspb_post_css":"","_kad_blocks_custom_css":"","_kad_blocks_head_custom_js":"","_kad_blocks_body_custom_js":"","_kad_blocks_footer_custom_js":"","_kad_post_transparent":"","_kad_post_title":"","_kad_post_layout":"","_kad_post_sidebar_id":"","_kad_post_content_style":"","_kad_post_vertical_padding":"","_kad_post_feature":"","_kad_post_feature_position":"","_kad_post_header":false,"_kad_post_footer":false,"_kad_post_classname":""},"product-category":[105],"product-tag":[107,106],"products-by-department":[33],"class_list":["post-3481","product","type-product","status-publish","has-post-thumbnail","hentry","product-category-hpv-self-sampling-kit","product-tag-potentially-lead-to-cervical-intraepithelial-neoplasia-or-cervical-cancer","product-tag-sampling-at-the-comfort-of-your-home","products-by-department-gynecology"],"acf":[],"taxonomy_info":{"product-category":[{"value":105,"label":"HPV Self Sampling Kit"}],"product-tag":[{"value":107,"label":"Potentially lead to cervical intraepithelial neoplasia or cervical cancer"},{"value":106,"label":"Sampling at the comfort of your home"}],"products-by-department":[{"value":33,"label":"Gynecology"}]},"featured_image_src_large":["https:\/\/hanheng-medical.com\/wp-content\/uploads\/2025\/04\/HPV-Self-Sampling-KitHPV-Self-Collection-KitVarious-Materials-of-Sampling-Tip-PU-SpongeFlocking-FlossNylon-Floss-3.jpg",800,800,false],"author_info":[],"comment_info":"","_links":{"self":[{"href":"https:\/\/hanheng-medical.com\/fr\/wp-json\/wp\/v2\/product\/3481","targetHints":{"allow":["GET"]}}],"collection":[{"href":"https:\/\/hanheng-medical.com\/fr\/wp-json\/wp\/v2\/product"}],"about":[{"href":"https:\/\/hanheng-medical.com\/fr\/wp-json\/wp\/v2\/types\/product"}],"wp:featuredmedia":[{"embeddable":true,"href":"https:\/\/hanheng-medical.com\/fr\/wp-json\/wp\/v2\/media\/3437"}],"wp:attachment":[{"href":"https:\/\/hanheng-medical.com\/fr\/wp-json\/wp\/v2\/media?parent=3481"}],"wp:term":[{"taxonomy":"product-category","embeddable":true,"href":"https:\/\/hanheng-medical.com\/fr\/wp-json\/wp\/v2\/product-category?post=3481"},{"taxonomy":"product-tag","embeddable":true,"href":"https:\/\/hanheng-medical.com\/fr\/wp-json\/wp\/v2\/product-tag?post=3481"},{"taxonomy":"products-by-department","embeddable":true,"href":"https:\/\/hanheng-medical.com\/fr\/wp-json\/wp\/v2\/products-by-department?post=3481"}],"curies":[{"name":"wp","href":"https:\/\/api.w.org\/{rel}","templated":true}]}}