{"id":3479,"date":"2025-04-22T08:30:04","date_gmt":"2025-04-22T08:30:04","guid":{"rendered":"https:\/\/hanheng.easiwin.com\/product\/specimen-transport-medium-preserve-the-morphology-of-the-cells-or-prevent-the-degradation-of-viral-dna-rnaduring-transportation-lbc-hpv-screening\/"},"modified":"2025-05-09T07:49:03","modified_gmt":"2025-05-09T07:49:03","slug":"specimen-transport-medium-preserve-the-morphology-of-the-cells-or-prevent-the-degradation-of-viral-dna-rnaduring-transportation-lbc-hpv-screening","status":"publish","type":"product","link":"https:\/\/hanheng-medical.com\/fr\/product\/specimen-transport-medium-preserve-the-morphology-of-the-cells-or-prevent-the-degradation-of-viral-dna-rnaduring-transportation-lbc-hpv-screening\/","title":{"rendered":"Milieu de transport des \u00e9chantillons\/pr\u00e9server la morphologie des cellules ou emp\u00eacher la d\u00e9gradation de l'ADN\/ARN viral, pendant le transport\/LBC\/D\u00e9pistage du VPH"},"content":{"rendered":"<h2>Structure du produit<\/h2>\n<p>Le milieu de transport des \u00e9chantillons (MTE) est compos\u00e9 d'une solution de conservation et d'un tube de transport. Le MTE est divis\u00e9 en type VPH et type TCT en fonction des diff\u00e9rentes m\u00e9thodes de d\u00e9tection des \u00e9chantillons, et divis\u00e9 en sp\u00e9cifications de 2 mL, 3 mL, 5 mL, 8 mL, 10 mL, 12 mL, 15 mL et 20 mL en fonction de la quantit\u00e9 de la solution de conservation.<\/p>\n<h2>Caract\u00e9ristiques principales<\/h2>\n<ol>\n<li>Pr\u00e9servation de la viabilit\u00e9 : Maintient la viabilit\u00e9 des micro-organismes (bact\u00e9ries, virus, champignons) ou des composants cellulaires pendant le transport et le stockage.<\/li>\n<li>Syst\u00e8me tampon : Contient souvent une solution tamponn\u00e9e pour maintenir un pH stable et emp\u00eacher la d\u00e9gradation de l'\u00e9chantillon.<\/li>\n<li>Milieux non nutritifs : emp\u00eachent la prolif\u00e9ration tout en pr\u00e9servant les particules virales.<\/li>\n<li>Stabilit\u00e9 thermique : Peut souvent maintenir la stabilit\u00e9 de l'\u00e9chantillon pendant plusieurs heures \u00e0 plusieurs jours \u00e0 temp\u00e9rature ambiante, r\u00e9frig\u00e9r\u00e9 ou congel\u00e9, selon le type.<\/li>\n<\/ol>","protected":false},"featured_media":3413,"parent":0,"template":"","meta":{"_acf_changed":true,"_gspb_post_css":"","_kad_blocks_custom_css":"","_kad_blocks_head_custom_js":"","_kad_blocks_body_custom_js":"","_kad_blocks_footer_custom_js":"","_kad_post_transparent":"","_kad_post_title":"","_kad_post_layout":"","_kad_post_sidebar_id":"","_kad_post_content_style":"","_kad_post_vertical_padding":"","_kad_post_feature":"","_kad_post_feature_position":"","_kad_post_header":false,"_kad_post_footer":false,"_kad_post_classname":""},"product-category":[101],"product-tag":[104,102,103],"products-by-department":[33],"class_list":["post-3479","product","type-product","status-publish","has-post-thumbnail","hentry","product-category-specimen-transport-medium","product-tag-efficient-cell-protection","product-tag-long-term-stability","product-tag-non-toxicity","products-by-department-gynecology"],"acf":[],"taxonomy_info":{"product-category":[{"value":101,"label":"Specimen Transport Medium"}],"product-tag":[{"value":104,"label":"Efficient cell protection"},{"value":102,"label":"Long-term Stability"},{"value":103,"label":"Non toxicity"}],"products-by-department":[{"value":33,"label":"Gynecology"}]},"featured_image_src_large":["https:\/\/hanheng-medical.com\/wp-content\/uploads\/2025\/04\/Specimen-Transport-Mediumpreserve-the-morphology-of-the-cells-or-prevent-the-degradation-of-viral-DNARNAduring-transportationLBCHPV-ScreeningTCT\u7ec6\u80de\u4fdd\u5b58\u6db2\u7ec4\u5408-2.jpg",800,800,false],"author_info":[],"comment_info":"","_links":{"self":[{"href":"https:\/\/hanheng-medical.com\/fr\/wp-json\/wp\/v2\/product\/3479","targetHints":{"allow":["GET"]}}],"collection":[{"href":"https:\/\/hanheng-medical.com\/fr\/wp-json\/wp\/v2\/product"}],"about":[{"href":"https:\/\/hanheng-medical.com\/fr\/wp-json\/wp\/v2\/types\/product"}],"wp:featuredmedia":[{"embeddable":true,"href":"https:\/\/hanheng-medical.com\/fr\/wp-json\/wp\/v2\/media\/3413"}],"wp:attachment":[{"href":"https:\/\/hanheng-medical.com\/fr\/wp-json\/wp\/v2\/media?parent=3479"}],"wp:term":[{"taxonomy":"product-category","embeddable":true,"href":"https:\/\/hanheng-medical.com\/fr\/wp-json\/wp\/v2\/product-category?post=3479"},{"taxonomy":"product-tag","embeddable":true,"href":"https:\/\/hanheng-medical.com\/fr\/wp-json\/wp\/v2\/product-tag?post=3479"},{"taxonomy":"products-by-department","embeddable":true,"href":"https:\/\/hanheng-medical.com\/fr\/wp-json\/wp\/v2\/products-by-department?post=3479"}],"curies":[{"name":"wp","href":"https:\/\/api.w.org\/{rel}","templated":true}]}}