{"id":3476,"date":"2025-04-22T08:30:04","date_gmt":"2025-04-22T08:30:04","guid":{"rendered":"https:\/\/hanheng.easiwin.com\/product\/plastic-proctoscope-anoscope-rectum-screening-with-led-lightwhite-2\/"},"modified":"2025-04-22T08:30:04","modified_gmt":"2025-04-22T08:30:04","slug":"plastic-proctoscope-anoscope-rectum-screening-with-led-lightwhite-2","status":"publish","type":"product","link":"https:\/\/hanheng-medical.com\/fr\/product\/plastic-proctoscope-anoscope-rectum-screening-with-led-lightwhite-2\/","title":{"rendered":"Proctoscope en plastique\/Anoscope\/D\u00e9pistage rectal\/Avec lumi\u00e8re LED (blanche)"},"content":{"rendered":"<h2>Caract\u00e9ristiques principales<\/h2>\n<ul>\n<li>Tube creux : Le corps principal est un tube court, rigide et creux qui permet un acc\u00e8s visuel \u00e0 la cavit\u00e9 rectale.<\/li>\n<li>Source de lumi\u00e8re : Il est g\u00e9n\u00e9ralement dot\u00e9 d'une source de lumi\u00e8re int\u00e9gr\u00e9e ou adaptable pour \u00e9clairer l'int\u00e9rieur du rectum et assurer une visibilit\u00e9 claire.<\/li>\n<li>Obturateur : Il s'agit d'un insert lisse et arrondi utilis\u00e9 pour faciliter l'insertion du proctoscope. Il est retir\u00e9 une fois l'appareil en place pour permettre l'examen ou les interventions.<\/li>\n<li>Fen\u00eatre d'observation : Les proctoscopes sont dot\u00e9s de fibres optiques pour une meilleure visualisation.<\/li>\n<li>Mat\u00e9riau : G\u00e9n\u00e9ralement fabriqu\u00e9 en plastique (mod\u00e8les jetables)<\/li>\n<li>Longueur et taille : Ils sont disponibles en diff\u00e9rentes tailles (Moyenne et Grande), mais sont g\u00e9n\u00e9ralement courts (environ 7 \u00e0 15 cm de long), car ils sont destin\u00e9s aux examens rectaux inf\u00e9rieurs.<\/li>\n<li>Canaux pour les instruments : Certains types comprennent des canaux qui permettent le passage d'outils chirurgicaux pour les biopsies, l'ablation de polypes ou le traitement des h\u00e9morro\u00efdes.<\/li>\n<li>Utilisation s\u00fbre et pratique : Emball\u00e9 individuellement, \u00e0 usage unique et sans latex pour une hygi\u00e8ne et une s\u00e9curit\u00e9 maximales des patients.<\/li>\n<li>St\u00e9rilisation \u00e0 l'oxyde d'\u00e9thyl\u00e8ne, dur\u00e9e de conservation de 5 ans<\/li>\n<\/ul>\n<table>\n<tbody>\n<tr>\n<td >\n<p>Nom du produit<\/p>\n<\/td>\n<td >\n<p>Proctoscope jetable avec lumi\u00e8re LED<\/p>\n<p>(support blanc)<\/p>\n<\/td>\n<\/tr>\n<tr>\n<td >\n<p>Num\u00e9ro d'article<\/p>\n<\/td>\n<td >\n<p>Moyen\/Grand<\/p>\n<\/td>\n<\/tr>\n<tr>\n<td >\n<p>Mat\u00e9riau<\/p>\n<\/td>\n<td >\n<p>PS (Polystyr\u00e8ne) Transparent<\/p>\n<\/td>\n<\/tr>\n<tr>\n<td >\n<p>Certification<\/p>\n<\/td>\n<td >\n<p>CE, FDA, ISO13485<\/p>\n<\/td>\n<\/tr>\n<tr>\n<td >\n<p>St\u00e9rilisation<\/p>\n<\/td>\n<td >\n<p>EOS<\/p>\n<\/td>\n<\/tr>\n<tr>\n<td >\n<p>Dur\u00e9e de conservation<\/p>\n<\/td>\n<td >\n<p>5 ans<\/p>\n<\/td>\n<\/tr>\n<tr>\n<td rowspan=\"3\" >\n<p>Mesures<\/p>\n<p>(Moyen)<\/p>\n<\/td>\n<td >\n<p>Longueur de l'obturateur : 140 mm<\/p>\n<\/td>\n<\/tr>\n<tr>\n<td >\n<p>Sp\u00e9culum : Longueur : 95 +\/- 1 mm ;<\/p>\n<\/td>\n<\/tr>\n<tr>\n<td >\n<p>Diam\u00e8tre distal : 23,9+\/- 1 mm ;<br \/>Diam\u00e8tre proximal (partie de travail) : 18,5+\/- 1mm ;<\/p>\n<\/td>\n<\/tr>\n<tr>\n<td rowspan=\"3\" >\n<p>Mesures<\/p>\n<p>(Grand)<\/p>\n<\/td>\n<td >\n<p>Longueur de l'obturateur : 138,3 mm<\/p>\n<\/td>\n<\/tr>\n<tr>\n<td >\n<p>Sp\u00e9culum : Longueur : 95 +\/- 1 mm ;<\/p>\n<\/td>\n<\/tr>\n<tr>\n<td >\n<p>Diam\u00e8tre distal : 28,4 +\/- 1 mm ;<br \/>Diam\u00e8tre proximal (partie de travail) : 22,5+\/- 1mm ;<\/p>\n<\/td>\n<\/tr>\n<tr>\n<td >\n<p>Code SH<\/p>\n<\/td>\n<td >\n<p>901890<\/p>\n<\/td>\n<\/tr>\n<\/tbody>\n<\/table>","protected":false},"featured_media":3396,"parent":0,"template":"","meta":{"_acf_changed":false,"_gspb_post_css":"","_kad_blocks_custom_css":"","_kad_blocks_head_custom_js":"","_kad_blocks_body_custom_js":"","_kad_blocks_footer_custom_js":"","_kad_post_transparent":"","_kad_post_title":"","_kad_post_layout":"","_kad_post_sidebar_id":"","_kad_post_content_style":"","_kad_post_vertical_padding":"","_kad_post_feature":"","_kad_post_feature_position":"","_kad_post_header":false,"_kad_post_footer":false,"_kad_post_classname":""},"product-category":[97],"product-tag":[100,98,99],"products-by-department":[60],"class_list":["post-3476","product","type-product","status-publish","has-post-thumbnail","hentry","product-category-disposable-anoscopy","product-tag-primay-button-cell-battery","product-tag-smooth-surface","product-tag-transparent","products-by-department-gastroenterology"],"acf":[],"taxonomy_info":{"product-category":[{"value":97,"label":"Disposable Anoscopy"}],"product-tag":[{"value":100,"label":"Primay button cell battery"},{"value":98,"label":"Smooth surface"},{"value":99,"label":"Transparent"}],"products-by-department":[{"value":60,"label":"Gastroenterology"}]},"featured_image_src_large":["https:\/\/hanheng-medical.com\/wp-content\/uploads\/2025\/04\/Plastic-ProctoscopeAnoscopeRectum-ScreeningWith-LED-LightWhite-Mediun-01.jpg",800,800,false],"author_info":[],"comment_info":"","_links":{"self":[{"href":"https:\/\/hanheng-medical.com\/fr\/wp-json\/wp\/v2\/product\/3476","targetHints":{"allow":["GET"]}}],"collection":[{"href":"https:\/\/hanheng-medical.com\/fr\/wp-json\/wp\/v2\/product"}],"about":[{"href":"https:\/\/hanheng-medical.com\/fr\/wp-json\/wp\/v2\/types\/product"}],"wp:featuredmedia":[{"embeddable":true,"href":"https:\/\/hanheng-medical.com\/fr\/wp-json\/wp\/v2\/media\/3396"}],"wp:attachment":[{"href":"https:\/\/hanheng-medical.com\/fr\/wp-json\/wp\/v2\/media?parent=3476"}],"wp:term":[{"taxonomy":"product-category","embeddable":true,"href":"https:\/\/hanheng-medical.com\/fr\/wp-json\/wp\/v2\/product-category?post=3476"},{"taxonomy":"product-tag","embeddable":true,"href":"https:\/\/hanheng-medical.com\/fr\/wp-json\/wp\/v2\/product-tag?post=3476"},{"taxonomy":"products-by-department","embeddable":true,"href":"https:\/\/hanheng-medical.com\/fr\/wp-json\/wp\/v2\/products-by-department?post=3476"}],"curies":[{"name":"wp","href":"https:\/\/api.w.org\/{rel}","templated":true}]}}