{"id":3468,"date":"2025-04-22T08:30:04","date_gmt":"2025-04-22T08:30:04","guid":{"rendered":"https:\/\/hanheng.easiwin.com\/product\/plastic-umbilical-cord-clamp-clamp-and-secure-the-umbilical-cord-prior-to-cutting-single-lock\/"},"modified":"2025-04-22T08:30:04","modified_gmt":"2025-04-22T08:30:04","slug":"plastic-umbilical-cord-clamp-clamp-and-secure-the-umbilical-cord-prior-to-cutting-single-lock","status":"publish","type":"product","link":"https:\/\/hanheng-medical.com\/fr\/product\/plastic-umbilical-cord-clamp-clamp-and-secure-the-umbilical-cord-prior-to-cutting-single-lock\/","title":{"rendered":"Pince ombilicale en plastique\/Pince et fixation du cordon ombilical avant la coupe\/Verrouillage unique"},"content":{"rendered":"<h2>Caract\u00e9ristiques principales<\/h2>\n<ul>\n<li>Verrouillage unique<\/li>\n<li>St\u00e9rile \u00e0 usage unique et emball\u00e9 individuellement pour garantir la propret\u00e9<\/li>\n<li>Serrage rainur\u00e9 pour emp\u00eacher le glissement du cordon ombilical<\/li>\n<li>Se verrouille pour emp\u00eacher une ouverture accidentelle apr\u00e8s le serrage. S\u00fbr et pratique \u00e0 manipuler<\/li>\n<li>St\u00e9rilisation \u00e0 l'oxyde d'\u00e9thyl\u00e8ne, dur\u00e9e de conservation de 5 ans<\/li>\n<\/ul>\n<table>\n<tbody>\n<tr>\n<td >\n<p>Nom du produit<\/p>\n<\/td>\n<td >\n<p>Pince pour cordon ombilical<\/p>\n<\/td>\n<\/tr>\n<tr>\n<td >\n<p>Num\u00e9ro d'article<\/p>\n<\/td>\n<td >\n<p>HH841001\/HH841002<\/p>\n<\/td>\n<\/tr>\n<tr>\n<td >\n<p>Mat\u00e9riau<\/p>\n<\/td>\n<td >\n<p>PP (Polypropyl\u00e8ne)\/<\/p>\n<p>ABS (Acrylonitrile-Butadi\u00e8ne-Styr\u00e8ne)<\/p>\n<\/td>\n<\/tr>\n<tr>\n<td >\n<p>Certification<\/p>\n<\/td>\n<td >\n<p>CE0197, FDA, ISO13485<\/p>\n<\/td>\n<\/tr>\n<tr>\n<td >\n<p>St\u00e9rilisation<\/p>\n<\/td>\n<td >\n<p>EOS<\/p>\n<\/td>\n<\/tr>\n<tr>\n<td >\n<p>Dur\u00e9e de conservation<\/p>\n<\/td>\n<td >\n<p>5 ans<\/p>\n<\/td>\n<\/tr>\n<tr>\n<td rowspan=\"2\" >\n<p>Mesures<\/p>\n<\/td>\n<td >\n<p>Longueur hors tout (L) : 52+\/-2mm ;<\/p>\n<\/td>\n<\/tr>\n<tr>\n<td >\n<p>\u00c9paisseur (L1) : 5,5+\/-0,5mm ;<\/p>\n<\/td>\n<\/tr>\n<tr>\n<td >\n<p>Code SH<\/p>\n<\/td>\n<td >\n<p>901890<\/p>\n<\/td>\n<\/tr>\n<\/tbody>\n<\/table>","protected":false},"featured_media":3405,"parent":0,"template":"","meta":{"_acf_changed":false,"_gspb_post_css":"","_kad_blocks_custom_css":"","_kad_blocks_head_custom_js":"","_kad_blocks_body_custom_js":"","_kad_blocks_footer_custom_js":"","_kad_post_transparent":"","_kad_post_title":"","_kad_post_layout":"","_kad_post_sidebar_id":"","_kad_post_content_style":"","_kad_post_vertical_padding":"","_kad_post_feature":"","_kad_post_feature_position":"","_kad_post_header":false,"_kad_post_footer":false,"_kad_post_classname":""},"product-category":[93],"product-tag":[94],"products-by-department":[92],"class_list":["post-3468","product","type-product","status-publish","has-post-thumbnail","hentry","product-category-umbilical-cord-clamp","product-tag-grooved-clamping","products-by-department-obstetrics"],"acf":[],"taxonomy_info":{"product-category":[{"value":93,"label":"Umbilical Cord Clamp"}],"product-tag":[{"value":94,"label":"Grooved clamping"}],"products-by-department":[{"value":92,"label":"Obstetrics"}]},"featured_image_src_large":["https:\/\/hanheng-medical.com\/wp-content\/uploads\/2025\/04\/Plastic-Umbilical-Cord-ClampClamp-and-Secure-the-umbilical-cord-prior-to-cuttingSingle-lock-HH841001-1.jpg",800,800,false],"author_info":[],"comment_info":"","_links":{"self":[{"href":"https:\/\/hanheng-medical.com\/fr\/wp-json\/wp\/v2\/product\/3468","targetHints":{"allow":["GET"]}}],"collection":[{"href":"https:\/\/hanheng-medical.com\/fr\/wp-json\/wp\/v2\/product"}],"about":[{"href":"https:\/\/hanheng-medical.com\/fr\/wp-json\/wp\/v2\/types\/product"}],"wp:featuredmedia":[{"embeddable":true,"href":"https:\/\/hanheng-medical.com\/fr\/wp-json\/wp\/v2\/media\/3405"}],"wp:attachment":[{"href":"https:\/\/hanheng-medical.com\/fr\/wp-json\/wp\/v2\/media?parent=3468"}],"wp:term":[{"taxonomy":"product-category","embeddable":true,"href":"https:\/\/hanheng-medical.com\/fr\/wp-json\/wp\/v2\/product-category?post=3468"},{"taxonomy":"product-tag","embeddable":true,"href":"https:\/\/hanheng-medical.com\/fr\/wp-json\/wp\/v2\/product-tag?post=3468"},{"taxonomy":"products-by-department","embeddable":true,"href":"https:\/\/hanheng-medical.com\/fr\/wp-json\/wp\/v2\/products-by-department?post=3468"}],"curies":[{"name":"wp","href":"https:\/\/api.w.org\/{rel}","templated":true}]}}