{"id":3467,"date":"2025-04-22T08:30:04","date_gmt":"2025-04-22T08:30:04","guid":{"rendered":"https:\/\/hanheng.easiwin.com\/product\/amnihook-amniotic-membrane-perforator-straight\/"},"modified":"2025-04-22T08:30:04","modified_gmt":"2025-04-22T08:30:04","slug":"amnihook-amniotic-membrane-perforator-straight","status":"publish","type":"product","link":"https:\/\/hanheng-medical.com\/fr\/product\/amnihook-amniotic-membrane-perforator-straight\/","title":{"rendered":"AmniHook\/Perforateur de membrane amniotique\/Droit"},"content":{"rendered":"<h2>Caract\u00e9ristiques principales<\/h2>\n<ol>\n<li>Une m\u00e9thode s\u00fbre, efficace et pratique pour rompre la membrane amniotique lors de la premi\u00e8re tentative<\/li>\n<li>Con\u00e7u anatomiquement avec un embout arrondi et un crochet prot\u00e9g\u00e9 pour rompre la membrane amniotique en prot\u00e9geant les tissus maternels et le b\u00e9b\u00e9<\/li>\n<li>Pas de protub\u00e9rances pour blesser le canal de naissance<\/li>\n<li>Pratiquement incassable<\/li>\n<li>Conception ergonomique, avec une poign\u00e9e incurv\u00e9e offrant une excellente traction et une bonne prise<\/li>\n<li>25\u00a0cm de long pour un acc\u00e8s facile<\/li>\n<li>St\u00e9rilisation \u00e0 l'oxyde d'\u00e9thyl\u00e8ne, dur\u00e9e de conservation de 5 ans<\/li>\n<li>Utilisation s\u00fbre et pratique : Emball\u00e9 individuellement, \u00e0 usage unique et sans latex pour une hygi\u00e8ne et une s\u00e9curit\u00e9 maximales des patients.<\/li>\n<\/ol>\n<table>\n<tbody>\n<tr>\n<td >\n<p>Nom du produit<\/p>\n<\/td>\n<td >\n<p>Perforateur de membrane amniotique (droit)<\/p>\n<\/td>\n<\/tr>\n<tr>\n<td >\n<p>Num\u00e9ro d'article<\/p>\n<\/td>\n<td >\n<p>YSG-Z-01<\/p>\n<\/td>\n<\/tr>\n<tr>\n<td >\n<p>Mat\u00e9riau<\/p>\n<\/td>\n<td >\n<p>ABS (Acrylonitrile-Butadi\u00e8ne-Styr\u00e8ne)<\/p>\n<\/td>\n<\/tr>\n<tr>\n<td >\n<p>Certification<\/p>\n<\/td>\n<td >\n<p>CE0197, FDA, ISO13485<\/p>\n<\/td>\n<\/tr>\n<tr>\n<td >\n<p>St\u00e9rilisation<\/p>\n<\/td>\n<td >\n<p>EOS<\/p>\n<\/td>\n<\/tr>\n<tr>\n<td >\n<p>Dur\u00e9e de conservation<\/p>\n<\/td>\n<td >\n<p>5 ans<\/p>\n<\/td>\n<\/tr>\n<tr>\n<td rowspan=\"3\" >\n<p>Mesures<\/p>\n<\/td>\n<td >\n<p>Longueur hors tout (L) : 262+\/-5mm<\/p>\n<\/td>\n<\/tr>\n<tr>\n<td >\n<p>Diam\u00e8tre de la partie arri\u00e8re de la poign\u00e9e (D) : 12,1+\/-1mm<\/p>\n<\/td>\n<\/tr>\n<tr>\n<td >\n<p>\u00c9paisseur de la partie arri\u00e8re de la poign\u00e9e (H) : 3,15+\/-0,3mm<\/p>\n<\/td>\n<\/tr>\n<tr>\n<td >\n<p>Code SH<\/p>\n<\/td>\n<td >\n<p>901890<\/p>\n<\/td>\n<\/tr>\n<\/tbody>\n<\/table>","protected":false},"featured_media":3423,"parent":0,"template":"","meta":{"_acf_changed":false,"_gspb_post_css":"","_kad_blocks_custom_css":"","_kad_blocks_head_custom_js":"","_kad_blocks_body_custom_js":"","_kad_blocks_footer_custom_js":"","_kad_post_transparent":"","_kad_post_title":"","_kad_post_layout":"","_kad_post_sidebar_id":"","_kad_post_content_style":"","_kad_post_vertical_padding":"","_kad_post_feature":"","_kad_post_feature_position":"","_kad_post_header":false,"_kad_post_footer":false,"_kad_post_classname":""},"product-category":[90],"product-tag":[91],"products-by-department":[92],"class_list":["post-3467","product","type-product","status-publish","has-post-thumbnail","hentry","product-category-amnihook","product-tag-round-tip-with-a-protected-point-to-snag-the-membrane-as-the-perforator","products-by-department-obstetrics"],"acf":[],"taxonomy_info":{"product-category":[{"value":90,"label":"AmniHook"}],"product-tag":[{"value":91,"label":"Round tip with a protected point to snag the membrane as the perforator"}],"products-by-department":[{"value":92,"label":"Obstetrics"}]},"featured_image_src_large":["https:\/\/hanheng-medical.com\/wp-content\/uploads\/2025\/04\/AmniHookAmniotic-Membrane-PerforatorStraight\u76f4\u578b\u7f8a\u6c34\u94a9-2.jpg",800,800,false],"author_info":[],"comment_info":"","_links":{"self":[{"href":"https:\/\/hanheng-medical.com\/fr\/wp-json\/wp\/v2\/product\/3467","targetHints":{"allow":["GET"]}}],"collection":[{"href":"https:\/\/hanheng-medical.com\/fr\/wp-json\/wp\/v2\/product"}],"about":[{"href":"https:\/\/hanheng-medical.com\/fr\/wp-json\/wp\/v2\/types\/product"}],"wp:featuredmedia":[{"embeddable":true,"href":"https:\/\/hanheng-medical.com\/fr\/wp-json\/wp\/v2\/media\/3423"}],"wp:attachment":[{"href":"https:\/\/hanheng-medical.com\/fr\/wp-json\/wp\/v2\/media?parent=3467"}],"wp:term":[{"taxonomy":"product-category","embeddable":true,"href":"https:\/\/hanheng-medical.com\/fr\/wp-json\/wp\/v2\/product-category?post=3467"},{"taxonomy":"product-tag","embeddable":true,"href":"https:\/\/hanheng-medical.com\/fr\/wp-json\/wp\/v2\/product-tag?post=3467"},{"taxonomy":"products-by-department","embeddable":true,"href":"https:\/\/hanheng-medical.com\/fr\/wp-json\/wp\/v2\/products-by-department?post=3467"}],"curies":[{"name":"wp","href":"https:\/\/api.w.org\/{rel}","templated":true}]}}