{"id":3465,"date":"2025-04-22T08:30:04","date_gmt":"2025-04-22T08:30:04","guid":{"rendered":"https:\/\/hanheng.easiwin.com\/product\/dry-surgical-scrub-brush-hand-cleaning-and-disinfection-with-nail-cleaner\/"},"modified":"2025-04-22T08:30:04","modified_gmt":"2025-04-22T08:30:04","slug":"dry-surgical-scrub-brush-hand-cleaning-and-disinfection-with-nail-cleaner","status":"publish","type":"product","link":"https:\/\/hanheng-medical.com\/fr\/product\/dry-surgical-scrub-brush-hand-cleaning-and-disinfection-with-nail-cleaner\/","title":{"rendered":"Brosse \u00e0 r\u00e9curer chirurgicale s\u00e8che\/ nettoyage et d\u00e9sinfection des mains\/ avec nettoyeur d'ongles"},"content":{"rendered":"<table>\n<tbody>\n<tr>\n<td>Sp\u00e9c.<\/td>\n<td>80*50*37mm(&plusmn;10%)<\/td>\n<\/tr>\n<tr>\n<td colspan=\"1\" rowspan=\"3\">\n<div>Mat\u00e9riau<\/div>\n<\/td>\n<td>\u00c9ponge en mousse avec support en plastique<\/td>\n<\/tr>\n<tr>\n<td>Corps de brosse souple en PEBD<\/td>\n<\/tr>\n<tr>\n<td>Nettoyeur d'ongles en PP<\/td>\n<\/tr>\n<tr>\n<td>Contenu<\/td>\n<td>Mousse, nettoyeur d'ongles, brosse chirurgicale<\/td>\n<\/tr>\n<tr>\n<td>St\u00e9rilisation<\/td>\n<td>EO<\/td>\n<\/tr>\n<tr>\n<td>Emballage<\/td>\n<td>\n<div>\n<div>Emball\u00e9 individuellement et \u00e0 usage unique pour une hygi\u00e8ne et une s\u00e9curit\u00e9 maximales du patient.<\/div>\n<\/div>\n<\/td>\n<\/tr>\n<tr>\n<td colspan=\"1\" rowspan=\"3\">\n<div>Attention<\/div>\n<\/td>\n<td>Ne pas utiliser pour d\u00e9sinfecter les dispositifs m\u00e9dicaux invasifs.<\/td>\n<\/tr>\n<tr>\n<td>\n<div>\n<div>Ne pas utiliser si l'emballage est ouvert ou endommag\u00e9.<\/div>\n<\/div>\n<\/td>\n<\/tr>\n<tr>\n<td>En cas d'irritation ou d'\u00e9ruption cutan\u00e9e, cesser l'utilisation<\/td>\n<\/tr>\n<\/tbody>\n<\/table>","protected":false},"featured_media":3427,"parent":0,"template":"","meta":{"_acf_changed":false,"_gspb_post_css":"","_kad_blocks_custom_css":"","_kad_blocks_head_custom_js":"","_kad_blocks_body_custom_js":"","_kad_blocks_footer_custom_js":"","_kad_post_transparent":"","_kad_post_title":"","_kad_post_layout":"","_kad_post_sidebar_id":"","_kad_post_content_style":"","_kad_post_vertical_padding":"","_kad_post_feature":"","_kad_post_feature_position":"","_kad_post_header":false,"_kad_post_footer":false,"_kad_post_classname":""},"product-category":[85],"product-tag":[86,87,88],"products-by-department":[89],"class_list":["post-3465","product","type-product","status-publish","has-post-thumbnail","hentry","product-category-surgical-scrub-brush","product-tag-double-sided-cleaning-head","product-tag-maximum-cleaning","product-tag-minimizing-skin-irritation","products-by-department-hospital-and-clinic-nursing"],"acf":[],"taxonomy_info":{"product-category":[{"value":85,"label":"Surgical Scrub Brush"}],"product-tag":[{"value":86,"label":"Double sided cleaning head"},{"value":87,"label":"Maximum cleaning"},{"value":88,"label":"Minimizing skin irritation"}],"products-by-department":[{"value":89,"label":"Hospital and clinic nursing"}]},"featured_image_src_large":["https:\/\/hanheng-medical.com\/wp-content\/uploads\/2025\/04\/Dry-Surgical-Scrub-BrushHand-Cleaning-and-Disinfection\u6d17\u624b\u5237-1.jpg",800,800,false],"author_info":[],"comment_info":"","_links":{"self":[{"href":"https:\/\/hanheng-medical.com\/fr\/wp-json\/wp\/v2\/product\/3465","targetHints":{"allow":["GET"]}}],"collection":[{"href":"https:\/\/hanheng-medical.com\/fr\/wp-json\/wp\/v2\/product"}],"about":[{"href":"https:\/\/hanheng-medical.com\/fr\/wp-json\/wp\/v2\/types\/product"}],"wp:featuredmedia":[{"embeddable":true,"href":"https:\/\/hanheng-medical.com\/fr\/wp-json\/wp\/v2\/media\/3427"}],"wp:attachment":[{"href":"https:\/\/hanheng-medical.com\/fr\/wp-json\/wp\/v2\/media?parent=3465"}],"wp:term":[{"taxonomy":"product-category","embeddable":true,"href":"https:\/\/hanheng-medical.com\/fr\/wp-json\/wp\/v2\/product-category?post=3465"},{"taxonomy":"product-tag","embeddable":true,"href":"https:\/\/hanheng-medical.com\/fr\/wp-json\/wp\/v2\/product-tag?post=3465"},{"taxonomy":"products-by-department","embeddable":true,"href":"https:\/\/hanheng-medical.com\/fr\/wp-json\/wp\/v2\/products-by-department?post=3465"}],"curies":[{"name":"wp","href":"https:\/\/api.w.org\/{rel}","templated":true}]}}