{"id":3463,"date":"2025-04-22T08:30:04","date_gmt":"2025-04-22T08:30:04","guid":{"rendered":"https:\/\/hanheng.easiwin.com\/product\/6-plastic-or-wooden-tongue-depressor-throat-or-tonsils-medical-examination-wax-applicator-sticks-2\/"},"modified":"2025-04-22T08:30:04","modified_gmt":"2025-04-22T08:30:04","slug":"6-plastic-or-wooden-tongue-depressor-throat-or-tonsils-medical-examination-wax-applicator-sticks-2","status":"publish","type":"product","link":"https:\/\/hanheng-medical.com\/fr\/product\/6-plastic-or-wooden-tongue-depressor-throat-or-tonsils-medical-examination-wax-applicator-sticks-2\/","title":{"rendered":"Abaisse-langue en plastique ou en bois de 6 po\/Examen m\u00e9dical de la gorge ou des amygdales\/B\u00e2tonnets applicateurs de cire"},"content":{"rendered":"<h2>Caract\u00e9ristiques principales<\/h2>\n<ol>\n<li>Applications multiples : Cadre clinique, application d'onguents, agitation et m\u00e9lange de m\u00e9dicaments, proc\u00e9dures v\u00e9t\u00e9rinaires, projets d'artisanat et utilisations industrielles.<\/li>\n<li>Parfait pour l'examen oral du patient et les soins aux patients<\/li>\n<li>Produits de haute qualit\u00e9 qui offrent des performances constantes<\/li>\n<li>Les produits \u00e0 base de bois sont fabriqu\u00e9s \u00e0 partir de bouleau blanc<\/li>\n<li>St\u00e9rile emball\u00e9 individuellement ou non emball\u00e9, non st\u00e9rile<\/li>\n<\/ol>\n<table>\n<tbody>\n<tr>\n<td >\n<p>Nom du produit<\/p>\n<\/td>\n<td >\n<p>Abaisse-langue<\/p>\n<\/td>\n<\/tr>\n<tr>\n<td >\n<p>Num\u00e9ro d'article<\/p>\n<\/td>\n<td >\n<p>8405<\/p>\n<\/td>\n<\/tr>\n<tr>\n<td >\n<p>Couramment utilis\u00e9 pour<\/p>\n<\/td>\n<td >\n<p>Examiner les amygdales, l'arc palatoglosse, l'arc pharyngopalatin, la paroi post\u00e9rieure et autres applications.<\/p>\n<\/td>\n<\/tr>\n<tr>\n<td >\n<p>Mat\u00e9riau<\/p>\n<\/td>\n<td >\n<p>Bouleau<\/p>\n<\/td>\n<\/tr>\n<tr>\n<td >\n<p>Certification<\/p>\n<\/td>\n<td >\n<p>CE0197, FDA, GOST-R, NMPA, ISO13485<\/p>\n<\/td>\n<\/tr>\n<tr>\n<td >\n<p>St\u00e9rilisation<\/p>\n<\/td>\n<td >\n<p>EOS<\/p>\n<\/td>\n<\/tr>\n<tr>\n<td >\n<p>Dur\u00e9e de conservation<\/p>\n<\/td>\n<td >\n<p>5 ans<\/p>\n<\/td>\n<\/tr>\n<tr>\n<td rowspan=\"2\" >\n<p>Mesures<\/p>\n<\/td>\n<td >\n<p>Longueur hors tout (L) : 150+\/-5mm<\/p>\n<\/td>\n<\/tr>\n<tr>\n<td >\n<p>Diam\u00e8tre du b\u00e2ton (D2) : 18,5+\/-2mm<\/p>\n<\/td>\n<\/tr>\n<tr>\n<td >\n<p>Code SH<\/p>\n<\/td>\n<td >\n<p>901890<\/p>\n<\/td>\n<\/tr>\n<\/tbody>\n<\/table>","protected":false},"featured_media":3455,"parent":0,"template":"","meta":{"_acf_changed":false,"_gspb_post_css":"","_kad_blocks_custom_css":"","_kad_blocks_head_custom_js":"","_kad_blocks_body_custom_js":"","_kad_blocks_footer_custom_js":"","_kad_post_transparent":"","_kad_post_title":"","_kad_post_layout":"","_kad_post_sidebar_id":"","_kad_post_content_style":"","_kad_post_vertical_padding":"","_kad_post_feature":"","_kad_post_feature_position":"","_kad_post_header":false,"_kad_post_footer":false,"_kad_post_classname":""},"product-category":[79],"product-tag":[80],"products-by-department":[81],"class_list":["post-3463","product","type-product","status-publish","has-post-thumbnail","hentry","product-category-tongue-depressor","product-tag-oral-patient-examination","products-by-department-e-n-t-department"],"acf":[],"taxonomy_info":{"product-category":[{"value":79,"label":"Tongue Depressor"}],"product-tag":[{"value":80,"label":"oral patient examination"}],"products-by-department":[{"value":81,"label":"E.N.T. department"}]},"featured_image_src_large":["https:\/\/hanheng-medical.com\/wp-content\/uploads\/2025\/04\/Plastic-or-Wooden-Tongue-DepressorThroat-or-Tonsils-Medical-ExaminationWax-Applicator-Sticks8405-01.jpg",800,800,false],"author_info":[],"comment_info":"","_links":{"self":[{"href":"https:\/\/hanheng-medical.com\/fr\/wp-json\/wp\/v2\/product\/3463","targetHints":{"allow":["GET"]}}],"collection":[{"href":"https:\/\/hanheng-medical.com\/fr\/wp-json\/wp\/v2\/product"}],"about":[{"href":"https:\/\/hanheng-medical.com\/fr\/wp-json\/wp\/v2\/types\/product"}],"wp:featuredmedia":[{"embeddable":true,"href":"https:\/\/hanheng-medical.com\/fr\/wp-json\/wp\/v2\/media\/3455"}],"wp:attachment":[{"href":"https:\/\/hanheng-medical.com\/fr\/wp-json\/wp\/v2\/media?parent=3463"}],"wp:term":[{"taxonomy":"product-category","embeddable":true,"href":"https:\/\/hanheng-medical.com\/fr\/wp-json\/wp\/v2\/product-category?post=3463"},{"taxonomy":"product-tag","embeddable":true,"href":"https:\/\/hanheng-medical.com\/fr\/wp-json\/wp\/v2\/product-tag?post=3463"},{"taxonomy":"products-by-department","embeddable":true,"href":"https:\/\/hanheng-medical.com\/fr\/wp-json\/wp\/v2\/products-by-department?post=3463"}],"curies":[{"name":"wp","href":"https:\/\/api.w.org\/{rel}","templated":true}]}}