{"id":3335,"date":"2025-04-15T01:09:12","date_gmt":"2025-04-15T01:09:12","guid":{"rendered":"https:\/\/hanheng.easiwin.com\/product\/plastic-endocervical-spatulaarye-vaginal-spatula-specimen-collection-from-ectocervix-and-posterior-fornix-cells\/"},"modified":"2025-05-09T07:46:43","modified_gmt":"2025-05-09T07:46:43","slug":"plastic-endocervical-spatulaarye-vaginal-spatula-specimen-collection-from-ectocervix-and-posterior-fornix-cells","status":"publish","type":"product","link":"https:\/\/hanheng-medical.com\/fr\/product\/plastic-endocervical-spatulaarye-vaginal-spatula-specimen-collection-from-ectocervix-and-posterior-fornix-cells\/","title":{"rendered":"Spatule endocervicale en plastique (Arye)\/Spatule vaginale\/Pr\u00e9l\u00e8vement d'\u00e9chantillons des cellules de l'ectocol et du cul-de-sac post\u00e9rieur"},"content":{"rendered":"<h2>Caract\u00e9ristiques principales<\/h2>\n<ol>\n<li>Lame plate et lisse : Minimise l'inconfort lors de la collecte des cellules.<\/li>\n<li>Extr\u00e9mit\u00e9 angulaire ou profil\u00e9e : Con\u00e7ue pour atteindre l'ectocol et parfois le canal endocervical.<\/li>\n<li>Usage unique (g\u00e9n\u00e9ralement) : Assure l'hygi\u00e8ne et r\u00e9duit le risque de contamination crois\u00e9e.<\/li>\n<li>Fabriqu\u00e9 en plastique ou en bois : L\u00e9ger et jetable.<\/li>\n<li>St\u00e9rilisation et dur\u00e9e de conservation : Disponible en version st\u00e9rilis\u00e9e \u00e0 l'ETO avec une dur\u00e9e de conservation de 5 ans ou en option non st\u00e9rile.<\/li>\n<li>Conditionnement et utilisation flexibles : Emball\u00e9 individuellement ou disponible en vrac, con\u00e7u pour un usage unique.<\/li>\n<li>S\u00fbr et hypoallerg\u00e9nique : Sans latex, minimisant le risque de r\u00e9actions allergiques.<\/li>\n<\/ol>\n<table>\n<tbody>\n<tr>\n<td>Nom du produit<\/td>\n<td>Spatule vaginale jetable (Arye)<\/td>\n<\/tr>\n<tr>\n<td>Num\u00e9ro d'article<\/td>\n<td>84030<\/td>\n<\/tr>\n<tr>\n<td>Mat\u00e9riau<\/td>\n<td>Polypropyl\u00e8ne<\/td>\n<\/tr>\n<tr>\n<td>Certification<\/td>\n<td>CE0197, FDA, GOST-R, NMPA, ISO13485<\/td>\n<\/tr>\n<tr>\n<td>St\u00e9rilisation<\/td>\n<td>EOS<\/td>\n<\/tr>\n<tr>\n<td>Dur\u00e9e de conservation<\/td>\n<td>5 ans<\/td>\n<\/tr>\n<tr>\n<td rowspan=\"4\">Mesures<\/td>\n<td>Longueur totale (L) : 180+\/-5 mm<\/td>\n<\/tr>\n<tr>\n<td>Diam\u00e8tre de la t\u00eate (D1) : 20,5+\/-0,3 mm<\/td>\n<\/tr>\n<tr>\n<td>Diam\u00e8tre de la t\u00eate (D2) : 14,5+\/-0,3 mm ;<\/td>\n<\/tr>\n<tr>\n<td>Diam\u00e8tre de la poign\u00e9e (D3) : 8,2+\/-0,3 mm ;<\/td>\n<\/tr>\n<tr>\n<td>Code SH<\/td>\n<td>901890<\/td>\n<\/tr>\n<\/tbody>\n<\/table>","protected":false},"featured_media":3348,"parent":0,"template":"","meta":{"_acf_changed":true,"_gspb_post_css":"","_kad_blocks_custom_css":"","_kad_blocks_head_custom_js":"","_kad_blocks_body_custom_js":"","_kad_blocks_footer_custom_js":"","_kad_post_transparent":"","_kad_post_title":"","_kad_post_layout":"","_kad_post_sidebar_id":"","_kad_post_content_style":"","_kad_post_vertical_padding":"","_kad_post_feature":"","_kad_post_feature_position":"","_kad_post_header":false,"_kad_post_footer":false,"_kad_post_classname":""},"product-category":[78],"product-tag":[29,34,30,35],"products-by-department":[33],"class_list":["post-3335","product","type-product","status-publish","has-post-thumbnail","hentry","product-category-disposable-cervical-spatula","product-tag-gynaecological-examinations","product-tag-hpv","product-tag-liquid-based-cytology","product-tag-pap","products-by-department-gynecology"],"acf":[],"taxonomy_info":{"product-category":[{"value":78,"label":"Disposable Cervical Spatula"}],"product-tag":[{"value":29,"label":"Gynaecological Examinations"},{"value":34,"label":"Hpv"},{"value":30,"label":"Liquid-Based Cytology"},{"value":35,"label":"Pap"}],"products-by-department":[{"value":33,"label":"Gynecology"}]},"featured_image_src_large":["https:\/\/hanheng-medical.com\/wp-content\/uploads\/2025\/04\/Plastic-Endocervical-SpatulaAryeVaginal-SpatulaSpecimen-Collection-from-Ectocervix-and-Posterior-fornix-cells8403-3.jpg",800,800,false],"author_info":[],"comment_info":"","_links":{"self":[{"href":"https:\/\/hanheng-medical.com\/fr\/wp-json\/wp\/v2\/product\/3335","targetHints":{"allow":["GET"]}}],"collection":[{"href":"https:\/\/hanheng-medical.com\/fr\/wp-json\/wp\/v2\/product"}],"about":[{"href":"https:\/\/hanheng-medical.com\/fr\/wp-json\/wp\/v2\/types\/product"}],"wp:featuredmedia":[{"embeddable":true,"href":"https:\/\/hanheng-medical.com\/fr\/wp-json\/wp\/v2\/media\/3348"}],"wp:attachment":[{"href":"https:\/\/hanheng-medical.com\/fr\/wp-json\/wp\/v2\/media?parent=3335"}],"wp:term":[{"taxonomy":"product-category","embeddable":true,"href":"https:\/\/hanheng-medical.com\/fr\/wp-json\/wp\/v2\/product-category?post=3335"},{"taxonomy":"product-tag","embeddable":true,"href":"https:\/\/hanheng-medical.com\/fr\/wp-json\/wp\/v2\/product-tag?post=3335"},{"taxonomy":"products-by-department","embeddable":true,"href":"https:\/\/hanheng-medical.com\/fr\/wp-json\/wp\/v2\/products-by-department?post=3335"}],"curies":[{"name":"wp","href":"https:\/\/api.w.org\/{rel}","templated":true}]}}