{"id":3056,"date":"2025-04-07T06:19:56","date_gmt":"2025-04-07T06:19:56","guid":{"rendered":"https:\/\/hanheng.easiwin.com\/product\/polyurethane-foam-swab-nasal-specimen-collection-equipement-and-electronic-devices-cleaning-molded-breakpoint-g-0128\/"},"modified":"2025-05-19T09:31:37","modified_gmt":"2025-05-19T09:31:37","slug":"polyurethane-foam-swab-nasal-specimen-collection-equipement-and-electronic-devices-cleaning-molded-breakpoint-g-0128","status":"publish","type":"product","link":"https:\/\/hanheng-medical.com\/fr\/product\/polyurethane-foam-swab-nasal-specimen-collection-equipement-and-electronic-devices-cleaning-molded-breakpoint-g-0128\/","title":{"rendered":"\u00c9couvillon en mousse de polyur\u00e9thane\/pr\u00e9l\u00e8vement d'\u00e9chantillons nasaux\/nettoyage d'\u00e9quipements et d'appareils \u00e9lectroniques\/point de rupture moul\u00e9 G-0128"},"content":{"rendered":"<h2>Caract\u00e9ristiques principales<\/h2>\n<ol>\n<li>La mousse de polyur\u00e9thane est r\u00e9sistante \u00e0 la d\u00e9chirure et aux produits chimiques.<\/li>\n<li>Excellente absorption<\/li>\n<li>Sans peluche<\/li>\n<li>St\u00e9rilisation et dur\u00e9e de conservation : St\u00e9rilis\u00e9 \u00e0 l'ETO avec une dur\u00e9e de conservation de 5 ans.<\/li>\n<li>Utilisation s\u00fbre et pratique : Emball\u00e9 individuellement, \u00e0 usage unique et sans latex pour une hygi\u00e8ne et une s\u00e9curit\u00e9 maximales des patients.<\/li>\n<\/ol>\n<table>\n<tbody>\n<tr>\n<td>Nom du produit<\/td>\n<td>\u00c9couvillon d'\u00e9chantillonnage jetable<\/td>\n<\/tr>\n<tr>\n<td>Num\u00e9ro d'article<\/td>\n<td>G-0128<\/td>\n<\/tr>\n<tr>\n<td>Couramment utilis\u00e9 pour<\/td>\n<td>Diagnostics\/Pr\u00e9l\u00e8vement d'\u00e9chantillons (nasaux) M\u00e9dico-l\u00e9gale\/G\u00e9n\u00e9tique<br \/>\nM\u00e9dical<\/td>\n<\/tr>\n<tr>\n<td rowspan=\"2\">Mat\u00e9riau<\/td>\n<td>Embout : Mousse de polyur\u00e9thane<\/td>\n<\/tr>\n<tr>\n<td>Manche : Polypropyl\u00e8ne (PP)<\/td>\n<\/tr>\n<tr>\n<td>Point de rupture<\/td>\n<td>40 mm \u00e0 partir de l'embout<\/td>\n<\/tr>\n<tr>\n<td>Certification<\/td>\n<td>CE0197, FDA, GOST-R, NMPA, ISO13485<\/td>\n<\/tr>\n<tr>\n<td>St\u00e9rilisation<\/td>\n<td>EOS<\/td>\n<\/tr>\n<tr>\n<td>Dur\u00e9e de conservation<\/td>\n<td>5 ans<\/td>\n<\/tr>\n<tr>\n<td rowspan=\"4\">Mesures<\/td>\n<td>Longueur totale (L) : 80 +\/- 10 mm<\/td>\n<\/tr>\n<tr>\n<td>Longueur de l'embout (L1) : 15 +\/- 3 mm<br \/>\nDiam\u00e8tre de l'embout (D1) : 4 +\/- 1 mm<\/td>\n<\/tr>\n<tr>\n<td>Diam\u00e8tre de la tige (D3) : 2,5 +\/- 0,25 mm<\/td>\n<\/tr>\n<tr>\n<td>Point de rupture (L2) : 40 +\/- 5 mm<\/td>\n<\/tr>\n<tr>\n<td>Code SH<\/td>\n<td>300590<\/td>\n<\/tr>\n<\/tbody>\n<\/table>","protected":false},"featured_media":2940,"parent":0,"template":"","meta":{"_acf_changed":false,"_gspb_post_css":"","_kad_blocks_custom_css":"","_kad_blocks_head_custom_js":"","_kad_blocks_body_custom_js":"","_kad_blocks_footer_custom_js":"","_kad_post_transparent":"","_kad_post_title":"","_kad_post_layout":"","_kad_post_sidebar_id":"","_kad_post_content_style":"","_kad_post_vertical_padding":"","_kad_post_feature":"","_kad_post_feature_position":"","_kad_post_header":false,"_kad_post_footer":false,"_kad_post_classname":""},"product-category":[50],"product-tag":[71,73,72,69,70],"products-by-department":[63],"class_list":["post-3056","product","type-product","status-publish","has-post-thumbnail","hentry","product-category-disposable-sampling-swab","product-tag-cleaning","product-tag-exceptional-particle-entrapment","product-tag-free-of-adhesives-and-binders","product-tag-polyurethane-foam-tip","product-tag-sample-collection-and-diagnostics","products-by-department-multiple-application"],"acf":[],"taxonomy_info":{"product-category":[{"value":50,"label":"Disposable Sampling Swab"}],"product-tag":[{"value":71,"label":"Cleaning"},{"value":73,"label":"Exceptional particle entrapment"},{"value":72,"label":"Free of Adhesives and Binders"},{"value":69,"label":"Polyurethane Foam Tip"},{"value":70,"label":"Sample Collection and Diagnostics"}],"products-by-department":[{"value":63,"label":"Multiple Application"}]},"featured_image_src_large":["https:\/\/hanheng-medical.com\/wp-content\/uploads\/2025\/04\/Polyurethane-Foam-SwabNasal-Specimen-CollectionEquipement-and-Electronic-Devices-CleaningMolded-Breakpoint-G-0128-2.jpg",800,800,false],"author_info":[],"comment_info":"","_links":{"self":[{"href":"https:\/\/hanheng-medical.com\/fr\/wp-json\/wp\/v2\/product\/3056","targetHints":{"allow":["GET"]}}],"collection":[{"href":"https:\/\/hanheng-medical.com\/fr\/wp-json\/wp\/v2\/product"}],"about":[{"href":"https:\/\/hanheng-medical.com\/fr\/wp-json\/wp\/v2\/types\/product"}],"wp:featuredmedia":[{"embeddable":true,"href":"https:\/\/hanheng-medical.com\/fr\/wp-json\/wp\/v2\/media\/2940"}],"wp:attachment":[{"href":"https:\/\/hanheng-medical.com\/fr\/wp-json\/wp\/v2\/media?parent=3056"}],"wp:term":[{"taxonomy":"product-category","embeddable":true,"href":"https:\/\/hanheng-medical.com\/fr\/wp-json\/wp\/v2\/product-category?post=3056"},{"taxonomy":"product-tag","embeddable":true,"href":"https:\/\/hanheng-medical.com\/fr\/wp-json\/wp\/v2\/product-tag?post=3056"},{"taxonomy":"products-by-department","embeddable":true,"href":"https:\/\/hanheng-medical.com\/fr\/wp-json\/wp\/v2\/products-by-department?post=3056"}],"curies":[{"name":"wp","href":"https:\/\/api.w.org\/{rel}","templated":true}]}}