{"id":3050,"date":"2025-04-07T06:19:56","date_gmt":"2025-04-07T06:19:56","guid":{"rendered":"https:\/\/hanheng.easiwin.com\/product\/polyurethane-foam-swab-equipement-and-electronic-devices-maintenance-cleaning-g-020\/"},"modified":"2025-04-07T06:19:56","modified_gmt":"2025-04-07T06:19:56","slug":"polyurethane-foam-swab-equipement-and-electronic-devices-maintenance-cleaning-g-020","status":"publish","type":"product","link":"https:\/\/hanheng-medical.com\/fr\/product\/polyurethane-foam-swab-equipement-and-electronic-devices-maintenance-cleaning-g-020\/","title":{"rendered":"\u00c9couvillon en mousse de polyur\u00e9thane\/Entretien des \u00e9quipements et des appareils \u00e9lectroniques Nettoyage G-020"},"content":{"rendered":"<h2>Caract\u00e9ristiques principales<\/h2>\n<ol>\n<li>La mousse de polyur\u00e9thane est r\u00e9sistante \u00e0 la d\u00e9chirure et aux produits chimiques.<\/li>\n<li>Excellente absorption<\/li>\n<li>Non pelucheux et non rayant<\/li>\n<li>Peut \u00eatre utilis\u00e9 avec de l'alcool, de l'ac\u00e9tone, des huiles, des graisses et des solvants<\/li>\n<\/ol>\n<table>\n<tbody>\n<tr>\n<td >\nNom du produit\n<\/td>\n<td >\n\u00c9couvillon d'\u00e9chantillonnage jetable\n<\/td>\n<\/tr>\n<tr>\n<td >\nNum\u00e9ro d'article\n<\/td>\n<td >\nG-020\n<\/td>\n<\/tr>\n<tr>\n<td >\nCouramment utilis\u00e9 pour\n<\/td>\n<td >\nApplications multiples\n<\/td>\n<\/tr>\n<tr>\n<td rowspan=\"2\" >\nMat\u00e9riau\n<\/td>\n<td >\nPointe : Mousse de polyur\u00e9thane\n<\/td>\n<\/tr>\n<tr>\n<td >\nManche : Polypropyl\u00e8ne (PP)\n<\/td>\n<\/tr>\n<tr>\n<td >\nPoint de rupture\n<\/td>\n<td >\nS.O.\n<\/td>\n<\/tr>\n<tr>\n<td >\nCertification\n<\/td>\n<td >\nCE0197, FDA, GOST-R, NMPA, ISO13485\n<\/td>\n<\/tr>\n<tr>\n<td >\nSt\u00e9rilisation\n<\/td>\n<td >\nEOS\n<\/td>\n<\/tr>\n<tr>\n<td >\nDur\u00e9e de conservation\n<\/td>\n<td >\n5 ans\n<\/td>\n<\/tr>\n<tr>\n<td rowspan=\"3\" >\nMesures\n<\/td>\n<td >\nLongueur totale (L) : 128+\/-10 mm\n<\/td>\n<\/tr>\n<tr>\n<td >\nLongueur de la pointe (L1) : 23+\/-3 mm<br \/>\nDiam\u00e8tre de la pointe (D1) : 15+\/-2 mm\n<\/td>\n<\/tr>\n<tr>\n<td >\nDiam\u00e8tre du manche (D3) : 7,0+\/-0,5 mm\n<\/td>\n<\/tr>\n<tr>\n<td >\nCode SH\n<\/td>\n<td >\n300590\n<\/td>\n<\/tr>\n<\/tbody>\n<\/table>","protected":false},"featured_media":2929,"parent":0,"template":"","meta":{"_acf_changed":false,"_gspb_post_css":"","_kad_blocks_custom_css":"","_kad_blocks_head_custom_js":"","_kad_blocks_body_custom_js":"","_kad_blocks_footer_custom_js":"","_kad_post_transparent":"","_kad_post_title":"","_kad_post_layout":"","_kad_post_sidebar_id":"","_kad_post_content_style":"","_kad_post_vertical_padding":"","_kad_post_feature":"","_kad_post_feature_position":"","_kad_post_header":false,"_kad_post_footer":false,"_kad_post_classname":""},"product-category":[50],"product-tag":[73,72,69],"products-by-department":[63],"class_list":["post-3050","product","type-product","status-publish","has-post-thumbnail","hentry","product-category-disposable-sampling-swab","product-tag-exceptional-particle-entrapment","product-tag-free-of-adhesives-and-binders","product-tag-polyurethane-foam-tip","products-by-department-multiple-application"],"acf":[],"taxonomy_info":{"product-category":[{"value":50,"label":"Disposable Sampling Swab"}],"product-tag":[{"value":73,"label":"Exceptional particle entrapment"},{"value":72,"label":"Free of Adhesives and Binders"},{"value":69,"label":"Polyurethane Foam Tip"}],"products-by-department":[{"value":63,"label":"Multiple Application"}]},"featured_image_src_large":["https:\/\/hanheng-medical.com\/wp-content\/uploads\/2025\/04\/Polyurethane-Foam-SwabEquipement-and-Electronic-Devices-Maintenance-Cleaning-G-020-2.jpg",800,800,false],"author_info":[],"comment_info":"","_links":{"self":[{"href":"https:\/\/hanheng-medical.com\/fr\/wp-json\/wp\/v2\/product\/3050","targetHints":{"allow":["GET"]}}],"collection":[{"href":"https:\/\/hanheng-medical.com\/fr\/wp-json\/wp\/v2\/product"}],"about":[{"href":"https:\/\/hanheng-medical.com\/fr\/wp-json\/wp\/v2\/types\/product"}],"wp:featuredmedia":[{"embeddable":true,"href":"https:\/\/hanheng-medical.com\/fr\/wp-json\/wp\/v2\/media\/2929"}],"wp:attachment":[{"href":"https:\/\/hanheng-medical.com\/fr\/wp-json\/wp\/v2\/media?parent=3050"}],"wp:term":[{"taxonomy":"product-category","embeddable":true,"href":"https:\/\/hanheng-medical.com\/fr\/wp-json\/wp\/v2\/product-category?post=3050"},{"taxonomy":"product-tag","embeddable":true,"href":"https:\/\/hanheng-medical.com\/fr\/wp-json\/wp\/v2\/product-tag?post=3050"},{"taxonomy":"products-by-department","embeddable":true,"href":"https:\/\/hanheng-medical.com\/fr\/wp-json\/wp\/v2\/products-by-department?post=3050"}],"curies":[{"name":"wp","href":"https:\/\/api.w.org\/{rel}","templated":true}]}}