{"id":3046,"date":"2025-04-07T06:19:56","date_gmt":"2025-04-07T06:19:56","guid":{"rendered":"https:\/\/hanheng.easiwin.com\/product\/viscose-fabricrayon-tipped-swab-plastic-shaft-large-area-sampling-or-cleaning-molded-breakpoint-e-03\/"},"modified":"2025-04-07T06:19:56","modified_gmt":"2025-04-07T06:19:56","slug":"viscose-fabricrayon-tipped-swab-plastic-shaft-large-area-sampling-or-cleaning-molded-breakpoint-e-03","status":"publish","type":"product","link":"https:\/\/hanheng-medical.com\/fr\/product\/viscose-fabricrayon-tipped-swab-plastic-shaft-large-area-sampling-or-cleaning-molded-breakpoint-e-03\/","title":{"rendered":"\u00c9couvillon \u00e0 bout en tissu de viscose (rayonne) \/ Manche en plastique \/ \u00c9chantillonnage ou nettoyage de grande surface \/ Point de rupture moul\u00e9 E-03"},"content":{"rendered":"<h2>Caract\u00e9ristiques principales<\/h2>\n<ol>\n<li>Bien que produit \u00e0 partir de mat\u00e9riaux naturels, le processus de fabrication \u00e9limine tous les composants qui pourraient endommager l'\u00e9chantillon ou interf\u00e9rer avec le transport et\/ou le traitement de l'\u00e9chantillon.<\/li>\n<li>Applicateur \u00e0 usage g\u00e9n\u00e9ral ; \u00c9couvillon de collecte d'\u00e9chantillons pour les tests et le d\u00e9pistage ; Collecte de cellules pour les tests ADN ;<\/li>\n<li>3. St\u00e9rilisation et dur\u00e9e de conservation : St\u00e9rilis\u00e9 \u00e0 l'ETO avec une dur\u00e9e de conservation de 5 ans.<\/li>\n<li>4. Utilisation s\u00fbre et pratique : Emball\u00e9 individuellement, \u00e0 usage unique et sans latex pour une hygi\u00e8ne et une s\u00e9curit\u00e9 maximales du patient.<\/li>\n<\/ol>\n<table>\n<tbody>\n<tr>\n<td >\nNom du produit\n<\/td>\n<td >\n\u00c9couvillon d'\u00e9chantillonnage jetable\n<\/td>\n<\/tr>\n<tr>\n<td >\nNum\u00e9ro d'article\n<\/td>\n<td >\nE-03\n<\/td>\n<\/tr>\n<tr>\n<td >\nCouramment utilis\u00e9 pour\n<\/td>\n<td >\nDiagnostics\/Collecte d'\u00e9chantillons ;<br \/>\nM\u00e9dico-l\u00e9gal\/G\u00e9n\u00e9tique ;<br \/>\nM\u00e9dical ;\n<\/td>\n<\/tr>\n<tr>\n<td rowspan=\"2\" >\nMat\u00e9riau\n<\/td>\n<td >\nPointe : Rayonne (viscose)\n<\/td>\n<\/tr>\n<tr>\n<td >\nManche : Acrylonitrile Butadi\u00e8ne Styr\u00e8ne (ABS)\n<\/td>\n<\/tr>\n<tr>\n<td >\nPoint de rupture\n<\/td>\n<td >\nDisponible\n<\/td>\n<\/tr>\n<tr>\n<td >\nCertification\n<\/td>\n<td >\nCE0197, FDA, GOST-R, NMPA, ISO13485\n<\/td>\n<\/tr>\n<tr>\n<td >\nSt\u00e9rilisation\n<\/td>\n<td >\nEOS\n<\/td>\n<\/tr>\n<tr>\n<td >\nDur\u00e9e de conservation\n<\/td>\n<td >\n5 ans\n<\/td>\n<\/tr>\n<tr>\n<td rowspan=\"4\" >\nMesures\n<\/td>\n<td >\nLongueur totale (L) : 148+\/-10 mm\n<\/td>\n<\/tr>\n<tr>\n<td >\nLongueur de la pointe (L1) : 13+\/-5 mm<br \/>\nDiam\u00e8tre de la pointe (D1) : 4,5+\/-2 mm\n<\/td>\n<\/tr>\n<tr>\n<td >\nDiam\u00e8tre du manche (D2) : 2,5+\/-1 mm\n<\/td>\n<\/tr>\n<tr>\n<td >\nDiam\u00e8tre du manche (D3) : 2,5+\/-1 mm\n<\/td>\n<\/tr>\n<tr>\n<td >\nCode SH\n<\/td>\n<td >\n300590\n<\/td>\n<\/tr>\n<\/tbody>\n<\/table>","protected":false},"featured_media":2948,"parent":0,"template":"","meta":{"_acf_changed":false,"_gspb_post_css":"","_kad_blocks_custom_css":"","_kad_blocks_head_custom_js":"","_kad_blocks_body_custom_js":"","_kad_blocks_footer_custom_js":"","_kad_post_transparent":"","_kad_post_title":"","_kad_post_layout":"","_kad_post_sidebar_id":"","_kad_post_content_style":"","_kad_post_vertical_padding":"","_kad_post_feature":"","_kad_post_feature_position":"","_kad_post_header":false,"_kad_post_footer":false,"_kad_post_classname":""},"product-category":[50],"product-tag":[45,65,66],"products-by-department":[63],"class_list":["post-3046","product","type-product","status-publish","has-post-thumbnail","hentry","product-category-disposable-sampling-swab","product-tag-molded-breakpoint","product-tag-sample-collection","product-tag-viscose-tipped-swab-with-plastic-shaft","products-by-department-multiple-application"],"acf":[],"taxonomy_info":{"product-category":[{"value":50,"label":"Disposable Sampling Swab"}],"product-tag":[{"value":45,"label":"Molded Breakpoint"},{"value":65,"label":"Sample Collection"},{"value":66,"label":"Viscose Tipped Swab with Plastic Shaft"}],"products-by-department":[{"value":63,"label":"Multiple Application"}]},"featured_image_src_large":["https:\/\/hanheng-medical.com\/wp-content\/uploads\/2025\/04\/Viscose-FabricRayon-Tipped-SwabPlastic-ShaftLarge-area-Sampling-or-CleaningMolded-Breakpoint-E-03-2.jpg",800,800,false],"author_info":[],"comment_info":"","_links":{"self":[{"href":"https:\/\/hanheng-medical.com\/fr\/wp-json\/wp\/v2\/product\/3046","targetHints":{"allow":["GET"]}}],"collection":[{"href":"https:\/\/hanheng-medical.com\/fr\/wp-json\/wp\/v2\/product"}],"about":[{"href":"https:\/\/hanheng-medical.com\/fr\/wp-json\/wp\/v2\/types\/product"}],"wp:featuredmedia":[{"embeddable":true,"href":"https:\/\/hanheng-medical.com\/fr\/wp-json\/wp\/v2\/media\/2948"}],"wp:attachment":[{"href":"https:\/\/hanheng-medical.com\/fr\/wp-json\/wp\/v2\/media?parent=3046"}],"wp:term":[{"taxonomy":"product-category","embeddable":true,"href":"https:\/\/hanheng-medical.com\/fr\/wp-json\/wp\/v2\/product-category?post=3046"},{"taxonomy":"product-tag","embeddable":true,"href":"https:\/\/hanheng-medical.com\/fr\/wp-json\/wp\/v2\/product-tag?post=3046"},{"taxonomy":"products-by-department","embeddable":true,"href":"https:\/\/hanheng-medical.com\/fr\/wp-json\/wp\/v2\/products-by-department?post=3046"}],"curies":[{"name":"wp","href":"https:\/\/api.w.org\/{rel}","templated":true}]}}