{"id":3034,"date":"2025-04-07T06:19:54","date_gmt":"2025-04-07T06:19:54","guid":{"rendered":"https:\/\/hanheng.easiwin.com\/product\/nylon-flocked-endocervical-swab-hpv-dna-tests-for-cervical-cancer-screening-a-10\/"},"modified":"2025-04-07T06:19:54","modified_gmt":"2025-04-07T06:19:54","slug":"nylon-flocked-endocervical-swab-hpv-dna-tests-for-cervical-cancer-screening-a-10","status":"publish","type":"product","link":"https:\/\/hanheng-medical.com\/fr\/product\/nylon-flocked-endocervical-swab-hpv-dna-tests-for-cervical-cancer-screening-a-10\/","title":{"rendered":"\u00c9couvillon endocervical floqu\u00e9 en nylon\/Tests ADN VPH pour le d\u00e9pistage du cancer du col de l'ut\u00e9rus A-10"},"content":{"rendered":"<h2>Caract\u00e9ristiques principales<\/h2>\n<ol>\n<li>Collecte d'\u00e9chantillons sup\u00e9rieure\u00a0: l'\u00e9couvillon floqu\u00e9 n'a pas de c\u0153ur interne pour pi\u00e9ger l'\u00e9chantillon, ce qui permet une absorption rapide et garantit une \u00e9lution rapide et compl\u00e8te du sp\u00e9cimen.<\/li>\n<li>Conception pour de multiples sites de collecte\u00a0: diverses dimensions de tige et d'extr\u00e9mit\u00e9 font de l'\u00e9couvillon floqu\u00e9 une alternative am\u00e9lior\u00e9e \u00e0 la proc\u00e9dure de collecte invasive et co\u00fbteuse.<\/li>\n<li>Le partenaire id\u00e9al : L'\u00e9couvillon floqu\u00e9 peut \u00eatre associ\u00e9 \u00e0 diff\u00e9rents milieux de transport bact\u00e9riologiques et virologiques, ce qui \u00e9largit la compatibilit\u00e9 avec d'innombrables tests en aval.<\/li>\n<li>St\u00e9rilisation et dur\u00e9e de conservation : St\u00e9rilis\u00e9 \u00e0 l'ETO avec une dur\u00e9e de conservation de 5 ans.<\/li>\n<li>Utilisation s\u00fbre et pratique : Emball\u00e9 individuellement, \u00e0 usage unique et sans latex pour une hygi\u00e8ne et une s\u00e9curit\u00e9 maximales des patients.<\/li>\n<\/ol>\n<table>\n<tbody>\n<tr>\n<td >\n<p>Nom du produit<\/p>\n<\/td>\n<td >\n<p>\u00c9couvillon d'\u00e9chantillonnage jetable<\/p>\n<\/td>\n<\/tr>\n<tr>\n<td >\n<p>Num\u00e9ro d'article<\/p>\n<\/td>\n<td >\n<p>A-10<\/p>\n<\/td>\n<\/tr>\n<tr>\n<td >\n<p>Couramment utilis\u00e9 pour<\/p>\n<\/td>\n<td >\n<p>&nbsp;\u00c9couvillon vaginal\/IST\/VPH<\/p>\n<\/td>\n<\/tr>\n<tr>\n<td rowspan=\"2\" >\n<p>Mat\u00e9riau<\/p>\n<\/td>\n<td >\n<p>Embout\u00a0: Fil floqu\u00e9 en nylon<\/p>\n<\/td>\n<\/tr>\n<tr>\n<td >\n<p>Tige\u00a0: Acrylonitrile Butadi\u00e8ne Styr\u00e8ne (ABS)<\/p>\n<\/td>\n<\/tr>\n<tr>\n<td >\n<p>Point de rupture<\/p>\n<\/td>\n<td >\n<p>40 mm \u00e0 partir de l'embout<\/p>\n<\/td>\n<\/tr>\n<tr>\n<td >\n<p>Certification<\/p>\n<\/td>\n<td >\n<p>CE0197,FDA, GOST-R, NMPA, ISO13485<\/p>\n<\/td>\n<\/tr>\n<tr>\n<td >\n<p>St\u00e9rilisation<\/p>\n<\/td>\n<td >\n<p>EOS<\/p>\n<\/td>\n<\/tr>\n<tr>\n<td >\n<p>Dur\u00e9e de conservation<\/p>\n<\/td>\n<td >\n<p>5 ans<\/p>\n<\/td>\n<\/tr>\n<tr>\n<td rowspan=\"5\" >\n<p>Mesures<\/p>\n<\/td>\n<td >\n<p>Longueur totale (L)\u00a0: 170+\/-10\u00a0mm<\/p>\n<\/td>\n<\/tr>\n<tr>\n<td >\n<p>Longueur de la pointe (L1) : 20+\/-3 mm<\/p>\n<p>Diam\u00e8tre de l'embout (D1)\u00a0: 5,0+\/-1,5\u00a0mm<\/p>\n<\/td>\n<\/tr>\n<tr>\n<td >\n<p>Diam\u00e8tre de la tige (D2)\u00a0: 2,5+\/-0,5\u00a0mm<\/p>\n<\/td>\n<\/tr>\n<tr>\n<td >\n<p>Diam\u00e8tre de la tige (D3)\u00a0: 3,0+\/-0,3\u00a0mm<\/p>\n<\/td>\n<\/tr>\n<tr>\n<td >\n<p>Point de rupture (L2) : 40 +\/- 5 mm<\/p>\n<\/td>\n<\/tr>\n<tr>\n<td >\n<p>Code SH<\/p>\n<\/td>\n<td >\n<p>300590<\/p>\n<\/td>\n<\/tr>\n<\/tbody>\n<\/table>","protected":false},"featured_media":2979,"parent":0,"template":"","meta":{"_acf_changed":false,"_gspb_post_css":"","_kad_blocks_custom_css":"","_kad_blocks_head_custom_js":"","_kad_blocks_body_custom_js":"","_kad_blocks_footer_custom_js":"","_kad_post_transparent":"","_kad_post_title":"","_kad_post_layout":"","_kad_post_sidebar_id":"","_kad_post_content_style":"","_kad_post_vertical_padding":"","_kad_post_feature":"","_kad_post_feature_position":"","_kad_post_header":false,"_kad_post_footer":false,"_kad_post_classname":""},"product-category":[50],"product-tag":[51,45,61],"products-by-department":[33],"class_list":["post-3034","product","type-product","status-publish","has-post-thumbnail","hentry","product-category-disposable-sampling-swab","product-tag-flocked-tip","product-tag-molded-breakpoint","product-tag-sti-hpv-application","products-by-department-gynecology"],"acf":[],"taxonomy_info":{"product-category":[{"value":50,"label":"Disposable Sampling Swab"}],"product-tag":[{"value":51,"label":"Flocked tip"},{"value":45,"label":"Molded Breakpoint"},{"value":61,"label":"STI-HPV Application"}],"products-by-department":[{"value":33,"label":"Gynecology"}]},"featured_image_src_large":["https:\/\/hanheng-medical.com\/wp-content\/uploads\/2025\/04\/Nylon-Flocked-Endocervical-Swab-HPV-DNA-tests-for-cervical-cancer-screening-A-10-2.jpg",800,800,false],"author_info":[],"comment_info":"","_links":{"self":[{"href":"https:\/\/hanheng-medical.com\/fr\/wp-json\/wp\/v2\/product\/3034","targetHints":{"allow":["GET"]}}],"collection":[{"href":"https:\/\/hanheng-medical.com\/fr\/wp-json\/wp\/v2\/product"}],"about":[{"href":"https:\/\/hanheng-medical.com\/fr\/wp-json\/wp\/v2\/types\/product"}],"wp:featuredmedia":[{"embeddable":true,"href":"https:\/\/hanheng-medical.com\/fr\/wp-json\/wp\/v2\/media\/2979"}],"wp:attachment":[{"href":"https:\/\/hanheng-medical.com\/fr\/wp-json\/wp\/v2\/media?parent=3034"}],"wp:term":[{"taxonomy":"product-category","embeddable":true,"href":"https:\/\/hanheng-medical.com\/fr\/wp-json\/wp\/v2\/product-category?post=3034"},{"taxonomy":"product-tag","embeddable":true,"href":"https:\/\/hanheng-medical.com\/fr\/wp-json\/wp\/v2\/product-tag?post=3034"},{"taxonomy":"products-by-department","embeddable":true,"href":"https:\/\/hanheng-medical.com\/fr\/wp-json\/wp\/v2\/products-by-department?post=3034"}],"curies":[{"name":"wp","href":"https:\/\/api.w.org\/{rel}","templated":true}]}}