{"id":3028,"date":"2025-04-07T06:19:54","date_gmt":"2025-04-07T06:19:54","guid":{"rendered":"https:\/\/hanheng.easiwin.com\/product\/nylon-flocked-swab-specimen-colletion-forensic-science-a-03\/"},"modified":"2025-04-07T06:19:54","modified_gmt":"2025-04-07T06:19:54","slug":"nylon-flocked-swab-specimen-colletion-forensic-science-a-03","status":"publish","type":"product","link":"https:\/\/hanheng-medical.com\/fr\/product\/nylon-flocked-swab-specimen-colletion-forensic-science-a-03\/","title":{"rendered":"\u00c9couvillon floqu\u00e9 en nylon\/pr\u00e9l\u00e8vement d'\u00e9chantillons\/science m\u00e9dico-l\u00e9gale A-03"},"content":{"rendered":"<h2>Caract\u00e9ristiques principales<\/h2>\n<ol>\n<li>Collecte d'\u00e9chantillons sup\u00e9rieure\u00a0: l'\u00e9couvillon floqu\u00e9 n'a pas de c\u0153ur interne pour pi\u00e9ger l'\u00e9chantillon, ce qui permet une absorption rapide et garantit une \u00e9lution rapide et compl\u00e8te du sp\u00e9cimen.<\/li>\n<li>Conception pour de multiples sites de collecte\u00a0: diverses dimensions de tige et d'extr\u00e9mit\u00e9 font de l'\u00e9couvillon floqu\u00e9 une alternative am\u00e9lior\u00e9e \u00e0 la proc\u00e9dure de collecte invasive et co\u00fbteuse.<\/li>\n<li>Le partenaire id\u00e9al : L'\u00e9couvillon floqu\u00e9 peut \u00eatre associ\u00e9 \u00e0 diff\u00e9rents milieux de transport bact\u00e9riologiques et virologiques, ce qui \u00e9largit la compatibilit\u00e9 avec d'innombrables tests en aval.<\/li>\n<li>St\u00e9rilisation et dur\u00e9e de conservation : St\u00e9rilis\u00e9 \u00e0 l'ETO avec une dur\u00e9e de conservation de 5 ans.<\/li>\n<li>Utilisation s\u00fbre et pratique : Emball\u00e9 individuellement, \u00e0 usage unique et sans latex pour une hygi\u00e8ne et une s\u00e9curit\u00e9 maximales des patients.<\/li>\n<\/ol>\n<table>\n<tbody>\n<tr>\n<td >\nNom du produit\n<\/td>\n<td >\n\u00c9couvillon d'\u00e9chantillonnage jetable\n<\/td>\n<\/tr>\n<tr>\n<td >\nNum\u00e9ro d'article\n<\/td>\n<td >\nA-03\n<\/td>\n<\/tr>\n<tr>\n<td >\nCouramment utilis\u00e9 pour\n<\/td>\n<td >\nSc\u00e8ne de crime\n<\/td>\n<\/tr>\n<tr>\n<td rowspan=\"2\" >\nMat\u00e9riau\n<\/td>\n<td >\nPointe : Fil floqu\u00e9 en nylon\n<\/td>\n<\/tr>\n<tr>\n<td >\nManche : Acrylonitrile Butadi\u00e8ne Styr\u00e8ne (ABS)\n<\/td>\n<\/tr>\n<tr>\n<td >\nPoint de rupture\n<\/td>\n<td >\n70\u00a0mm ou 40\u00a0mm \u00e0 partir de l'extr\u00e9mit\u00e9\n<\/td>\n<\/tr>\n<tr>\n<td >\nCertification\n<\/td>\n<td >\nCE0197, FDA, GOST-R, NMPA, ISO13485\n<\/td>\n<\/tr>\n<tr>\n<td >\nSt\u00e9rilisation\n<\/td>\n<td >\nEOS\n<\/td>\n<\/tr>\n<tr>\n<td >\nDur\u00e9e de conservation\n<\/td>\n<td >\n5 ans\n<\/td>\n<\/tr>\n<tr>\n<td rowspan=\"4\" >\nMesures\n<\/td>\n<td >\nLongueur totale (L)\u00a0: 122+\/-10\u00a0mm\n<\/td>\n<\/tr>\n<tr>\n<td >\nLongueur de l'embout (L1)\u00a0: 11+\/-3\u00a0mm<br \/>\nDiam\u00e8tre de l'embout (D1)\u00a0: 5,5+\/-1,5\u00a0mm\n<\/td>\n<\/tr>\n<tr>\n<td >\nDiam\u00e8tre de la tige (D2)\u00a0: 2,5+\/-0,5\u00a0mm\n<\/td>\n<\/tr>\n<tr>\n<td >\nPoint de rupture (L2)\u00a0: 70+\/5\u00a0mm\n<\/td>\n<\/tr>\n<tr>\n<td >\nCode SH\n<\/td>\n<td >\n300590\n<\/td>\n<\/tr>\n<\/tbody>\n<\/table>","protected":false},"featured_media":2916,"parent":0,"template":"","meta":{"_acf_changed":false,"_gspb_post_css":"","_kad_blocks_custom_css":"","_kad_blocks_head_custom_js":"","_kad_blocks_body_custom_js":"","_kad_blocks_footer_custom_js":"","_kad_post_transparent":"","_kad_post_title":"","_kad_post_layout":"","_kad_post_sidebar_id":"","_kad_post_content_style":"","_kad_post_vertical_padding":"","_kad_post_feature":"","_kad_post_feature_position":"","_kad_post_header":false,"_kad_post_footer":false,"_kad_post_classname":""},"product-category":[50],"product-tag":[55,51,45],"products-by-department":[56],"class_list":["post-3028","product","type-product","status-publish","has-post-thumbnail","hentry","product-category-disposable-sampling-swab","product-tag-crime-scene-collection","product-tag-flocked-tip","product-tag-molded-breakpoint","products-by-department-forensic-science"],"acf":[],"taxonomy_info":{"product-category":[{"value":50,"label":"Disposable Sampling Swab"}],"product-tag":[{"value":55,"label":"Crime Scene Collection"},{"value":51,"label":"Flocked tip"},{"value":45,"label":"Molded Breakpoint"}],"products-by-department":[{"value":56,"label":"Forensic Science"}]},"featured_image_src_large":["https:\/\/hanheng-medical.com\/wp-content\/uploads\/2025\/04\/Nylon-Flocked-SwabSpecimen-ColletionForensic-Science-A-03-1.jpg",800,800,false],"author_info":[],"comment_info":"","_links":{"self":[{"href":"https:\/\/hanheng-medical.com\/fr\/wp-json\/wp\/v2\/product\/3028","targetHints":{"allow":["GET"]}}],"collection":[{"href":"https:\/\/hanheng-medical.com\/fr\/wp-json\/wp\/v2\/product"}],"about":[{"href":"https:\/\/hanheng-medical.com\/fr\/wp-json\/wp\/v2\/types\/product"}],"wp:featuredmedia":[{"embeddable":true,"href":"https:\/\/hanheng-medical.com\/fr\/wp-json\/wp\/v2\/media\/2916"}],"wp:attachment":[{"href":"https:\/\/hanheng-medical.com\/fr\/wp-json\/wp\/v2\/media?parent=3028"}],"wp:term":[{"taxonomy":"product-category","embeddable":true,"href":"https:\/\/hanheng-medical.com\/fr\/wp-json\/wp\/v2\/product-category?post=3028"},{"taxonomy":"product-tag","embeddable":true,"href":"https:\/\/hanheng-medical.com\/fr\/wp-json\/wp\/v2\/product-tag?post=3028"},{"taxonomy":"products-by-department","embeddable":true,"href":"https:\/\/hanheng-medical.com\/fr\/wp-json\/wp\/v2\/products-by-department?post=3028"}],"curies":[{"name":"wp","href":"https:\/\/api.w.org\/{rel}","templated":true}]}}