{"id":3026,"date":"2025-04-07T06:19:54","date_gmt":"2025-04-07T06:19:54","guid":{"rendered":"https:\/\/hanheng.easiwin.com\/product\/nylon-flocked-swab-oropharyngeal-op-throat-specimen-collection-various-sampling-site-a-01\/"},"modified":"2025-04-07T06:19:54","modified_gmt":"2025-04-07T06:19:54","slug":"nylon-flocked-swab-oropharyngeal-op-throat-specimen-collection-various-sampling-site-a-01","status":"publish","type":"product","link":"https:\/\/hanheng-medical.com\/fr\/product\/nylon-flocked-swab-oropharyngeal-op-throat-specimen-collection-various-sampling-site-a-01\/","title":{"rendered":"\u00c9couvillon floqu\u00e9 en nylon\/Pr\u00e9l\u00e8vement d\u2019\u00e9chantillons oropharyng\u00e9s (OP) (gorge)\/Divers sites d\u2019\u00e9chantillonnage A-01"},"content":{"rendered":"<h2>Caract\u00e9ristiques principales<\/h2>\n<ol>\n<li>Collecte d'\u00e9chantillons sup\u00e9rieure\u00a0: l'\u00e9couvillon floqu\u00e9 n'a pas de c\u0153ur interne pour pi\u00e9ger l'\u00e9chantillon, ce qui permet une absorption rapide et garantit une \u00e9lution rapide et compl\u00e8te du sp\u00e9cimen.<\/li>\n<li>Conception pour de multiples sites de collecte\u00a0: diverses dimensions de tige et d'extr\u00e9mit\u00e9 font de l'\u00e9couvillon floqu\u00e9 une alternative am\u00e9lior\u00e9e \u00e0 la proc\u00e9dure de collecte invasive et co\u00fbteuse.<\/li>\n<li>Le partenaire id\u00e9al : L'\u00e9couvillon floqu\u00e9 peut \u00eatre associ\u00e9 \u00e0 diff\u00e9rents milieux de transport bact\u00e9riologiques et virologiques, ce qui \u00e9largit la compatibilit\u00e9 avec d'innombrables tests en aval.<\/li>\n<li>St\u00e9rilisation et dur\u00e9e de conservation : St\u00e9rilis\u00e9 \u00e0 l'ETO avec une dur\u00e9e de conservation de 5 ans.<\/li>\n<li>Utilisation s\u00fbre et pratique : Emball\u00e9 individuellement, \u00e0 usage unique et sans latex pour une hygi\u00e8ne et une s\u00e9curit\u00e9 maximales des patients.<\/li>\n<\/ol>\n<table >\n<tbody>\n<tr>\n<td >Nom du produit<\/td>\n<td >\u00c9couvillon d'\u00e9chantillonnage jetable<\/td>\n<\/tr>\n<tr>\n<td >Num\u00e9ro d'article<\/td>\n<td >A-01<\/td>\n<\/tr>\n<tr>\n<td rowspan=\"3\" >Couramment utilis\u00e9 pour<\/td>\n<td >Site de collecte :<\/td>\n<\/tr>\n<tr>\n<td >Oropharyng\u00e9 (gorge), vaginal, inguinal, axillaire, rectal, plaie, buccal, selles ;<\/td>\n<\/tr>\n<tr>\n<td >Covid 19\/Grippe A&amp;B\/PCR<\/td>\n<\/tr>\n<tr>\n<td rowspan=\"2\" >Mat\u00e9riau<\/td>\n<td >Pointe : Fil floqu\u00e9 en nylon<\/td>\n<\/tr>\n<tr>\n<td >Manche : Acrylonitrile Butadi\u00e8ne Styr\u00e8ne (ABS)<\/td>\n<\/tr>\n<tr>\n<td >Point de rupture<\/td>\n<td >30 mm ou 75 mm \u00e0 partir de l'extr\u00e9mit\u00e9<\/td>\n<\/tr>\n<tr>\n<td >Certification<\/td>\n<td >CE0197, FDA, GOST-R, NMPA, ISO13485<\/td>\n<\/tr>\n<tr>\n<td >St\u00e9rilisation<\/td>\n<td >EOS<\/td>\n<\/tr>\n<tr>\n<td >Dur\u00e9e de conservation<\/td>\n<td >5 ans<\/td>\n<\/tr>\n<tr>\n<td rowspan=\"7\" >Mesures<\/td>\n<td >Longueur totale (L)\u00a0: 152+\/-10\u00a0mm<\/td>\n<\/tr>\n<tr>\n<td >Longueur de la pointe (L1) : 23+\/-3 mm<\/td>\n<\/tr>\n<tr>\n<td >Diam\u00e8tre de l'embout (D1) : 6 +\/- 1,5 mm<\/td>\n<\/tr>\n<tr>\n<td >Diam\u00e8tre du manche (D2) : 2+\/-0,5 mm<\/td>\n<\/tr>\n<tr>\n<td >Diam\u00e8tre de la tige (D3) : 2,5 +\/- 0,25 mm<\/td>\n<\/tr>\n<tr>\n<td >Point de rupture (L2) : 30+\/-5 mm<\/td>\n<\/tr>\n<tr>\n<td >Point de rupture (L3) : 75+\/-5 mm<\/td>\n<\/tr>\n<tr>\n<td >Code SH<\/td>\n<td >300590<\/td>\n<\/tr>\n<\/tbody>\n<\/table>","protected":false},"featured_media":2914,"parent":0,"template":"","meta":{"_acf_changed":false,"_gspb_post_css":"","_kad_blocks_custom_css":"","_kad_blocks_head_custom_js":"","_kad_blocks_body_custom_js":"","_kad_blocks_footer_custom_js":"","_kad_post_transparent":"","_kad_post_title":"","_kad_post_layout":"","_kad_post_sidebar_id":"","_kad_post_content_style":"","_kad_post_vertical_padding":"","_kad_post_feature":"","_kad_post_feature_position":"","_kad_post_header":false,"_kad_post_footer":false,"_kad_post_classname":""},"product-category":[50],"product-tag":[51,45,52],"products-by-department":[53],"class_list":["post-3026","product","type-product","status-publish","has-post-thumbnail","hentry","product-category-disposable-sampling-swab","product-tag-flocked-tip","product-tag-molded-breakpoint","product-tag-respiratory-specimen-collection","products-by-department-respiratory"],"acf":[],"taxonomy_info":{"product-category":[{"value":50,"label":"Disposable Sampling Swab"}],"product-tag":[{"value":51,"label":"Flocked tip"},{"value":45,"label":"Molded Breakpoint"},{"value":52,"label":"Respiratory Specimen Collection"}],"products-by-department":[{"value":53,"label":"Respiratory"}]},"featured_image_src_large":["https:\/\/hanheng-medical.com\/wp-content\/uploads\/2025\/04\/Nylon-Flocked-SwabOropharyngeal-OP-throat-Specimen-CollectionVarious-Sampling-Site-A-01-02.jpg",800,800,false],"author_info":[],"comment_info":"","_links":{"self":[{"href":"https:\/\/hanheng-medical.com\/fr\/wp-json\/wp\/v2\/product\/3026","targetHints":{"allow":["GET"]}}],"collection":[{"href":"https:\/\/hanheng-medical.com\/fr\/wp-json\/wp\/v2\/product"}],"about":[{"href":"https:\/\/hanheng-medical.com\/fr\/wp-json\/wp\/v2\/types\/product"}],"wp:featuredmedia":[{"embeddable":true,"href":"https:\/\/hanheng-medical.com\/fr\/wp-json\/wp\/v2\/media\/2914"}],"wp:attachment":[{"href":"https:\/\/hanheng-medical.com\/fr\/wp-json\/wp\/v2\/media?parent=3026"}],"wp:term":[{"taxonomy":"product-category","embeddable":true,"href":"https:\/\/hanheng-medical.com\/fr\/wp-json\/wp\/v2\/product-category?post=3026"},{"taxonomy":"product-tag","embeddable":true,"href":"https:\/\/hanheng-medical.com\/fr\/wp-json\/wp\/v2\/product-tag?post=3026"},{"taxonomy":"products-by-department","embeddable":true,"href":"https:\/\/hanheng-medical.com\/fr\/wp-json\/wp\/v2\/products-by-department?post=3026"}],"curies":[{"name":"wp","href":"https:\/\/api.w.org\/{rel}","templated":true}]}}