{"id":2486,"date":"2025-03-21T01:36:09","date_gmt":"2025-03-21T01:36:09","guid":{"rendered":"https:\/\/hanheng.easiwin.com\/product\/cytological-brush-pap-smear-chlamydia-hpv-screening-8-reinforced-pole-8101a20\/"},"modified":"2025-05-09T07:44:35","modified_gmt":"2025-05-09T07:44:35","slug":"cytological-brush-pap-smear-chlamydia-hpv-screening-8-reinforced-pole-8101a20","status":"publish","type":"product","link":"https:\/\/hanheng-medical.com\/fr\/product\/cytological-brush-pap-smear-chlamydia-hpv-screening-8-reinforced-pole-8101a20\/","title":{"rendered":"Brosse cytologique\/frottis Pap\/d\u00e9pistage de la chlamydia\/VPH\/8&#8217;\/p\u00f4le renforc\u00e9 8101A20"},"content":{"rendered":"<h2>Caract\u00e9ristiques principales<\/h2>\n<ol>\n<li>Pr\u00e9l\u00e8vement d'\u00e9chantillons fiable : Assure le pr\u00e9l\u00e8vement d'une quantit\u00e9 suffisante de mat\u00e9riel cytologique de la zone endocervicale pour des diagnostics pr\u00e9cis.<\/li>\n<li>Insertion facile : La forme conique permet une insertion en douceur et sans effort, m\u00eame en cas de col ut\u00e9rin st\u00e9nos\u00e9.<\/li>\n<li>Le point de rupture moul\u00e9 permet de d\u00e9tacher facilement la t\u00eate d'\u00e9chantillonnage dans le flacon, ce qui le rend compatible avec la m\u00e9thode de cytologie en milieu liquide (LBC).<\/li>\n<li>Indolore et confortable : Les poils en nylon souples offrent une exp\u00e9rience douce et sans douleur pour les patientes.<\/li>\n<li>St\u00e9rilisation et dur\u00e9e de conservation : Disponible en version st\u00e9rilis\u00e9e \u00e0 l'ETO avec une dur\u00e9e de conservation de 5 ans ou en option non st\u00e9rile.<\/li>\n<li>Conditionnement et utilisation flexibles : Emball\u00e9 individuellement ou disponible en vrac, con\u00e7u pour un usage unique.<\/li>\n<li>S\u00fbr et hypoallerg\u00e9nique : Sans latex, minimisant le risque de r\u00e9actions allergiques.<\/li>\n<\/ol>\n<table>\n<tbody>\n<tr>\n<td>Nom du produit<\/td>\n<td>Brosse d'\u00e9chantillonnage jetable<\/td>\n<\/tr>\n<tr>\n<td>Num\u00e9ro d'article<\/td>\n<td>Frottis de Pap<\/td>\n<\/tr>\n<tr>\n<td rowspan=\"3\">Mat\u00e9riau<\/td>\n<td>T\u00eate d'\u00e9chantillonnage : Fil de nylon, SUS 304<\/td>\n<\/tr>\n<tr>\n<td>Poign\u00e9e d'\u00e9chantillonnage : Polypropyl\u00e8ne<\/td>\n<\/tr>\n<tr>\n<td>Spatule endocervicale en plastique (Arye) avec ligne pointill\u00e9e\/Spatule vaginale\/Pr\u00e9l\u00e8vement d'\u00e9chantillons des cellules de l'ectocol et du cul-de-sac post\u00e9rieur<\/td>\n<\/tr>\n<tr>\n<td>Certification<\/td>\n<td>CE0197, FDA, GOST-R, NMPA, ISO13485<\/td>\n<\/tr>\n<tr>\n<td>St\u00e9rilisation<\/td>\n<td>EOS<\/td>\n<\/tr>\n<tr>\n<td>Dur\u00e9e de conservation<\/td>\n<td>5 ans<\/td>\n<\/tr>\n<tr>\n<td rowspan=\"4\">Mesures<\/td>\n<td>Longueur totale (L) : 190+\/-10mm<\/td>\n<\/tr>\n<tr>\n<td>Longueur de la t\u00eate (L1) : 22+\/-5 mm<\/td>\n<\/tr>\n<tr>\n<td>Diam\u00e8tre de la t\u00eate (D1) : 7+\/-2 mm ;<\/td>\n<\/tr>\n<tr>\n<td>Diam\u00e8tre du manche (D2) : 5+\/-1mm ;<\/td>\n<\/tr>\n<tr>\n<td>Point de rupture<\/td>\n<td>37mm de l'extr\u00e9mit\u00e9<\/td>\n<\/tr>\n<tr>\n<td>Code SH<\/td>\n<td>901890<\/td>\n<\/tr>\n<\/tbody>\n<\/table>","protected":false},"featured_media":2444,"parent":0,"template":"","meta":{"_acf_changed":false,"_gspb_post_css":"","_kad_blocks_custom_css":"","_kad_blocks_head_custom_js":"","_kad_blocks_body_custom_js":"","_kad_blocks_footer_custom_js":"","_kad_post_transparent":"","_kad_post_title":"","_kad_post_layout":"","_kad_post_sidebar_id":"","_kad_post_content_style":"","_kad_post_vertical_padding":"","_kad_post_feature":"","_kad_post_feature_position":"","_kad_post_header":false,"_kad_post_footer":false,"_kad_post_classname":""},"product-category":[39],"product-tag":[40,41,43],"products-by-department":[33],"class_list":["post-2486","product","type-product","status-publish","has-post-thumbnail","hentry","product-category-disposable-sampling-brush","product-tag-cytology","product-tag-pap-smear","product-tag-reinforced-pole","products-by-department-gynecology"],"acf":[],"taxonomy_info":{"product-category":[{"value":39,"label":"Disposable Sampling Brush"}],"product-tag":[{"value":40,"label":"Cytology"},{"value":41,"label":"Pap Smear"},{"value":43,"label":"Reinforced pole"}],"products-by-department":[{"value":33,"label":"Gynecology"}]},"featured_image_src_large":["https:\/\/hanheng-medical.com\/wp-content\/uploads\/2025\/03\/Cytological-brushPap-SmearchlamydiaHPV-Screening8Reinforced-pole-8101A20\u767d2.jpg",800,800,false],"author_info":[],"comment_info":"","_links":{"self":[{"href":"https:\/\/hanheng-medical.com\/fr\/wp-json\/wp\/v2\/product\/2486","targetHints":{"allow":["GET"]}}],"collection":[{"href":"https:\/\/hanheng-medical.com\/fr\/wp-json\/wp\/v2\/product"}],"about":[{"href":"https:\/\/hanheng-medical.com\/fr\/wp-json\/wp\/v2\/types\/product"}],"wp:featuredmedia":[{"embeddable":true,"href":"https:\/\/hanheng-medical.com\/fr\/wp-json\/wp\/v2\/media\/2444"}],"wp:attachment":[{"href":"https:\/\/hanheng-medical.com\/fr\/wp-json\/wp\/v2\/media?parent=2486"}],"wp:term":[{"taxonomy":"product-category","embeddable":true,"href":"https:\/\/hanheng-medical.com\/fr\/wp-json\/wp\/v2\/product-category?post=2486"},{"taxonomy":"product-tag","embeddable":true,"href":"https:\/\/hanheng-medical.com\/fr\/wp-json\/wp\/v2\/product-tag?post=2486"},{"taxonomy":"products-by-department","embeddable":true,"href":"https:\/\/hanheng-medical.com\/fr\/wp-json\/wp\/v2\/products-by-department?post=2486"}],"curies":[{"name":"wp","href":"https:\/\/api.w.org\/{rel}","templated":true}]}}