{"id":2279,"date":"2025-03-19T06:18:01","date_gmt":"2025-03-19T06:18:01","guid":{"rendered":"https:\/\/hanheng.easiwin.com\/product\/cervical-scancer-screening-hpv-screening-double-tips-broom-tip-and-nylon-conical-cytobrush-tip-8316\/"},"modified":"2025-05-13T01:02:09","modified_gmt":"2025-05-13T01:02:09","slug":"cervical-scancer-screening-hpv-screening-double-tips-broom-tip-and-nylon-conical-cytobrush-tip-8316","status":"publish","type":"product","link":"https:\/\/hanheng-medical.com\/fr\/product\/cervical-scancer-screening-hpv-screening-double-tips-broom-tip-and-nylon-conical-cytobrush-tip-8316\/","title":{"rendered":"D\u00e9pistage du cancer du col de l'ut\u00e9rus et d\u00e9pistage du VPH\/pointe de balai \u00e0 double embout et pointe de cytobrosse conique en nylon 8316"},"content":{"rendered":"<h2>Caract\u00e9ristiques principales<\/h2>\n<ol>\n<li>Embout en forme de fleur : Fabriqu\u00e9 \u00e0 partir de poils doux et flexibles, bien d\u00e9finis et semi-circulaires, pour une collecte optimale des \u00e9chantillons.<\/li>\n<li>Embout de brosse conique en nylon : La forme conique permet une insertion facile, m\u00eame en cas de col st\u00e9nos\u00e9, tandis que les soies en nylon souples assurent une proc\u00e9dure totalement indolore.<\/li>\n<li>St\u00e9rilisation et dur\u00e9e de conservation : St\u00e9rilis\u00e9 \u00e0 l'ETO avec une dur\u00e9e de conservation de 5 ans.<\/li>\n<li>Conditionnement et utilisation : Emball\u00e9 individuellement et con\u00e7u pour un usage unique.<\/li>\n<\/ol>\n<table>\n<tbody>\n<tr>\n<td>\n<p>Nom du produit<\/p>\n<\/td>\n<td>\n<p>\u00c9chantillonneur cervical \u00e0 usage unique<\/p>\n<\/td>\n<\/tr>\n<tr>\n<td>\n<p>Num\u00e9ro d'article<\/p>\n<\/td>\n<td>\n<p>831601<\/p>\n<\/td>\n<\/tr>\n<tr>\n<td rowspan=\"3\">\n<p>Mat\u00e9riau<\/p>\n<\/td>\n<td>\n<p>Pointe : Soies de poly\u00e9thyl\u00e8ne, fil de nylon, SUS 304<\/p>\n<\/td>\n<\/tr>\n<tr>\n<td>\n<p>Manche : Polypropyl\u00e8ne<\/p>\n<\/td>\n<\/tr>\n<tr>\n<td>\n<p>Tube-poussoir : S.O.<\/p>\n<\/td>\n<\/tr>\n<tr>\n<td>\n<p>Certification<\/p>\n<\/td>\n<td>\n<p>CE0197, FDA, GOST-R, NMPA, ISO13485<\/p>\n<\/td>\n<\/tr>\n<tr>\n<td>\n<p>St\u00e9rilisation<\/p>\n<\/td>\n<td>\n<p>EOS<\/p>\n<\/td>\n<\/tr>\n<tr>\n<td>\n<p>Dur\u00e9e de conservation<\/p>\n<\/td>\n<td>\n<p>5 ans<\/p>\n<\/td>\n<\/tr>\n<tr>\n<td rowspan=\"3\">\n<p>Mesures<\/p>\n<\/td>\n<td>\n<p>Longueur totale (L) : 195+\/-10mm<\/p>\n<\/td>\n<\/tr>\n<tr>\n<td>\n<p>Diam\u00e8tre de l'embout (D1) : 18,5 +\/- 2 mm<\/p>\n<\/td>\n<\/tr>\n<tr>\n<td>\n<p>Diam\u00e8tre de la tige (D2) : 3+\/-1mm ;<\/p>\n<\/td>\n<\/tr>\n<tr>\n<td>\n<p>Code SH<\/p>\n<\/td>\n<td>\n<p>901890<\/p>\n<\/td>\n<\/tr>\n<\/tbody>\n<\/table>\n\n\n<figure class=\"wp-block-image size-full\"><img loading=\"lazy\" decoding=\"async\" width=\"988\" height=\"175\" src=\"https:\/\/hanheng-medical.com\/wp-content\/uploads\/2025\/03\/8316.jpg\" alt=\"\" class=\"wp-image-2309\" title=\"\" srcset=\"https:\/\/hanheng-medical.com\/wp-content\/uploads\/2025\/03\/8316.jpg 988w, https:\/\/hanheng-medical.com\/wp-content\/uploads\/2025\/03\/8316-300x53.jpg 300w, https:\/\/hanheng-medical.com\/wp-content\/uploads\/2025\/03\/8316-768x136.jpg 768w\" sizes=\"auto, (max-width: 988px) 100vw, 988px\" \/><\/figure>","protected":false},"featured_media":2258,"parent":0,"template":"","meta":{"_acf_changed":true,"_gspb_post_css":"","_kad_blocks_custom_css":"","_kad_blocks_head_custom_js":"","_kad_blocks_body_custom_js":"","_kad_blocks_footer_custom_js":"","_kad_post_transparent":"","_kad_post_title":"","_kad_post_layout":"","_kad_post_sidebar_id":"","_kad_post_content_style":"","_kad_post_vertical_padding":"","_kad_post_feature":"","_kad_post_feature_position":"","_kad_post_header":false,"_kad_post_footer":false,"_kad_post_classname":""},"product-category":[28],"product-tag":[29,34,30,35],"products-by-department":[33],"class_list":["post-2279","product","type-product","status-publish","has-post-thumbnail","hentry","product-category-disposable-cervical-sampler","product-tag-gynaecological-examinations","product-tag-hpv","product-tag-liquid-based-cytology","product-tag-pap","products-by-department-gynecology"],"acf":[],"taxonomy_info":{"product-category":[{"value":28,"label":"Disposable Cervical Sampler"}],"product-tag":[{"value":29,"label":"Gynaecological Examinations"},{"value":34,"label":"Hpv"},{"value":30,"label":"Liquid-Based Cytology"},{"value":35,"label":"Pap"}],"products-by-department":[{"value":33,"label":"Gynecology"}]},"featured_image_src_large":["https:\/\/hanheng-medical.com\/wp-content\/uploads\/2025\/03\/Cervical-Scancer-Screening-HPV-ScreeningDouble-tips-Broom-tip-and-Nylon-Conical-cytobrush-tip-831601-3.jpg",800,800,false],"author_info":[],"comment_info":"","_links":{"self":[{"href":"https:\/\/hanheng-medical.com\/fr\/wp-json\/wp\/v2\/product\/2279","targetHints":{"allow":["GET"]}}],"collection":[{"href":"https:\/\/hanheng-medical.com\/fr\/wp-json\/wp\/v2\/product"}],"about":[{"href":"https:\/\/hanheng-medical.com\/fr\/wp-json\/wp\/v2\/types\/product"}],"wp:featuredmedia":[{"embeddable":true,"href":"https:\/\/hanheng-medical.com\/fr\/wp-json\/wp\/v2\/media\/2258"}],"wp:attachment":[{"href":"https:\/\/hanheng-medical.com\/fr\/wp-json\/wp\/v2\/media?parent=2279"}],"wp:term":[{"taxonomy":"product-category","embeddable":true,"href":"https:\/\/hanheng-medical.com\/fr\/wp-json\/wp\/v2\/product-category?post=2279"},{"taxonomy":"product-tag","embeddable":true,"href":"https:\/\/hanheng-medical.com\/fr\/wp-json\/wp\/v2\/product-tag?post=2279"},{"taxonomy":"products-by-department","embeddable":true,"href":"https:\/\/hanheng-medical.com\/fr\/wp-json\/wp\/v2\/products-by-department?post=2279"}],"curies":[{"name":"wp","href":"https:\/\/api.w.org\/{rel}","templated":true}]}}