{"id":2277,"date":"2025-03-19T06:18:01","date_gmt":"2025-03-19T06:18:01","guid":{"rendered":"https:\/\/hanheng.easiwin.com\/product\/vagianl-swab-bacterial-vaginosis-yeast-infections-sexually-transmitted-infections-8319\/"},"modified":"2025-05-13T01:03:24","modified_gmt":"2025-05-13T01:03:24","slug":"vagianl-swab-bacterial-vaginosis-yeast-infections-sexually-transmitted-infections-8319","status":"publish","type":"product","link":"https:\/\/hanheng-medical.com\/fr\/product\/vagianl-swab-bacterial-vaginosis-yeast-infections-sexually-transmitted-infections-8319\/","title":{"rendered":"\u00c9couvillon vaginal \/ Vaginose bact\u00e9rienne \/ Infections \u00e0 levures \/ Infections sexuellement transmissibles 8319"},"content":{"rendered":"<h2>Caract\u00e9ristiques principales<\/h2>\n<ul>\n<li>Collecte cellulaire \u00e9lev\u00e9e et \u00e9lution rapide : L'embout de l'\u00e9couvillon floqu\u00e9 est con\u00e7u pour une collecte cellulaire efficace et assure la lib\u00e9ration imm\u00e9diate des sp\u00e9cimens dans le milieu de transport.<\/li>\n<li>Pas de c\u0153ur de matelas interne : Emp\u00eache la dispersion et le pi\u00e9geage des \u00e9chantillons, pr\u00e9servant ainsi l'int\u00e9grit\u00e9 maximale des sp\u00e9cimens.<\/li>\n<li>St\u00e9rilisation et dur\u00e9e de conservation : St\u00e9rilis\u00e9 \u00e0 l'ETO avec une dur\u00e9e de conservation de 5 ans.<\/li>\n<li>Emballage et utilisation : Emball\u00e9 individuellement et \u00e0 usage unique pour une hygi\u00e8ne et une s\u00e9curit\u00e9 optimales.<\/li>\n<\/ul>\n<table>\n<tbody>\n<tr>\n<td>\n<p>Nom du produit<\/p>\n<\/td>\n<td>\n<p>\u00c9chantillonneur cervical \u00e0 usage unique<\/p>\n<\/td>\n<\/tr>\n<tr>\n<td>\n<p>Num\u00e9ro d'article<\/p>\n<\/td>\n<td>\n<p>8319<\/p>\n<\/td>\n<\/tr>\n<tr>\n<td rowspan=\"2\">\n<p>Mat\u00e9riau<\/p>\n<\/td>\n<td>\n<p>Embout : Nylon<\/p>\n<\/td>\n<\/tr>\n<tr>\n<td>\n<p>Manche : Polypropyl\u00e8ne<\/p>\n<\/td>\n<\/tr>\n<tr>\n<td>\n<p>Certification<\/p>\n<\/td>\n<td>\n<p>CE0197, FDA, GOST-R, NMPA, ISO13485<\/p>\n<\/td>\n<\/tr>\n<tr>\n<td>\n<p>St\u00e9rilisation<\/p>\n<\/td>\n<td>\n<p>EOS<\/p>\n<\/td>\n<\/tr>\n<tr>\n<td>\n<p>Dur\u00e9e de conservation<\/p>\n<\/td>\n<td>\n<p>5 ans<\/p>\n<\/td>\n<\/tr>\n<tr>\n<td rowspan=\"3\">\n<p>Mesures<\/p>\n<\/td>\n<td>\n<p>Longueur totale (L) : 180 +\/- 10 mm<\/p>\n<\/td>\n<\/tr>\n<tr>\n<td>\n<p>Diam\u00e8tre de l'embout (D1) : 20 +\/- 3 mm<\/p>\n<\/td>\n<\/tr>\n<tr>\n<td>\n<p>Diam\u00e8tre de la tige (D2) : 6 +\/- 1 mm ;<\/p>\n<\/td>\n<\/tr>\n<tr>\n<td>\n<p>Code SH<\/p>\n<\/td>\n<td>\n<p>901890<\/p>\n<\/td>\n<\/tr>\n<\/tbody>\n<\/table>\n\n\n<figure class=\"wp-block-image size-full\"><img loading=\"lazy\" decoding=\"async\" width=\"889\" height=\"201\" src=\"https:\/\/hanheng-medical.com\/wp-content\/uploads\/2025\/03\/8319.jpg\" alt=\"\" class=\"wp-image-2326\" title=\"\" srcset=\"https:\/\/hanheng-medical.com\/wp-content\/uploads\/2025\/03\/8319.jpg 889w, https:\/\/hanheng-medical.com\/wp-content\/uploads\/2025\/03\/8319-300x68.jpg 300w, https:\/\/hanheng-medical.com\/wp-content\/uploads\/2025\/03\/8319-768x174.jpg 768w\" sizes=\"auto, (max-width: 889px) 100vw, 889px\" \/><\/figure>","protected":false},"featured_media":2232,"parent":0,"template":"","meta":{"_acf_changed":true,"_gspb_post_css":"","_kad_blocks_custom_css":"","_kad_blocks_head_custom_js":"","_kad_blocks_body_custom_js":"","_kad_blocks_footer_custom_js":"","_kad_post_transparent":"","_kad_post_title":"","_kad_post_layout":"","_kad_post_sidebar_id":"","_kad_post_content_style":"","_kad_post_vertical_padding":"","_kad_post_feature":"","_kad_post_feature_position":"","_kad_post_header":false,"_kad_post_footer":false,"_kad_post_classname":""},"product-category":[28],"product-tag":[29,38,36,37],"products-by-department":[33],"class_list":["post-2277","product","type-product","status-publish","has-post-thumbnail","hentry","product-category-disposable-cervical-sampler","product-tag-gynaecological-examinations","product-tag-nylon-flocking-tip","product-tag-reproductive-health","product-tag-sti-test","products-by-department-gynecology"],"acf":[],"taxonomy_info":{"product-category":[{"value":28,"label":"Disposable Cervical Sampler"}],"product-tag":[{"value":29,"label":"Gynaecological Examinations"},{"value":38,"label":"Nylon Flocking Tip"},{"value":36,"label":"Reproductive Health"},{"value":37,"label":"Sti Test"}],"products-by-department":[{"value":33,"label":"Gynecology"}]},"featured_image_src_large":["https:\/\/hanheng-medical.com\/wp-content\/uploads\/2025\/03\/Vagianl-Swab-Bacterial-vaginosisyeast-infectionsSexually-transmitted-infections-8319-2.jpg",800,800,false],"author_info":[],"comment_info":"","_links":{"self":[{"href":"https:\/\/hanheng-medical.com\/fr\/wp-json\/wp\/v2\/product\/2277","targetHints":{"allow":["GET"]}}],"collection":[{"href":"https:\/\/hanheng-medical.com\/fr\/wp-json\/wp\/v2\/product"}],"about":[{"href":"https:\/\/hanheng-medical.com\/fr\/wp-json\/wp\/v2\/types\/product"}],"wp:featuredmedia":[{"embeddable":true,"href":"https:\/\/hanheng-medical.com\/fr\/wp-json\/wp\/v2\/media\/2232"}],"wp:attachment":[{"href":"https:\/\/hanheng-medical.com\/fr\/wp-json\/wp\/v2\/media?parent=2277"}],"wp:term":[{"taxonomy":"product-category","embeddable":true,"href":"https:\/\/hanheng-medical.com\/fr\/wp-json\/wp\/v2\/product-category?post=2277"},{"taxonomy":"product-tag","embeddable":true,"href":"https:\/\/hanheng-medical.com\/fr\/wp-json\/wp\/v2\/product-tag?post=2277"},{"taxonomy":"products-by-department","embeddable":true,"href":"https:\/\/hanheng-medical.com\/fr\/wp-json\/wp\/v2\/products-by-department?post=2277"}],"curies":[{"name":"wp","href":"https:\/\/api.w.org\/{rel}","templated":true}]}}