{"id":2270,"date":"2025-03-19T06:18:01","date_gmt":"2025-03-19T06:18:01","guid":{"rendered":"https:\/\/hanheng.easiwin.com\/product\/cervical-scancer-screening-cervix-cervical-brushboom-like-device-8310\/"},"modified":"2025-05-13T01:03:15","modified_gmt":"2025-05-13T01:03:15","slug":"cervical-scancer-screening-cervix-cervical-brushboom-like-device-8310","status":"publish","type":"product","link":"https:\/\/hanheng-medical.com\/fr\/product\/cervical-scancer-screening-cervix-cervical-brushboom-like-device-8310\/","title":{"rendered":"D\u00e9pistage du cancer du col de l'ut\u00e9rus Col de l'ut\u00e9rus\/col de l'ut\u00e9rus Brosse (appareil en forme de boom) 8310"},"content":{"rendered":"<h2>Caract\u00e9ristiques principales<\/h2>\n<ol>\n<li>Embout en forme de fleur : Fabriqu\u00e9 \u00e0 partir de poils doux et flexibles, bien d\u00e9finis et semi-circulaires, pour une collecte optimale des \u00e9chantillons.<\/li>\n<li>Embout de brosse conique en nylon : La forme conique permet une insertion facile, m\u00eame en cas de col st\u00e9nos\u00e9, tandis que les soies en nylon souples assurent une proc\u00e9dure totalement indolore.<\/li>\n<li>St\u00e9rilisation et dur\u00e9e de conservation : St\u00e9rilis\u00e9 \u00e0 l'ETO avec une dur\u00e9e de conservation de 5 ans.<\/li>\n<li>Emballage et utilisation : Emball\u00e9 individuellement, \u00e0 usage unique et sans latex pour une s\u00e9curit\u00e9 et une hygi\u00e8ne maximales<\/li>\n<\/ol>\n<table>\n<tbody>\n<tr>\n<td>\n<p>Nom du produit<\/p>\n<\/td>\n<td>\n<p>\u00c9chantillonneur cervical \u00e0 usage unique<\/p>\n<\/td>\n<\/tr>\n<tr>\n<td>\n<p>Num\u00e9ro d'article<\/p>\n<\/td>\n<td>\n<p>8310<\/p>\n<\/td>\n<\/tr>\n<tr>\n<td rowspan=\"3\">\n<p>Mat\u00e9riau<\/p>\n<\/td>\n<td>\n<p>Embout : Soies en poly\u00e9thyl\u00e8ne<\/p>\n<\/td>\n<\/tr>\n<tr>\n<td>\n<p>Manche : Polypropyl\u00e8ne (bleu ou rose)<\/p>\n<\/td>\n<\/tr>\n<tr>\n<td>\n<p>Tube-poussoir : S.O.<\/p>\n<\/td>\n<\/tr>\n<tr>\n<td>\n<p>Certification<\/p>\n<\/td>\n<td>\n<p>CE0197, FDA, GOST-R, NMPA, ISO13485<\/p>\n<\/td>\n<\/tr>\n<tr>\n<td>\n<p>St\u00e9rilisation<\/p>\n<\/td>\n<td>\n<p>EOS<\/p>\n<\/td>\n<\/tr>\n<tr>\n<td>\n<p>Dur\u00e9e de conservation<\/p>\n<\/td>\n<td>\n<p>5 ans<\/p>\n<\/td>\n<\/tr>\n<tr>\n<td rowspan=\"3\">\n<p>Mesures<\/p>\n<\/td>\n<td>\n<p>Longueur totale (L) : 203 +\/- 10 mm<\/p>\n<\/td>\n<\/tr>\n<tr>\n<td>\n<p>Diam\u00e8tre de l'embout (D1) : 20 +\/- 2 mm<\/p>\n<\/td>\n<\/tr>\n<tr>\n<td>\n<p>Diam\u00e8tre de la tige (D2) : 5 +\/- 1 mm ;<\/p>\n<\/td>\n<\/tr>\n<tr>\n<td>\n<p>Code SH<\/p>\n<\/td>\n<td>\n<p>901890<\/p>\n<\/td>\n<\/tr>\n<\/tbody>\n<\/table>\n\n\n<figure class=\"wp-block-image size-large\"><img loading=\"lazy\" decoding=\"async\" width=\"1024\" height=\"140\" src=\"https:\/\/hanheng-medical.com\/wp-content\/uploads\/2025\/03\/8310-1024x140.jpg\" alt=\"\" class=\"wp-image-2319\" title=\"\" srcset=\"https:\/\/hanheng-medical.com\/wp-content\/uploads\/2025\/03\/8310-1024x140.jpg 1024w, https:\/\/hanheng-medical.com\/wp-content\/uploads\/2025\/03\/8310-300x41.jpg 300w, https:\/\/hanheng-medical.com\/wp-content\/uploads\/2025\/03\/8310-768x105.jpg 768w, https:\/\/hanheng-medical.com\/wp-content\/uploads\/2025\/03\/8310.jpg 1057w\" sizes=\"auto, (max-width: 1024px) 100vw, 1024px\" \/><\/figure>","protected":false},"featured_media":2226,"parent":0,"template":"","meta":{"_acf_changed":true,"_gspb_post_css":"","_kad_blocks_custom_css":"","_kad_blocks_head_custom_js":"","_kad_blocks_body_custom_js":"","_kad_blocks_footer_custom_js":"","_kad_post_transparent":"","_kad_post_title":"","_kad_post_layout":"","_kad_post_sidebar_id":"","_kad_post_content_style":"","_kad_post_vertical_padding":"","_kad_post_feature":"","_kad_post_feature_position":"","_kad_post_header":false,"_kad_post_footer":false,"_kad_post_classname":""},"product-category":[28],"product-tag":[31,29,30],"products-by-department":[33],"class_list":["post-2270","product","type-product","status-publish","has-post-thumbnail","hentry","product-category-disposable-cervical-sampler","product-tag-efficient-release-capacity","product-tag-gynaecological-examinations","product-tag-liquid-based-cytology","products-by-department-gynecology"],"acf":[],"taxonomy_info":{"product-category":[{"value":28,"label":"Disposable Cervical Sampler"}],"product-tag":[{"value":31,"label":"Efficient Release Capacity"},{"value":29,"label":"Gynaecological Examinations"},{"value":30,"label":"Liquid-Based Cytology"}],"products-by-department":[{"value":33,"label":"Gynecology"}]},"featured_image_src_large":["https:\/\/hanheng-medical.com\/wp-content\/uploads\/2025\/03\/Cervical-Scancer-Screening-CervixCervical-Brushboom-like-device-8310-2.jpg",800,800,false],"author_info":[],"comment_info":"","_links":{"self":[{"href":"https:\/\/hanheng-medical.com\/fr\/wp-json\/wp\/v2\/product\/2270","targetHints":{"allow":["GET"]}}],"collection":[{"href":"https:\/\/hanheng-medical.com\/fr\/wp-json\/wp\/v2\/product"}],"about":[{"href":"https:\/\/hanheng-medical.com\/fr\/wp-json\/wp\/v2\/types\/product"}],"wp:featuredmedia":[{"embeddable":true,"href":"https:\/\/hanheng-medical.com\/fr\/wp-json\/wp\/v2\/media\/2226"}],"wp:attachment":[{"href":"https:\/\/hanheng-medical.com\/fr\/wp-json\/wp\/v2\/media?parent=2270"}],"wp:term":[{"taxonomy":"product-category","embeddable":true,"href":"https:\/\/hanheng-medical.com\/fr\/wp-json\/wp\/v2\/product-category?post=2270"},{"taxonomy":"product-tag","embeddable":true,"href":"https:\/\/hanheng-medical.com\/fr\/wp-json\/wp\/v2\/product-tag?post=2270"},{"taxonomy":"products-by-department","embeddable":true,"href":"https:\/\/hanheng-medical.com\/fr\/wp-json\/wp\/v2\/products-by-department?post=2270"}],"curies":[{"name":"wp","href":"https:\/\/api.w.org\/{rel}","templated":true}]}}