{"id":3558,"date":"2025-04-24T09:06:06","date_gmt":"2025-04-24T09:06:06","guid":{"rendered":"https:\/\/hanheng.easiwin.com\/product\/plastic-vaginal-speculum-dilatation-of-the-vaginal-canal-and-the-exposition-of-the-uterine-neck-gynecological-examination-push-pull-type-led-light\/"},"modified":"2025-04-24T09:06:06","modified_gmt":"2025-04-24T09:06:06","slug":"plastic-vaginal-speculum-dilatation-of-the-vaginal-canal-and-the-exposition-of-the-uterine-neck-gynecological-examination-push-pull-type-led-light","status":"publish","type":"product","link":"https:\/\/hanheng-medical.com\/es\/product\/plastic-vaginal-speculum-dilatation-of-the-vaginal-canal-and-the-exposition-of-the-uterine-neck-gynecological-examination-push-pull-type-led-light\/","title":{"rendered":"Esp\u00e9culo Vaginal de Pl\u00e1stico\/Dilataci\u00f3n del canal vaginal y exposici\u00f3n del cuello uterino\/Examen Ginecol\u00f3gico\/Tipo Push-Pull\/Luz LED"},"content":{"rendered":"<h2>Caracter\u00edsticas principales<\/h2>\n<ol>\n<li>Material pl\u00e1stico desechable: Fabricado con pl\u00e1stico transparente de grado m\u00e9dico, lo que lo hace ligero, rentable y desechable para reducir el riesgo de contaminaci\u00f3n cruzada.<\/li>\n<li>Transparencia clara: El material transparente permite una mejor visibilidad de las paredes vaginales y el cuello uterino durante el examen o los procedimientos.<\/li>\n<li>Tecnolog\u00eda LED para una luz m\u00e1s blanca y brillante y un color de tejido real durante un examen.<\/li>\n<li>Dise\u00f1o de dos hojas: Tiene dos hojas articuladas que se insertan cerradas y luego se abren suavemente para separar las paredes vaginales.<\/li>\n<li>Tornillo ajustable o mecanismo de bloqueo: La mayor\u00eda de los modelos incluyen un trinquete o un cierre de rosca para mantener las hojas abiertas a la anchura deseada, liberando las manos del m\u00e9dico.<\/li>\n<li>Variaciones de tama\u00f1o: Disponible en m\u00faltiples tama\u00f1os para adaptarse a diferentes necesidades anat\u00f3micas o prop\u00f3sitos de examen.<\/li>\n<li>Bordes lisos: Dise\u00f1ado para minimizar las molestias del paciente durante la inserci\u00f3n y la extracci\u00f3n.<\/li>\n<li>Esterilidad de un solo uso: Cada uno est\u00e1 envasado individualmente y preesterilizado para un solo uso, lo que elimina la necesidad de esterilizaci\u00f3n entre pacientes.<\/li>\n<\/ol>\n<table>\n<tbody>\n<tr>\n<td >\n<p>Nombre del producto<\/p>\n<\/td>\n<td >\n<p>Esp\u00e9culo vaginal desechable con luz LED<\/p>\n<p>(Tipo americano\/Tipo de empuje y tracci\u00f3n)<\/p>\n<\/td>\n<\/tr>\n<tr>\n<td >\n<p>N\u00famero de art\u00edculo<\/p>\n<\/td>\n<td >\n<p>L\/M\/S<\/p>\n<\/td>\n<\/tr>\n<tr>\n<td >\n<p>Material<\/p>\n<\/td>\n<td >\n<p>PS (Poliestireno)<\/p>\n<\/td>\n<\/tr>\n<tr>\n<td >\n<p>Certificaci\u00f3n<\/p>\n<\/td>\n<td >\n<p>CE, FDA, ISO13485<\/p>\n<\/td>\n<\/tr>\n<tr>\n<td >\n<p>Esterilizaci\u00f3n<\/p>\n<\/td>\n<td >\n<p>EOS<\/p>\n<\/td>\n<\/tr>\n<tr>\n<td >\n<p>Tiempo de vida \u00fatil<\/p>\n<\/td>\n<td >\n<p>5 a\u00f1os<\/p>\n<\/td>\n<\/tr>\n<tr>\n<td >\n<p>C\u00f3digo SA<\/p>\n<\/td>\n<td >\n<p>901890<\/p>\n<\/td>\n<\/tr>\n<\/tbody>\n<\/table>","protected":false},"featured_media":3549,"parent":0,"template":"","meta":{"_acf_changed":false,"_gspb_post_css":"","_kad_blocks_custom_css":"","_kad_blocks_head_custom_js":"","_kad_blocks_body_custom_js":"","_kad_blocks_footer_custom_js":"","_kad_post_transparent":"","_kad_post_title":"","_kad_post_layout":"","_kad_post_sidebar_id":"","_kad_post_content_style":"","_kad_post_vertical_padding":"","_kad_post_feature":"","_kad_post_feature_position":"","_kad_post_header":false,"_kad_post_footer":false,"_kad_post_classname":""},"product-category":[111],"product-tag":[112,100,113],"products-by-department":[33],"class_list":["post-3558","product","type-product","status-publish","has-post-thumbnail","hentry","product-category-disposable-vaginal-speculum","product-tag-disposable","product-tag-primay-button-cell-battery","product-tag-smooth-plastic-surface-for-patient-comfort","products-by-department-gynecology"],"acf":[],"taxonomy_info":{"product-category":[{"value":111,"label":"Disposable Vaginal Speculum"}],"product-tag":[{"value":112,"label":"Disposable"},{"value":100,"label":"Primay button cell battery"},{"value":113,"label":"Smooth Plastic Surface for Patient Comfort"}],"products-by-department":[{"value":33,"label":"Gynecology"}]},"featured_image_src_large":["https:\/\/hanheng-medical.com\/wp-content\/uploads\/2025\/04\/Plastic-Vaginal-SpeculumDilatation-of-the-vaginal-canal-and-the-exposition-of-the-uterine-neckGynecological-ExaminationPush-Pull-TypeLED-Light-American-Type-L-1.jpg",800,800,false],"author_info":[],"comment_info":"","_links":{"self":[{"href":"https:\/\/hanheng-medical.com\/es\/wp-json\/wp\/v2\/product\/3558","targetHints":{"allow":["GET"]}}],"collection":[{"href":"https:\/\/hanheng-medical.com\/es\/wp-json\/wp\/v2\/product"}],"about":[{"href":"https:\/\/hanheng-medical.com\/es\/wp-json\/wp\/v2\/types\/product"}],"wp:featuredmedia":[{"embeddable":true,"href":"https:\/\/hanheng-medical.com\/es\/wp-json\/wp\/v2\/media\/3549"}],"wp:attachment":[{"href":"https:\/\/hanheng-medical.com\/es\/wp-json\/wp\/v2\/media?parent=3558"}],"wp:term":[{"taxonomy":"product-category","embeddable":true,"href":"https:\/\/hanheng-medical.com\/es\/wp-json\/wp\/v2\/product-category?post=3558"},{"taxonomy":"product-tag","embeddable":true,"href":"https:\/\/hanheng-medical.com\/es\/wp-json\/wp\/v2\/product-tag?post=3558"},{"taxonomy":"products-by-department","embeddable":true,"href":"https:\/\/hanheng-medical.com\/es\/wp-json\/wp\/v2\/products-by-department?post=3558"}],"curies":[{"name":"wp","href":"https:\/\/api.w.org\/{rel}","templated":true}]}}