{"id":3483,"date":"2025-04-22T08:30:06","date_gmt":"2025-04-22T08:30:06","guid":{"rendered":"https:\/\/hanheng.easiwin.com\/product\/gynecological-kit-cervical-cancer-screening-hpv-screening-sexually-transmitted-infections-stis-detection\/"},"modified":"2025-04-22T08:30:06","modified_gmt":"2025-04-22T08:30:06","slug":"gynecological-kit-cervical-cancer-screening-hpv-screening-sexually-transmitted-infections-stis-detection","status":"publish","type":"product","link":"https:\/\/hanheng-medical.com\/es\/product\/gynecological-kit-cervical-cancer-screening-hpv-screening-sexually-transmitted-infections-stis-detection\/","title":{"rendered":"Kit Ginecol\u00f3gico\/Detecci\u00f3n del C\u00e1ncer de Cuello Uterino\/Detecci\u00f3n del VPH\/Detecci\u00f3n de infecciones de transmisi\u00f3n sexual (ITS)"},"content":{"rendered":"<h2>Art\u00edculos incluidos (opcional)<\/h2>\n<ul>\n<li>Esp\u00e9culo vaginal<\/li>\n<li>Cepillo endocervical<\/li>\n<li>Cepillo cervical<\/li>\n<li>Guantes de examen<\/li>\n<li>Pa\u00f1o desechable<\/li>\n<li>Esp\u00e1tula<\/li>\n<\/ul>\n<p>El esp\u00e9culo vaginal, disponible en varios tama\u00f1os para adaptarse a diversas variaciones anat\u00f3micas, se inserta cuidadosamente en la vagina para permitir la visualizaci\u00f3n del cuello uterino y las paredes vaginales. Esto simplifica la inspecci\u00f3n de la salud cervical, la detecci\u00f3n de anomal\u00edas y la recolecci\u00f3n de muestras cervicales para an\u00e1lisis adicionales, como las pruebas de Papanicolaou.<\/p>\n<p>Simult\u00e1neamente, el proveedor de atenci\u00f3n m\u00e9dica se pone los guantes de examen de l\u00e1tex para mantener un ambiente est\u00e9ril y prevenir la contaminaci\u00f3n cruzada durante el procedimiento.<\/p>\n<p>Luego se emplea el cepillo cervical desechable y el citobrush para obtener muestras del cuello uterino, fundamentales para identificar cambios celulares anormales indicativos de c\u00e1ncer de cuello uterino u otras afecciones patol\u00f3gicas.<\/p>\n<p>El pa\u00f1o desechable sirve como barrera protectora, lo que garantiza la comodidad del paciente y mantiene la esterilidad durante todo el proceso de examen.<\/p>\n<h2>Paquete<\/h2>\n<p>Envuelto individualmente y de un solo uso para una m\u00e1xima higiene y seguridad del paciente.<\/p>","protected":false},"featured_media":3434,"parent":0,"template":"","meta":{"_acf_changed":false,"_gspb_post_css":"","_kad_blocks_custom_css":"","_kad_blocks_head_custom_js":"","_kad_blocks_body_custom_js":"","_kad_blocks_footer_custom_js":"","_kad_post_transparent":"","_kad_post_title":"","_kad_post_layout":"","_kad_post_sidebar_id":"","_kad_post_content_style":"","_kad_post_vertical_padding":"","_kad_post_feature":"","_kad_post_feature_position":"","_kad_post_header":false,"_kad_post_footer":false,"_kad_post_classname":""},"product-category":[109],"product-tag":[110],"products-by-department":[33],"class_list":["post-3483","product","type-product","status-publish","has-post-thumbnail","hentry","product-category-gynecological-kit","product-tag-focused-on-womens-reproductive-well-being","products-by-department-gynecology"],"acf":[],"taxonomy_info":{"product-category":[{"value":109,"label":"Gynecological Kit"}],"product-tag":[{"value":110,"label":"focused on women's reproductive well-being"}],"products-by-department":[{"value":33,"label":"Gynecology"}]},"featured_image_src_large":["https:\/\/hanheng-medical.com\/wp-content\/uploads\/2025\/04\/Gynecological-KitCervical-Cancer-ScreeningHPV-Screening-sexually-transmitted-infections-STIs-detection\u91cd\u62cd.jpg",800,800,false],"author_info":[],"comment_info":"","_links":{"self":[{"href":"https:\/\/hanheng-medical.com\/es\/wp-json\/wp\/v2\/product\/3483","targetHints":{"allow":["GET"]}}],"collection":[{"href":"https:\/\/hanheng-medical.com\/es\/wp-json\/wp\/v2\/product"}],"about":[{"href":"https:\/\/hanheng-medical.com\/es\/wp-json\/wp\/v2\/types\/product"}],"wp:featuredmedia":[{"embeddable":true,"href":"https:\/\/hanheng-medical.com\/es\/wp-json\/wp\/v2\/media\/3434"}],"wp:attachment":[{"href":"https:\/\/hanheng-medical.com\/es\/wp-json\/wp\/v2\/media?parent=3483"}],"wp:term":[{"taxonomy":"product-category","embeddable":true,"href":"https:\/\/hanheng-medical.com\/es\/wp-json\/wp\/v2\/product-category?post=3483"},{"taxonomy":"product-tag","embeddable":true,"href":"https:\/\/hanheng-medical.com\/es\/wp-json\/wp\/v2\/product-tag?post=3483"},{"taxonomy":"products-by-department","embeddable":true,"href":"https:\/\/hanheng-medical.com\/es\/wp-json\/wp\/v2\/products-by-department?post=3483"}],"curies":[{"name":"wp","href":"https:\/\/api.w.org\/{rel}","templated":true}]}}