{"id":3482,"date":"2025-04-22T08:30:06","date_gmt":"2025-04-22T08:30:06","guid":{"rendered":"https:\/\/hanheng.easiwin.com\/product\/disposable-sampling-box-specimen-transport-medium-along-with-cytobrush-hpv-screening\/"},"modified":"2025-05-09T07:41:51","modified_gmt":"2025-05-09T07:41:51","slug":"disposable-sampling-box-specimen-transport-medium-along-with-cytobrush-hpv-screening","status":"publish","type":"product","link":"https:\/\/hanheng-medical.com\/es\/product\/disposable-sampling-box-specimen-transport-medium-along-with-cytobrush-hpv-screening\/","title":{"rendered":"Caja de Muestreo Desechable\/Medio de Transporte de Muestras junto con Citobrush\/Detecci\u00f3n de VPH"},"content":{"rendered":"<h2>Art\u00edculos incluidos<\/h2>\n<ol>\n<li>Cepillo de muestreo desechable (cepillo de citolog\u00eda) 8110B60<\/li>\n<li>Medio de transporte de muestras de VPH (VPH-2 ml o VPH-3 ml)<\/li>\n<\/ol>\n<h2>Caracter\u00edsticas principales<\/h2>\n<p>Embalaje individual r\u00edgido en bl\u00edster y de un solo uso para una m\u00e1xima higiene y seguridad del paciente.<\/p>\n<h2>C\u00f3mo usar<\/h2>\n<ol>\n<li>El cepillo blando en forma de espiral se inserta suavemente en el canal cervical.<\/li>\n<li>Se gira (normalmente 360\u00b0) para recoger c\u00e9lulas exfoliadas del revestimiento cervical. Las cerdas est\u00e1n dise\u00f1adas para recoger material celular adecuado con m\u00ednimas molestias y sin traumatismos.<\/li>\n<li>Despu\u00e9s de recoger la muestra con el citobrush, el citobrush se rompe en el vial en el punto de rotura. El vial contiene un medio de transporte de la muestra para evitar la degradaci\u00f3n del ADN\/ARN viral durante el transporte y el almacenamiento.<\/li>\n<li>El vial se sella y se etiqueta, y luego se env\u00eda al laboratorio para su procesamiento.<\/li>\n<\/ol>","protected":false},"featured_media":3425,"parent":0,"template":"","meta":{"_acf_changed":true,"_gspb_post_css":"","_kad_blocks_custom_css":"","_kad_blocks_head_custom_js":"","_kad_blocks_body_custom_js":"","_kad_blocks_footer_custom_js":"","_kad_post_transparent":"","_kad_post_title":"","_kad_post_layout":"","_kad_post_sidebar_id":"","_kad_post_content_style":"","_kad_post_vertical_padding":"","_kad_post_feature":"","_kad_post_feature_position":"","_kad_post_header":false,"_kad_post_footer":false,"_kad_post_classname":""},"product-category":[108],"product-tag":[84,107],"products-by-department":[33],"class_list":["post-3482","product","type-product","status-publish","has-post-thumbnail","hentry","product-category-disposable-sampling-box","product-tag-hpv-sampling","product-tag-potentially-lead-to-cervical-intraepithelial-neoplasia-or-cervical-cancer","products-by-department-gynecology"],"acf":[],"taxonomy_info":{"product-category":[{"value":108,"label":"Disposable Sampling Box"}],"product-tag":[{"value":84,"label":"HPV sampling"},{"value":107,"label":"Potentially lead to cervical intraepithelial neoplasia or cervical cancer"}],"products-by-department":[{"value":33,"label":"Gynecology"}]},"featured_image_src_large":["https:\/\/hanheng-medical.com\/wp-content\/uploads\/2025\/04\/Disposable-Sampling-BoxSpecimen-Transport-Medium-along-with-Cytobrush-HPV-Screening-1.jpg",800,800,false],"author_info":[],"comment_info":"","_links":{"self":[{"href":"https:\/\/hanheng-medical.com\/es\/wp-json\/wp\/v2\/product\/3482","targetHints":{"allow":["GET"]}}],"collection":[{"href":"https:\/\/hanheng-medical.com\/es\/wp-json\/wp\/v2\/product"}],"about":[{"href":"https:\/\/hanheng-medical.com\/es\/wp-json\/wp\/v2\/types\/product"}],"wp:featuredmedia":[{"embeddable":true,"href":"https:\/\/hanheng-medical.com\/es\/wp-json\/wp\/v2\/media\/3425"}],"wp:attachment":[{"href":"https:\/\/hanheng-medical.com\/es\/wp-json\/wp\/v2\/media?parent=3482"}],"wp:term":[{"taxonomy":"product-category","embeddable":true,"href":"https:\/\/hanheng-medical.com\/es\/wp-json\/wp\/v2\/product-category?post=3482"},{"taxonomy":"product-tag","embeddable":true,"href":"https:\/\/hanheng-medical.com\/es\/wp-json\/wp\/v2\/product-tag?post=3482"},{"taxonomy":"products-by-department","embeddable":true,"href":"https:\/\/hanheng-medical.com\/es\/wp-json\/wp\/v2\/products-by-department?post=3482"}],"curies":[{"name":"wp","href":"https:\/\/api.w.org\/{rel}","templated":true}]}}