{"id":3481,"date":"2025-04-22T08:30:04","date_gmt":"2025-04-22T08:30:04","guid":{"rendered":"https:\/\/hanheng.easiwin.com\/product\/hpv-self-sampling-kit-hpv-self-collection-kit-various-materials-of-sampling-tip-pu-sponge-flocking-floss-nylon-floss\/"},"modified":"2025-04-22T08:30:04","modified_gmt":"2025-04-22T08:30:04","slug":"hpv-self-sampling-kit-hpv-self-collection-kit-various-materials-of-sampling-tip-pu-sponge-flocking-floss-nylon-floss","status":"publish","type":"product","link":"https:\/\/hanheng-medical.com\/es\/product\/hpv-self-sampling-kit-hpv-self-collection-kit-various-materials-of-sampling-tip-pu-sponge-flocking-floss-nylon-floss\/","title":{"rendered":"Kit de automuestreo de VPH\/Kit de autocolecta de VPH\/Varios materiales de punta de muestreo (esponja de PU\/lana floculada\/lana de nailon)"},"content":{"rendered":"<h2>Caracter\u00edsticas principales<\/h2>\n<ol>\n<li>Dispositivo de automuestreo: Incluye un hisopo floculado suave, un cepillo de nailon o un dispositivo de muestreo con punta de espuma dise\u00f1ado para insertarse de forma segura en la vagina para recolectar c\u00e9lulas del cuello uterino o las paredes vaginales.<\/li>\n<li>Dise\u00f1o f\u00e1cil de usar: De forma ergon\u00f3mica y f\u00e1cil de usar con m\u00ednimas molestias, incluso para personas sin formaci\u00f3n m\u00e9dica.<\/li>\n<li>Instrucciones claras: Viene con gu\u00edas paso a paso, a menudo con im\u00e1genes o c\u00f3digos QR que enlazan a instrucciones en v\u00eddeo para garantizar la correcta recogida de muestras.<\/li>\n<li>Tubo de transporte de muestras: Incluye un vial o tubo est\u00e9ril con medio de transporte de muestras para preservar la muestra.<\/li>\n<li>Embalaje seguro: Embalaje sellado a prueba de manipulaciones para la higiene y para mantener la esterilidad.<\/li>\n<li>Privacidad y comodidad: Permite la recogida discreta de muestras en casa o en entornos privados, lo que mejora el acceso para quienes pueden evitar las pruebas en la cl\u00ednica.<\/li>\n<li>Compatibilidad con el laboratorio: Dise\u00f1ado para su uso con m\u00e9todos de prueba de ADN del VPH validados, incluyendo PCR y otros ensayos moleculares.<\/li>\n<li>Alta sensibilidad: Cuando se utiliza correctamente, ofrece una sensibilidad y precisi\u00f3n comparables a las de las muestras recogidas por el m\u00e9dico para los tipos de VPH de alto riesgo.<\/li>\n<\/ol>","protected":false},"featured_media":3437,"parent":0,"template":"","meta":{"_acf_changed":false,"_gspb_post_css":"","_kad_blocks_custom_css":"","_kad_blocks_head_custom_js":"","_kad_blocks_body_custom_js":"","_kad_blocks_footer_custom_js":"","_kad_post_transparent":"","_kad_post_title":"","_kad_post_layout":"","_kad_post_sidebar_id":"","_kad_post_content_style":"","_kad_post_vertical_padding":"","_kad_post_feature":"","_kad_post_feature_position":"","_kad_post_header":false,"_kad_post_footer":false,"_kad_post_classname":""},"product-category":[105],"product-tag":[107,106],"products-by-department":[33],"class_list":["post-3481","product","type-product","status-publish","has-post-thumbnail","hentry","product-category-hpv-self-sampling-kit","product-tag-potentially-lead-to-cervical-intraepithelial-neoplasia-or-cervical-cancer","product-tag-sampling-at-the-comfort-of-your-home","products-by-department-gynecology"],"acf":[],"taxonomy_info":{"product-category":[{"value":105,"label":"HPV Self Sampling Kit"}],"product-tag":[{"value":107,"label":"Potentially lead to cervical intraepithelial neoplasia or cervical cancer"},{"value":106,"label":"Sampling at the comfort of your home"}],"products-by-department":[{"value":33,"label":"Gynecology"}]},"featured_image_src_large":["https:\/\/hanheng-medical.com\/wp-content\/uploads\/2025\/04\/HPV-Self-Sampling-KitHPV-Self-Collection-KitVarious-Materials-of-Sampling-Tip-PU-SpongeFlocking-FlossNylon-Floss-3.jpg",800,800,false],"author_info":[],"comment_info":"","_links":{"self":[{"href":"https:\/\/hanheng-medical.com\/es\/wp-json\/wp\/v2\/product\/3481","targetHints":{"allow":["GET"]}}],"collection":[{"href":"https:\/\/hanheng-medical.com\/es\/wp-json\/wp\/v2\/product"}],"about":[{"href":"https:\/\/hanheng-medical.com\/es\/wp-json\/wp\/v2\/types\/product"}],"wp:featuredmedia":[{"embeddable":true,"href":"https:\/\/hanheng-medical.com\/es\/wp-json\/wp\/v2\/media\/3437"}],"wp:attachment":[{"href":"https:\/\/hanheng-medical.com\/es\/wp-json\/wp\/v2\/media?parent=3481"}],"wp:term":[{"taxonomy":"product-category","embeddable":true,"href":"https:\/\/hanheng-medical.com\/es\/wp-json\/wp\/v2\/product-category?post=3481"},{"taxonomy":"product-tag","embeddable":true,"href":"https:\/\/hanheng-medical.com\/es\/wp-json\/wp\/v2\/product-tag?post=3481"},{"taxonomy":"products-by-department","embeddable":true,"href":"https:\/\/hanheng-medical.com\/es\/wp-json\/wp\/v2\/products-by-department?post=3481"}],"curies":[{"name":"wp","href":"https:\/\/api.w.org\/{rel}","templated":true}]}}