{"id":3480,"date":"2025-04-22T08:30:04","date_gmt":"2025-04-22T08:30:04","guid":{"rendered":"https:\/\/hanheng.easiwin.com\/product\/specimen-transport-medium-preserve-the-morphology-of-the-cells-or-prevent-the-degradation-of-viral-dna-rnaduring-transportation-lbc-hpv-screening-2\/"},"modified":"2025-05-09T07:50:30","modified_gmt":"2025-05-09T07:50:30","slug":"specimen-transport-medium-preserve-the-morphology-of-the-cells-or-prevent-the-degradation-of-viral-dna-rnaduring-transportation-lbc-hpv-screening-2","status":"publish","type":"product","link":"https:\/\/hanheng-medical.com\/es\/product\/specimen-transport-medium-preserve-the-morphology-of-the-cells-or-prevent-the-degradation-of-viral-dna-rnaduring-transportation-lbc-hpv-screening-2\/","title":{"rendered":"Medio de transporte de muestras\/preservar la morfolog\u00eda de las c\u00e9lulas o prevenir la degradaci\u00f3n del ADN\/ARN viral, durante el transporte\/LBC\/cribado de VPH"},"content":{"rendered":"<h2>Estructura del producto<\/h2>\n<p>El medio de transporte de muestras (STM) se compone de una soluci\u00f3n conservante y un tubo de transporte. El STM se divide en tipo VPH y tipo TCT seg\u00fan los diferentes m\u00e9todos de detecci\u00f3n de las muestras, y se divide en especificaciones de 2 ml, 3 ml, 5 ml, 8 ml, 10 ml, 12 ml, 15 ml y 20 ml seg\u00fan la cantidad de soluci\u00f3n conservante.<\/p>\n<h2>Caracter\u00edsticas principales<\/h2>\n<ul>\n<li>Preservaci\u00f3n de la viabilidad: Mantiene la viabilidad de los microorganismos (bacterias, virus, hongos) o componentes celulares durante el transporte y el almacenamiento.<\/li>\n<li>Sistema tamp\u00f3n: A menudo contiene una soluci\u00f3n tamp\u00f3n para mantener un pH estable y evitar la degradaci\u00f3n de la muestra.<\/li>\n<li>Medios no nutritivos: evitan el crecimiento excesivo al tiempo que preservan las part\u00edculas virales.<\/li>\n<li>Estabilidad de la temperatura: A menudo puede mantener la estabilidad de la muestra durante varias horas o d\u00edas a temperatura ambiente, refrigerada o congelada, seg\u00fan el tipo.<\/li>\n<\/ul>","protected":false},"featured_media":3415,"parent":0,"template":"","meta":{"_acf_changed":true,"_gspb_post_css":"","_kad_blocks_custom_css":"","_kad_blocks_head_custom_js":"","_kad_blocks_body_custom_js":"","_kad_blocks_footer_custom_js":"","_kad_post_transparent":"","_kad_post_title":"","_kad_post_layout":"","_kad_post_sidebar_id":"","_kad_post_content_style":"","_kad_post_vertical_padding":"","_kad_post_feature":"","_kad_post_feature_position":"","_kad_post_header":false,"_kad_post_footer":false,"_kad_post_classname":""},"product-category":[101],"product-tag":[104,102,103],"products-by-department":[33],"class_list":["post-3480","product","type-product","status-publish","has-post-thumbnail","hentry","product-category-specimen-transport-medium","product-tag-efficient-cell-protection","product-tag-long-term-stability","product-tag-non-toxicity","products-by-department-gynecology"],"acf":[],"taxonomy_info":{"product-category":[{"value":101,"label":"Specimen Transport Medium"}],"product-tag":[{"value":104,"label":"Efficient cell protection"},{"value":102,"label":"Long-term Stability"},{"value":103,"label":"Non toxicity"}],"products-by-department":[{"value":33,"label":"Gynecology"}]},"featured_image_src_large":["https:\/\/hanheng-medical.com\/wp-content\/uploads\/2025\/04\/Specimen-Transport-Mediumpreserve-the-morphology-of-the-cells-or-prevent-the-degradation-of-viral-DNARNAduring-transportationLBCHPV-Screening-\u7ec6\u80de\u4fdd\u5b58\u6db2\u7ec4\u5408-1.jpg",800,800,false],"author_info":[],"comment_info":"","_links":{"self":[{"href":"https:\/\/hanheng-medical.com\/es\/wp-json\/wp\/v2\/product\/3480","targetHints":{"allow":["GET"]}}],"collection":[{"href":"https:\/\/hanheng-medical.com\/es\/wp-json\/wp\/v2\/product"}],"about":[{"href":"https:\/\/hanheng-medical.com\/es\/wp-json\/wp\/v2\/types\/product"}],"wp:featuredmedia":[{"embeddable":true,"href":"https:\/\/hanheng-medical.com\/es\/wp-json\/wp\/v2\/media\/3415"}],"wp:attachment":[{"href":"https:\/\/hanheng-medical.com\/es\/wp-json\/wp\/v2\/media?parent=3480"}],"wp:term":[{"taxonomy":"product-category","embeddable":true,"href":"https:\/\/hanheng-medical.com\/es\/wp-json\/wp\/v2\/product-category?post=3480"},{"taxonomy":"product-tag","embeddable":true,"href":"https:\/\/hanheng-medical.com\/es\/wp-json\/wp\/v2\/product-tag?post=3480"},{"taxonomy":"products-by-department","embeddable":true,"href":"https:\/\/hanheng-medical.com\/es\/wp-json\/wp\/v2\/products-by-department?post=3480"}],"curies":[{"name":"wp","href":"https:\/\/api.w.org\/{rel}","templated":true}]}}