{"id":3478,"date":"2025-04-22T08:30:04","date_gmt":"2025-04-22T08:30:04","guid":{"rendered":"https:\/\/hanheng.easiwin.com\/product\/plastic-proctoscope-anoscope-rectum-screening-with-led-lightblack-2\/"},"modified":"2025-04-22T08:30:04","modified_gmt":"2025-04-22T08:30:04","slug":"plastic-proctoscope-anoscope-rectum-screening-with-led-lightblack-2","status":"publish","type":"product","link":"https:\/\/hanheng-medical.com\/es\/product\/plastic-proctoscope-anoscope-rectum-screening-with-led-lightblack-2\/","title":{"rendered":"Proctoscopio\/Anoscopio de pl\u00e1stico\/Detecci\u00f3n de recto\/Con luz LED (negra)"},"content":{"rendered":"<h2>Caracter\u00edsticas principales<\/h2>\n<ul>\n<li>Tubo hueco: El cuerpo principal es un tubo corto, r\u00edgido y hueco que permite el acceso visual a la cavidad rectal.<\/li>\n<li>Fuente de luz: Normalmente tiene una fuente de luz incorporada o acoplable para iluminar el interior del recto y obtener una visibilidad clara.<\/li>\n<li>Obturador: Se trata de un inserto liso y redondeado que se utiliza para facilitar la inserci\u00f3n del proctoscopio. Se retira una vez que el dispositivo est\u00e1 en su sitio para permitir la exploraci\u00f3n o los procedimientos.<\/li>\n<li>Ventana de visualizaci\u00f3n: Los proctoscopios tienen fibra \u00f3ptica para una mejor visualizaci\u00f3n.<\/li>\n<li>Material: Normalmente de pl\u00e1stico (modelos desechables)<\/li>\n<li>Longitud y tama\u00f1o: Se presentan en varios tama\u00f1os (mediano y grande), pero normalmente son cortos (de unos 7-15 cm de largo), ya que est\u00e1n destinados a ex\u00e1menes rectales inferiores.<\/li>\n<li>Canales para instrumentos: Algunos tipos incluyen canales que permiten el paso de herramientas quir\u00fargicas para biopsias, extirpaci\u00f3n de p\u00f3lipos o tratamiento de hemorroides.<\/li>\n<li>Uso seguro y conveniente: Envuelto individualmente, de un solo uso y sin l\u00e1tex para una m\u00e1xima higiene y seguridad del paciente.<\/li>\n<li>Esterilizaci\u00f3n con \u00f3xido de etileno, tiempo de vida \u00fatil de 5 a\u00f1os<\/li>\n<\/ul>\n<table>\n<tbody>\n<tr>\n<td >\n<p>Nombre del producto<\/p>\n<\/td>\n<td >\n<p>Proctoscopio desechable con luz LED<\/p>\n<p>(soporte negro)<\/p>\n<\/td>\n<\/tr>\n<tr>\n<td >\n<p>N\u00famero de art\u00edculo<\/p>\n<\/td>\n<td >\n<p>Mediano\/Grande<\/p>\n<\/td>\n<\/tr>\n<tr>\n<td >\n<p>Material<\/p>\n<\/td>\n<td >\n<p>PS (Poliestireno) Transparente<\/p>\n<\/td>\n<\/tr>\n<tr>\n<td >\n<p>Certificaci\u00f3n<\/p>\n<\/td>\n<td >\n<p>CE, FDA, ISO13485<\/p>\n<\/td>\n<\/tr>\n<tr>\n<td >\n<p>Esterilizaci\u00f3n<\/p>\n<\/td>\n<td >\n<p>EOS<\/p>\n<\/td>\n<\/tr>\n<tr>\n<td >\n<p>Tiempo de vida \u00fatil<\/p>\n<\/td>\n<td >\n<p>5 a\u00f1os<\/p>\n<\/td>\n<\/tr>\n<tr>\n<td rowspan=\"3\" >\n<p>Medidas<\/p>\n<p>(Mediano)<\/p>\n<\/td>\n<td >\n<p>Longitud del obturador: 140 mm<\/p>\n<\/td>\n<\/tr>\n<tr>\n<td >\n<p>Esp\u00e9culo: Longitud: 95 +\/- 1 mm;<\/p>\n<\/td>\n<\/tr>\n<tr>\n<td >\n<p>Di\u00e1metro distal: 23,9+\/- 1 mm;<br \/>Di\u00e1metro proximal (parte de trabajo): 18,5+\/- 1 mm;<\/p>\n<\/td>\n<\/tr>\n<tr>\n<td rowspan=\"3\" >\n<p>Medidas<\/p>\n<p>(Grande)<\/p>\n<\/td>\n<td >\n<p>Longitud del obturador: 138,3 mm<\/p>\n<\/td>\n<\/tr>\n<tr>\n<td >\n<p>Esp\u00e9culo: Longitud: 95 +\/- 1 mm;<\/p>\n<\/td>\n<\/tr>\n<tr>\n<td >\n<p>Di\u00e1metro distal: 28,4 +\/- 1 mm;<br \/>Di\u00e1metro proximal (parte de trabajo): 22,5+\/- 1 mm;<\/p>\n<\/td>\n<\/tr>\n<tr>\n<td >\n<p>C\u00f3digo SA<\/p>\n<\/td>\n<td >\n<p>901890<\/p>\n<\/td>\n<\/tr>\n<\/tbody>\n<\/table>","protected":false},"featured_media":3461,"parent":0,"template":"","meta":{"_acf_changed":false,"_gspb_post_css":"","_kad_blocks_custom_css":"","_kad_blocks_head_custom_js":"","_kad_blocks_body_custom_js":"","_kad_blocks_footer_custom_js":"","_kad_post_transparent":"","_kad_post_title":"","_kad_post_layout":"","_kad_post_sidebar_id":"","_kad_post_content_style":"","_kad_post_vertical_padding":"","_kad_post_feature":"","_kad_post_feature_position":"","_kad_post_header":false,"_kad_post_footer":false,"_kad_post_classname":""},"product-category":[97],"product-tag":[100,98,99],"products-by-department":[60],"class_list":["post-3478","product","type-product","status-publish","has-post-thumbnail","hentry","product-category-disposable-anoscopy","product-tag-primay-button-cell-battery","product-tag-smooth-surface","product-tag-transparent","products-by-department-gastroenterology"],"acf":[],"taxonomy_info":{"product-category":[{"value":97,"label":"Disposable Anoscopy"}],"product-tag":[{"value":100,"label":"Primay button cell battery"},{"value":98,"label":"Smooth surface"},{"value":99,"label":"Transparent"}],"products-by-department":[{"value":60,"label":"Gastroenterology"}]},"featured_image_src_large":["https:\/\/hanheng-medical.com\/wp-content\/uploads\/2025\/04\/Plastic-ProctoscopeAnoscopeRectum-ScreeningWith-LED-LightBlack-Medium-01.jpg",800,800,false],"author_info":[],"comment_info":"","_links":{"self":[{"href":"https:\/\/hanheng-medical.com\/es\/wp-json\/wp\/v2\/product\/3478","targetHints":{"allow":["GET"]}}],"collection":[{"href":"https:\/\/hanheng-medical.com\/es\/wp-json\/wp\/v2\/product"}],"about":[{"href":"https:\/\/hanheng-medical.com\/es\/wp-json\/wp\/v2\/types\/product"}],"wp:featuredmedia":[{"embeddable":true,"href":"https:\/\/hanheng-medical.com\/es\/wp-json\/wp\/v2\/media\/3461"}],"wp:attachment":[{"href":"https:\/\/hanheng-medical.com\/es\/wp-json\/wp\/v2\/media?parent=3478"}],"wp:term":[{"taxonomy":"product-category","embeddable":true,"href":"https:\/\/hanheng-medical.com\/es\/wp-json\/wp\/v2\/product-category?post=3478"},{"taxonomy":"product-tag","embeddable":true,"href":"https:\/\/hanheng-medical.com\/es\/wp-json\/wp\/v2\/product-tag?post=3478"},{"taxonomy":"products-by-department","embeddable":true,"href":"https:\/\/hanheng-medical.com\/es\/wp-json\/wp\/v2\/products-by-department?post=3478"}],"curies":[{"name":"wp","href":"https:\/\/api.w.org\/{rel}","templated":true}]}}