{"id":3470,"date":"2025-04-22T08:30:04","date_gmt":"2025-04-22T08:30:04","guid":{"rendered":"https:\/\/hanheng.easiwin.com\/product\/plastic-umbilical-cord-clamp-clamp-and-secure-the-umbilical-cord-prior-to-cutting-double-locks\/"},"modified":"2025-04-22T08:30:04","modified_gmt":"2025-04-22T08:30:04","slug":"plastic-umbilical-cord-clamp-clamp-and-secure-the-umbilical-cord-prior-to-cutting-double-locks","status":"publish","type":"product","link":"https:\/\/hanheng-medical.com\/es\/product\/plastic-umbilical-cord-clamp-clamp-and-secure-the-umbilical-cord-prior-to-cutting-double-locks\/","title":{"rendered":"Pinza de pl\u00e1stico para cord\u00f3n umbilical\/Pinza y sujeta el cord\u00f3n umbilical antes de cortarlo\/Doble cierre"},"content":{"rendered":"<h2>Caracter\u00edsticas principales<\/h2>\n<ul>\n<li>Doble cierre<\/li>\n<li>Est\u00e9ril de un solo uso y envasado individualmente para garantizar la limpieza<\/li>\n<li>Sujeci\u00f3n ranurada para evitar que el cord\u00f3n umbilical se deslice<\/li>\n<li>Se bloquea para evitar la apertura accidental despu\u00e9s de la sujeci\u00f3n. Seguro y conveniente para su manipulaci\u00f3n<\/li>\n<li>Esterilizaci\u00f3n con \u00f3xido de etileno, tiempo de vida \u00fatil de 5 a\u00f1os<\/li>\n<\/ul>\n<table>\n<tbody>\n<tr>\n<td >\n<p>Nombre del producto<\/p>\n<\/td>\n<td >\n<p>Pinza para cord\u00f3n umbilical<\/p>\n<\/td>\n<\/tr>\n<tr>\n<td >\n<p>N\u00famero de art\u00edculo<\/p>\n<\/td>\n<td >\n<p>HH841005<\/p>\n<\/td>\n<\/tr>\n<tr>\n<td >\n<p>Material<\/p>\n<\/td>\n<td >\n<p>ABS (Acrilonitrilo-Butadieno-Estireno)<\/p>\n<\/td>\n<\/tr>\n<tr>\n<td >\n<p>Certificaci\u00f3n<\/p>\n<\/td>\n<td >\n<p>CE0197, FDA, ISO13485<\/p>\n<\/td>\n<\/tr>\n<tr>\n<td >\n<p>Esterilizaci\u00f3n<\/p>\n<\/td>\n<td >\n<p>EOS<\/p>\n<\/td>\n<\/tr>\n<tr>\n<td >\n<p>Tiempo de vida \u00fatil<\/p>\n<\/td>\n<td >\n<p>5 a\u00f1os<\/p>\n<\/td>\n<\/tr>\n<tr>\n<td rowspan=\"2\" >\n<p>Medidas<\/p>\n<\/td>\n<td >\n<p>Longitud total (L): 58+\/-2 mm;<\/p>\n<\/td>\n<\/tr>\n<tr>\n<td >\n<p>Grosor (L1): 4,7+\/-0,5 mm;<\/p>\n<\/td>\n<\/tr>\n<tr>\n<td >\n<p>C\u00f3digo SA<\/p>\n<\/td>\n<td >\n<p>901890<\/p>\n<\/td>\n<\/tr>\n<\/tbody>\n<\/table>","protected":false},"featured_media":3398,"parent":0,"template":"","meta":{"_acf_changed":false,"_gspb_post_css":"","_kad_blocks_custom_css":"","_kad_blocks_head_custom_js":"","_kad_blocks_body_custom_js":"","_kad_blocks_footer_custom_js":"","_kad_post_transparent":"","_kad_post_title":"","_kad_post_layout":"","_kad_post_sidebar_id":"","_kad_post_content_style":"","_kad_post_vertical_padding":"","_kad_post_feature":"","_kad_post_feature_position":"","_kad_post_header":false,"_kad_post_footer":false,"_kad_post_classname":""},"product-category":[93],"product-tag":[95,94],"products-by-department":[92],"class_list":["post-3470","product","type-product","status-publish","has-post-thumbnail","hentry","product-category-umbilical-cord-clamp","product-tag-double-locks","product-tag-grooved-clamping","products-by-department-obstetrics"],"acf":[],"taxonomy_info":{"product-category":[{"value":93,"label":"Umbilical Cord Clamp"}],"product-tag":[{"value":95,"label":"Double locks"},{"value":94,"label":"Grooved clamping"}],"products-by-department":[{"value":92,"label":"Obstetrics"}]},"featured_image_src_large":["https:\/\/hanheng-medical.com\/wp-content\/uploads\/2025\/04\/Plastic-Umbilical-Cord-ClampClamp-and-Secure-the-umbilical-cord-prior-to-cuttingDouble-locksHH841005-1.jpg",800,800,false],"author_info":[],"comment_info":"","_links":{"self":[{"href":"https:\/\/hanheng-medical.com\/es\/wp-json\/wp\/v2\/product\/3470","targetHints":{"allow":["GET"]}}],"collection":[{"href":"https:\/\/hanheng-medical.com\/es\/wp-json\/wp\/v2\/product"}],"about":[{"href":"https:\/\/hanheng-medical.com\/es\/wp-json\/wp\/v2\/types\/product"}],"wp:featuredmedia":[{"embeddable":true,"href":"https:\/\/hanheng-medical.com\/es\/wp-json\/wp\/v2\/media\/3398"}],"wp:attachment":[{"href":"https:\/\/hanheng-medical.com\/es\/wp-json\/wp\/v2\/media?parent=3470"}],"wp:term":[{"taxonomy":"product-category","embeddable":true,"href":"https:\/\/hanheng-medical.com\/es\/wp-json\/wp\/v2\/product-category?post=3470"},{"taxonomy":"product-tag","embeddable":true,"href":"https:\/\/hanheng-medical.com\/es\/wp-json\/wp\/v2\/product-tag?post=3470"},{"taxonomy":"products-by-department","embeddable":true,"href":"https:\/\/hanheng-medical.com\/es\/wp-json\/wp\/v2\/products-by-department?post=3470"}],"curies":[{"name":"wp","href":"https:\/\/api.w.org\/{rel}","templated":true}]}}