{"id":3466,"date":"2025-04-22T08:30:04","date_gmt":"2025-04-22T08:30:04","guid":{"rendered":"https:\/\/hanheng.easiwin.com\/product\/amnihook-amniotic-membrane-perforator-curved\/"},"modified":"2025-04-22T08:30:04","modified_gmt":"2025-04-22T08:30:04","slug":"amnihook-amniotic-membrane-perforator-curved","status":"publish","type":"product","link":"https:\/\/hanheng-medical.com\/es\/product\/amnihook-amniotic-membrane-perforator-curved\/","title":{"rendered":"AmniHook\/Perforador de membrana amni\u00f3tica\/Curvado"},"content":{"rendered":"<h2>Caracter\u00edsticas principales<\/h2>\n<ol>\n<li>Un m\u00e9todo seguro, eficaz y conveniente para romper la membrana amni\u00f3tica en el primer intento<\/li>\n<li>Dise\u00f1ado anat\u00f3micamente con una punta redondeada y un gancho protegido para romper la membrana amni\u00f3tica protegiendo el tejido materno y al beb\u00e9<\/li>\n<li>Sin protuberancias para lesionar el canal de parto<\/li>\n<li>Pr\u00e1cticamente irrompible<\/li>\n<li>Dise\u00f1o ergon\u00f3mico, con un mango curvo que proporciona una excelente tracci\u00f3n y agarre<\/li>\n<li>25 cm de largo para facilitar el acceso<\/li>\n<li>Esterilizaci\u00f3n con \u00f3xido de etileno, tiempo de vida \u00fatil de 5 a\u00f1os<\/li>\n<li>Uso seguro y conveniente: Envuelto individualmente, de un solo uso y sin l\u00e1tex para una m\u00e1xima higiene y seguridad del paciente.<\/li>\n<\/ol>\n<table>\n<tbody>\n<tr>\n<td >\n<p>Nombre del producto<\/p>\n<\/td>\n<td >\n<p>Perforador de membrana amni\u00f3tica (curvado)<\/p>\n<\/td>\n<\/tr>\n<tr>\n<td >\n<p>N\u00famero de art\u00edculo<\/p>\n<\/td>\n<td >\n<p>YSG-W-01<\/p>\n<\/td>\n<\/tr>\n<tr>\n<td >\n<p>Material<\/p>\n<\/td>\n<td >\n<p>ABS (Acrilonitrilo-Butadieno-Estireno)<\/p>\n<\/td>\n<\/tr>\n<tr>\n<td >\n<p>Certificaci\u00f3n<\/p>\n<\/td>\n<td >\n<p>CE0197, FDA, ISO13485<\/p>\n<\/td>\n<\/tr>\n<tr>\n<td >\n<p>Esterilizaci\u00f3n<\/p>\n<\/td>\n<td >\n<p>EOS<\/p>\n<\/td>\n<\/tr>\n<tr>\n<td >\n<p>Tiempo de vida \u00fatil<\/p>\n<\/td>\n<td >\n<p>5 a\u00f1os<\/p>\n<\/td>\n<\/tr>\n<tr>\n<td rowspan=\"3\" >\n<p>Medidas<\/p>\n<\/td>\n<td >\n<p>Longitud total (L): 249+\/-5 mm<\/p>\n<\/td>\n<\/tr>\n<tr>\n<td >\n<p>Di\u00e1metro de la parte trasera del mango (D): 13,4+\/-1 mm<\/p>\n<\/td>\n<\/tr>\n<tr>\n<td >\n<p>Grosor de la parte trasera del mango (H): 3,3+\/-0,3 mm<\/p>\n<\/td>\n<\/tr>\n<tr>\n<td >\n<p>C\u00f3digo SA<\/p>\n<\/td>\n<td >\n<p>901890<\/p>\n<\/td>\n<\/tr>\n<\/tbody>\n<\/table>","protected":false},"featured_media":3420,"parent":0,"template":"","meta":{"_acf_changed":false,"_gspb_post_css":"","_kad_blocks_custom_css":"","_kad_blocks_head_custom_js":"","_kad_blocks_body_custom_js":"","_kad_blocks_footer_custom_js":"","_kad_post_transparent":"","_kad_post_title":"","_kad_post_layout":"","_kad_post_sidebar_id":"","_kad_post_content_style":"","_kad_post_vertical_padding":"","_kad_post_feature":"","_kad_post_feature_position":"","_kad_post_header":false,"_kad_post_footer":false,"_kad_post_classname":""},"product-category":[90],"product-tag":[91],"products-by-department":[92],"class_list":["post-3466","product","type-product","status-publish","has-post-thumbnail","hentry","product-category-amnihook","product-tag-round-tip-with-a-protected-point-to-snag-the-membrane-as-the-perforator","products-by-department-obstetrics"],"acf":[],"taxonomy_info":{"product-category":[{"value":90,"label":"AmniHook"}],"product-tag":[{"value":91,"label":"Round tip with a protected point to snag the membrane as the perforator"}],"products-by-department":[{"value":92,"label":"Obstetrics"}]},"featured_image_src_large":["https:\/\/hanheng-medical.com\/wp-content\/uploads\/2025\/04\/AmniHookAmniotic-Membrane-PerforatorCurved-\u5f2f\u578b\u7f8a\u6c34\u94a9-2.jpg",800,800,false],"author_info":[],"comment_info":"","_links":{"self":[{"href":"https:\/\/hanheng-medical.com\/es\/wp-json\/wp\/v2\/product\/3466","targetHints":{"allow":["GET"]}}],"collection":[{"href":"https:\/\/hanheng-medical.com\/es\/wp-json\/wp\/v2\/product"}],"about":[{"href":"https:\/\/hanheng-medical.com\/es\/wp-json\/wp\/v2\/types\/product"}],"wp:featuredmedia":[{"embeddable":true,"href":"https:\/\/hanheng-medical.com\/es\/wp-json\/wp\/v2\/media\/3420"}],"wp:attachment":[{"href":"https:\/\/hanheng-medical.com\/es\/wp-json\/wp\/v2\/media?parent=3466"}],"wp:term":[{"taxonomy":"product-category","embeddable":true,"href":"https:\/\/hanheng-medical.com\/es\/wp-json\/wp\/v2\/product-category?post=3466"},{"taxonomy":"product-tag","embeddable":true,"href":"https:\/\/hanheng-medical.com\/es\/wp-json\/wp\/v2\/product-tag?post=3466"},{"taxonomy":"products-by-department","embeddable":true,"href":"https:\/\/hanheng-medical.com\/es\/wp-json\/wp\/v2\/products-by-department?post=3466"}],"curies":[{"name":"wp","href":"https:\/\/api.w.org\/{rel}","templated":true}]}}