{"id":3465,"date":"2025-04-22T08:30:04","date_gmt":"2025-04-22T08:30:04","guid":{"rendered":"https:\/\/hanheng.easiwin.com\/product\/dry-surgical-scrub-brush-hand-cleaning-and-disinfection-with-nail-cleaner\/"},"modified":"2025-04-22T08:30:04","modified_gmt":"2025-04-22T08:30:04","slug":"dry-surgical-scrub-brush-hand-cleaning-and-disinfection-with-nail-cleaner","status":"publish","type":"product","link":"https:\/\/hanheng-medical.com\/es\/product\/dry-surgical-scrub-brush-hand-cleaning-and-disinfection-with-nail-cleaner\/","title":{"rendered":"Cepillo Quir\u00fargico Seco\/Limpieza y Desinfecci\u00f3n de Manos\/ Con Limpiador de U\u00f1as"},"content":{"rendered":"<table>\n<tbody>\n<tr>\n<td>Especificaciones<\/td>\n<td>80*50*37mm (&plusmn;10%)<\/td>\n<\/tr>\n<tr>\n<td colspan=\"1\" rowspan=\"3\">\n<div>Material<\/div>\n<\/td>\n<td>Esponja de espuma con soporte de pl\u00e1stico<\/td>\n<\/tr>\n<tr>\n<td>Cuerpo de cepillo suave de LDPE<\/td>\n<\/tr>\n<tr>\n<td>Limpiador de u\u00f1as de PP<\/td>\n<\/tr>\n<tr>\n<td>Contenido<\/td>\n<td>Espuma, limpiador de u\u00f1as, cepillo quir\u00fargico<\/td>\n<\/tr>\n<tr>\n<td>Esterilizaci\u00f3n<\/td>\n<td>EO<\/td>\n<\/tr>\n<tr>\n<td>Paquete<\/td>\n<td>\n<div>\n<div>Envuelto individualmente y de un solo uso para una m\u00e1xima higiene y seguridad del paciente.<\/div>\n<\/div>\n<\/td>\n<\/tr>\n<tr>\n<td colspan=\"1\" rowspan=\"3\">\n<div>Precauci\u00f3n<\/div>\n<\/td>\n<td>No se utiliza para desinfectar dispositivos m\u00e9dicos invasivos.<\/td>\n<\/tr>\n<tr>\n<td>\n<div>\n<div>No lo utilice si el paquete est\u00e1 desempacado o da\u00f1ado.<\/div>\n<\/div>\n<\/td>\n<\/tr>\n<tr>\n<td>En caso de irritaci\u00f3n o erupci\u00f3n cut\u00e1nea, suspenda su uso<\/td>\n<\/tr>\n<\/tbody>\n<\/table>","protected":false},"featured_media":3427,"parent":0,"template":"","meta":{"_acf_changed":false,"_gspb_post_css":"","_kad_blocks_custom_css":"","_kad_blocks_head_custom_js":"","_kad_blocks_body_custom_js":"","_kad_blocks_footer_custom_js":"","_kad_post_transparent":"","_kad_post_title":"","_kad_post_layout":"","_kad_post_sidebar_id":"","_kad_post_content_style":"","_kad_post_vertical_padding":"","_kad_post_feature":"","_kad_post_feature_position":"","_kad_post_header":false,"_kad_post_footer":false,"_kad_post_classname":""},"product-category":[85],"product-tag":[86,87,88],"products-by-department":[89],"class_list":["post-3465","product","type-product","status-publish","has-post-thumbnail","hentry","product-category-surgical-scrub-brush","product-tag-double-sided-cleaning-head","product-tag-maximum-cleaning","product-tag-minimizing-skin-irritation","products-by-department-hospital-and-clinic-nursing"],"acf":[],"taxonomy_info":{"product-category":[{"value":85,"label":"Surgical Scrub Brush"}],"product-tag":[{"value":86,"label":"Double sided cleaning head"},{"value":87,"label":"Maximum cleaning"},{"value":88,"label":"Minimizing skin irritation"}],"products-by-department":[{"value":89,"label":"Hospital and clinic nursing"}]},"featured_image_src_large":["https:\/\/hanheng-medical.com\/wp-content\/uploads\/2025\/04\/Dry-Surgical-Scrub-BrushHand-Cleaning-and-Disinfection\u6d17\u624b\u5237-1.jpg",800,800,false],"author_info":[],"comment_info":"","_links":{"self":[{"href":"https:\/\/hanheng-medical.com\/es\/wp-json\/wp\/v2\/product\/3465","targetHints":{"allow":["GET"]}}],"collection":[{"href":"https:\/\/hanheng-medical.com\/es\/wp-json\/wp\/v2\/product"}],"about":[{"href":"https:\/\/hanheng-medical.com\/es\/wp-json\/wp\/v2\/types\/product"}],"wp:featuredmedia":[{"embeddable":true,"href":"https:\/\/hanheng-medical.com\/es\/wp-json\/wp\/v2\/media\/3427"}],"wp:attachment":[{"href":"https:\/\/hanheng-medical.com\/es\/wp-json\/wp\/v2\/media?parent=3465"}],"wp:term":[{"taxonomy":"product-category","embeddable":true,"href":"https:\/\/hanheng-medical.com\/es\/wp-json\/wp\/v2\/product-category?post=3465"},{"taxonomy":"product-tag","embeddable":true,"href":"https:\/\/hanheng-medical.com\/es\/wp-json\/wp\/v2\/product-tag?post=3465"},{"taxonomy":"products-by-department","embeddable":true,"href":"https:\/\/hanheng-medical.com\/es\/wp-json\/wp\/v2\/products-by-department?post=3465"}],"curies":[{"name":"wp","href":"https:\/\/api.w.org\/{rel}","templated":true}]}}