{"id":3462,"date":"2025-04-22T08:30:04","date_gmt":"2025-04-22T08:30:04","guid":{"rendered":"https:\/\/hanheng.easiwin.com\/product\/6-plastic-or-wooden-tongue-depressor-throat-or-tonsils-medical-examination-wax-applicator-sticks\/"},"modified":"2025-04-22T08:30:04","modified_gmt":"2025-04-22T08:30:04","slug":"6-plastic-or-wooden-tongue-depressor-throat-or-tonsils-medical-examination-wax-applicator-sticks","status":"publish","type":"product","link":"https:\/\/hanheng-medical.com\/es\/product\/6-plastic-or-wooden-tongue-depressor-throat-or-tonsils-medical-examination-wax-applicator-sticks\/","title":{"rendered":"Depresor Lingual de Pl\u00e1stico o Madera de 6&#8243;\/Examen M\u00e9dico de Garganta o Am\u00edgdalas\/Aplicadores de Cera"},"content":{"rendered":"<h2>Caracter\u00edsticas principales<\/h2>\n<ol>\n<li>M\u00faltiples aplicaciones: Entorno cl\u00ednico, aplicaci\u00f3n de pomadas, agitaci\u00f3n y mezcla de medicamentos, procedimientos veterinarios, proyectos de manualidades y usos industriales.<\/li>\n<li>Perfecto para la exploraci\u00f3n oral del paciente y el cuidado del paciente<\/li>\n<li>Productos de alta calidad que ofrecen un rendimiento constante<\/li>\n<li>Los productos a base de madera est\u00e1n hechos de abedul blanco<\/li>\n<li>Envueltos individualmente est\u00e9riles o sin envolver, no est\u00e9riles<\/li>\n<\/ol>\n<table style=\"width: 609px;\">\n<tbody>\n<tr>\n<td style=\"width: 220px;\">\n<p>Nombre del producto<\/p>\n<\/td>\n<td style=\"width: 373px;\">\n<p>Depresor de lengua<\/p>\n<\/td>\n<\/tr>\n<tr>\n<td style=\"width: 220px;\">\n<p>N\u00famero de art\u00edculo<\/p>\n<\/td>\n<td style=\"width: 373px;\">\n<p>8405<\/p>\n<\/td>\n<\/tr>\n<tr>\n<td style=\"width: 220px;\">\n<p>Com\u00fanmente utilizado para<\/p>\n<\/td>\n<td style=\"width: 373px;\">\n<p>Examinar la am\u00edgdala, el arco palatogloso, el arco faringopalatino, la pared posterior y otras aplicaciones.<\/p>\n<\/td>\n<\/tr>\n<tr>\n<td style=\"width: 220px;\">\n<p>Material<\/p>\n<\/td>\n<td style=\"width: 373px;\">\n<p>Polipropileno<\/p>\n<\/td>\n<\/tr>\n<tr>\n<td style=\"width: 220px;\">\n<p>Certificaci\u00f3n<\/p>\n<\/td>\n<td style=\"width: 373px;\">\n<p>CE0197,FDA, GOST-R,NMPA, ISO13485<\/p>\n<\/td>\n<\/tr>\n<tr>\n<td style=\"width: 220px;\">\n<p>Esterilizaci\u00f3n<\/p>\n<\/td>\n<td style=\"width: 373px;\">\n<p>EOS<\/p>\n<\/td>\n<\/tr>\n<tr>\n<td style=\"width: 220px;\">\n<p>Tiempo de vida \u00fatil<\/p>\n<\/td>\n<td style=\"width: 373px;\">\n<p>5 a\u00f1os<\/p>\n<\/td>\n<\/tr>\n<tr>\n<td style=\"width: 220px;\" rowspan=\"2\">\n<p>Medidas<\/p>\n<\/td>\n<td style=\"width: 373px;\">\n<p>Longitud total (L): 150+\/-5 mm<\/p>\n<\/td>\n<\/tr>\n<tr>\n<td style=\"width: 373px;\">\n<p>Di\u00e1metro del palito (D2): 18,5+\/-2 mm<\/p>\n<\/td>\n<\/tr>\n<tr>\n<td style=\"width: 220px;\">\n<p>C\u00f3digo SA<\/p>\n<\/td>\n<td style=\"width: 373px;\">\n<p>901890<\/p>\n<\/td>\n<\/tr>\n<\/tbody>\n<\/table>","protected":false},"featured_media":3456,"parent":0,"template":"","meta":{"_acf_changed":false,"_gspb_post_css":"","_kad_blocks_custom_css":"","_kad_blocks_head_custom_js":"","_kad_blocks_body_custom_js":"","_kad_blocks_footer_custom_js":"","_kad_post_transparent":"","_kad_post_title":"","_kad_post_layout":"","_kad_post_sidebar_id":"","_kad_post_content_style":"","_kad_post_vertical_padding":"","_kad_post_feature":"","_kad_post_feature_position":"","_kad_post_header":false,"_kad_post_footer":false,"_kad_post_classname":""},"product-category":[79],"product-tag":[80],"products-by-department":[81],"class_list":["post-3462","product","type-product","status-publish","has-post-thumbnail","hentry","product-category-tongue-depressor","product-tag-oral-patient-examination","products-by-department-e-n-t-department"],"acf":[],"taxonomy_info":{"product-category":[{"value":79,"label":"Tongue Depressor"}],"product-tag":[{"value":80,"label":"oral patient examination"}],"products-by-department":[{"value":81,"label":"E.N.T. department"}]},"featured_image_src_large":["https:\/\/hanheng-medical.com\/wp-content\/uploads\/2025\/04\/Plastic-or-Wooden-Tongue-DepressorThroat-or-Tonsils-Medical-ExaminationWax-Applicator-Sticks84051-01.jpg",800,800,false],"author_info":[],"comment_info":"","_links":{"self":[{"href":"https:\/\/hanheng-medical.com\/es\/wp-json\/wp\/v2\/product\/3462","targetHints":{"allow":["GET"]}}],"collection":[{"href":"https:\/\/hanheng-medical.com\/es\/wp-json\/wp\/v2\/product"}],"about":[{"href":"https:\/\/hanheng-medical.com\/es\/wp-json\/wp\/v2\/types\/product"}],"wp:featuredmedia":[{"embeddable":true,"href":"https:\/\/hanheng-medical.com\/es\/wp-json\/wp\/v2\/media\/3456"}],"wp:attachment":[{"href":"https:\/\/hanheng-medical.com\/es\/wp-json\/wp\/v2\/media?parent=3462"}],"wp:term":[{"taxonomy":"product-category","embeddable":true,"href":"https:\/\/hanheng-medical.com\/es\/wp-json\/wp\/v2\/product-category?post=3462"},{"taxonomy":"product-tag","embeddable":true,"href":"https:\/\/hanheng-medical.com\/es\/wp-json\/wp\/v2\/product-tag?post=3462"},{"taxonomy":"products-by-department","embeddable":true,"href":"https:\/\/hanheng-medical.com\/es\/wp-json\/wp\/v2\/products-by-department?post=3462"}],"curies":[{"name":"wp","href":"https:\/\/api.w.org\/{rel}","templated":true}]}}