{"id":3337,"date":"2025-04-15T01:09:12","date_gmt":"2025-04-15T01:09:12","guid":{"rendered":"https:\/\/hanheng.easiwin.com\/product\/wooden-endocervical-spatulaarye-vaginal-spatula-specimen-collection-from-ectocervix-and-posterior-fornix-cells\/"},"modified":"2025-05-09T07:46:56","modified_gmt":"2025-05-09T07:46:56","slug":"wooden-endocervical-spatulaarye-vaginal-spatula-specimen-collection-from-ectocervix-and-posterior-fornix-cells","status":"publish","type":"product","link":"https:\/\/hanheng-medical.com\/es\/product\/wooden-endocervical-spatulaarye-vaginal-spatula-specimen-collection-from-ectocervix-and-posterior-fornix-cells\/","title":{"rendered":"Esp\u00e1tula endocervical de madera (Arye)\/Esp\u00e1tula vaginal\/Recolecci\u00f3n de muestras de c\u00e9lulas del ectoc\u00e9rvix y del f\u00f3rnix posterior"},"content":{"rendered":"<h2>Caracter\u00edsticas principales<\/h2>\n<ol>\n<li>Hoja plana y lisa: Minimiza las molestias al recolectar c\u00e9lulas.<\/li>\n<li>Punta angular o contorneada: Dise\u00f1ada para llegar al ectoc\u00e9rvix y, a veces, al canal endocervical.<\/li>\n<li>De un solo uso (generalmente): Garantiza la higiene y reduce el riesgo de contaminaci\u00f3n cruzada.<\/li>\n<li>Hecho de pl\u00e1stico o madera: Ligero y desechable.<\/li>\n<li>Esterilizaci\u00f3n y vida \u00fatil: Disponible como esterilizado con ETO con una vida \u00fatil de 5 a\u00f1os o en una opci\u00f3n no est\u00e9ril.<\/li>\n<li>Embalaje flexible y uso: Envuelto individualmente o disponible a granel, dise\u00f1ado para un solo uso.<\/li>\n<li>Seguro e hipoalerg\u00e9nico: Sin l\u00e1tex, lo que minimiza el riesgo de reacciones al\u00e9rgicas.<\/li>\n<\/ol>\n<table>\n<tbody>\n<tr>\n<td>Nombre del producto<\/td>\n<td>Esp\u00e1tula vaginal desechable (Arye)<\/td>\n<\/tr>\n<tr>\n<td>N\u00famero de art\u00edculo<\/td>\n<td>8408<\/td>\n<\/tr>\n<tr>\n<td>Material<\/td>\n<td>Madera<\/td>\n<\/tr>\n<tr>\n<td>Certificaci\u00f3n<\/td>\n<td>CE0197,FDA, GOST-R,NMPA, ISO13485<\/td>\n<\/tr>\n<tr>\n<td>Esterilizaci\u00f3n<\/td>\n<td>EOS<\/td>\n<\/tr>\n<tr>\n<td>Tiempo de vida \u00fatil<\/td>\n<td>5 a\u00f1os<\/td>\n<\/tr>\n<tr>\n<td rowspan=\"4\">Medidas<\/td>\n<td>Longitud total (L): 178+\/-5 mm<\/td>\n<\/tr>\n<tr>\n<td>Di\u00e1metro de la cabeza (D1): 18+\/-2 mm<\/td>\n<\/tr>\n<tr>\n<td>Di\u00e1metro de la cabeza (D2): 16,5+\/-2 mm;<\/td>\n<\/tr>\n<tr>\n<td>Di\u00e1metro del mango (D3): 7,2+\/-1 mm;<\/td>\n<\/tr>\n<tr>\n<td>C\u00f3digo SA<\/td>\n<td>901890<\/td>\n<\/tr>\n<\/tbody>\n<\/table>","protected":false},"featured_media":3365,"parent":0,"template":"","meta":{"_acf_changed":true,"_gspb_post_css":"","_kad_blocks_custom_css":"","_kad_blocks_head_custom_js":"","_kad_blocks_body_custom_js":"","_kad_blocks_footer_custom_js":"","_kad_post_transparent":"","_kad_post_title":"","_kad_post_layout":"","_kad_post_sidebar_id":"","_kad_post_content_style":"","_kad_post_vertical_padding":"","_kad_post_feature":"","_kad_post_feature_position":"","_kad_post_header":false,"_kad_post_footer":false,"_kad_post_classname":""},"product-category":[78],"product-tag":[29,34,30,35],"products-by-department":[33],"class_list":["post-3337","product","type-product","status-publish","has-post-thumbnail","hentry","product-category-disposable-cervical-spatula","product-tag-gynaecological-examinations","product-tag-hpv","product-tag-liquid-based-cytology","product-tag-pap","products-by-department-gynecology"],"acf":[],"taxonomy_info":{"product-category":[{"value":78,"label":"Disposable Cervical Spatula"}],"product-tag":[{"value":29,"label":"Gynaecological Examinations"},{"value":34,"label":"Hpv"},{"value":30,"label":"Liquid-Based Cytology"},{"value":35,"label":"Pap"}],"products-by-department":[{"value":33,"label":"Gynecology"}]},"featured_image_src_large":["https:\/\/hanheng-medical.com\/wp-content\/uploads\/2025\/04\/Wooden-Endocervical-SpatulaAryeVaginal-SpatulaSpecimen-Collection-from-Ectocervix-and-Posterior-fornix-cells8408-2.jpg",800,800,false],"author_info":[],"comment_info":"","_links":{"self":[{"href":"https:\/\/hanheng-medical.com\/es\/wp-json\/wp\/v2\/product\/3337","targetHints":{"allow":["GET"]}}],"collection":[{"href":"https:\/\/hanheng-medical.com\/es\/wp-json\/wp\/v2\/product"}],"about":[{"href":"https:\/\/hanheng-medical.com\/es\/wp-json\/wp\/v2\/types\/product"}],"wp:featuredmedia":[{"embeddable":true,"href":"https:\/\/hanheng-medical.com\/es\/wp-json\/wp\/v2\/media\/3365"}],"wp:attachment":[{"href":"https:\/\/hanheng-medical.com\/es\/wp-json\/wp\/v2\/media?parent=3337"}],"wp:term":[{"taxonomy":"product-category","embeddable":true,"href":"https:\/\/hanheng-medical.com\/es\/wp-json\/wp\/v2\/product-category?post=3337"},{"taxonomy":"product-tag","embeddable":true,"href":"https:\/\/hanheng-medical.com\/es\/wp-json\/wp\/v2\/product-tag?post=3337"},{"taxonomy":"products-by-department","embeddable":true,"href":"https:\/\/hanheng-medical.com\/es\/wp-json\/wp\/v2\/products-by-department?post=3337"}],"curies":[{"name":"wp","href":"https:\/\/api.w.org\/{rel}","templated":true}]}}